{"id":34979,"date":"2023-04-18T15:29:17","date_gmt":"2023-04-18T13:29:17","guid":{"rendered":"https:\/\/www.pharmacieonline.lu\/?post_type=product&#038;p=34979"},"modified":"2026-04-07T21:55:18","modified_gmt":"2026-04-07T19:55:18","slug":"bepanthen-tattoo-onguent-50-gr","status":"publish","type":"product","link":"https:\/\/www.pharmacieonline.lu\/de\/produit\/bepanthen-tattoo-onguent-50-gr\/","title":{"rendered":"BEPANTHEN TATTOO ONGUENT 50 GR"},"content":{"rendered":"<p>Nachdem Sie Ihr Tattoo bekommen haben, wird empfohlen, es mit Bepanthol\u00ae Tattoo zu pflegen. Dadurch erh\u00f6hen sich die Chancen auf ein ansprechendes Ergebnis.<\/p>\n<p>Bei der Nachsorge einer Wunde ist es wichtig, die Haut atmen zu lassen, um den Heilungsprozess zu f\u00f6rdern. Es wird daher empfohlen, w\u00e4hrend der Nachsorge Ihrer T\u00e4towierung Ihre Haut atmen zu lassen. Wenn Ihre Haut nicht atmen kann, ist das Infektionsrisiko h\u00f6her.<\/p>\n<p>Bepanthol\u00ae Tattoo ist f\u00fcr t\u00e4towierte Haut geeignet. Die Pomade l\u00e4sst sich leicht in einer d\u00fcnnen Schicht auftragen und enth\u00e4lt keine Konservierungs- oder Duftstoffe. Es bildet eine transparente Schicht, die die Haut atmen l\u00e4sst.<\/p>\n<p>Sanfter Schutz mit Pro-Vitamin B5 f\u00fcr schnelle Hautreparatur. Von T\u00e4towierern empfohlen.<\/p>\n<p>Indikation<br \/>\nTattoo nach Salbe.<\/p>\n<p>Verwenden<br \/>\nSobald Sie den T\u00e4towierer verlassen, ist Ihr Tattoo verpackt. Es wird Ihnen sagen, wann Sie die Folie entfernen k\u00f6nnen. Folgen Sie dann diesen Schritten:<\/p>\n<p>Waschen Sie das Tattoo mindestens einmal t\u00e4glich mit lauwarmem Wasser und einer milden, parf\u00fcmfreien Seife.<br \/>\nLassen Sie das Tattoo in Ruhe, damit sich die oberfl\u00e4chliche Haut schlie\u00dfen kann.<br \/>\nVermeiden Sie mindestens 15 Tage lang den Kontakt mit Meerwasser, Schwimmb\u00e4dern und der Sonne.<br \/>\nReinigen Sie das Tattoo nicht mit Alkohol.<br \/>\nLassen Sie die Krusten so lange wie m\u00f6glich und warten Sie.<\/p>\n<p>Nach dem Schlie\u00dfen der Haut Bepanthol\u00ae Tattoo in einer d\u00fcnnen Schicht auftragen und sanft einmassieren, bis die Salbe vollst\u00e4ndig eingezogen ist. Wiederholen Sie dies 2-4 mal t\u00e4glich f\u00fcr etwa 10-15 Tage, um das beste Ergebnis zu erzielen. Bepanthol\u00ae Tattoo-Salbe sch\u00fctzt und stellt t\u00e4towierte Haut wieder her.<\/p>\n<p>2 bis 4 mal am Tag<br \/>\n10 bis 15 Tage<\/p>\n<p>Komposition<br \/>\nAQUA, LANOLIN, PARAFFINUM LIQUIDUM, PETROLATUM, PANTHENOL, PRUNUS AMYGDALUS DULCIS \u00d6L, CERA ALBA, CETYLALKOHOL, STEARYLALKOHOL, OZOKERIT, GLYCERYLOLEAT, LANOLINALCHOHOL.<\/p>","protected":false},"excerpt":{"rendered":"<p>Nachdem Sie Ihr Tattoo bekommen haben, wird empfohlen, es mit Bepanthol\u00ae Tattoo zu pflegen. Dadurch erh\u00f6hen sich die Chancen auf ein ansprechendes Ergebnis. Bei der Nachsorge einer Wunde ist es wichtig, die Haut atmen zu lassen, um den Heilungsprozess zu f\u00f6rdern. Es wird daher empfohlen, w\u00e4hrend der Nachsorge Ihrer T\u00e4towierung Ihre Haut atmen zu lassen. [&hellip;]<\/p>\n","protected":false},"featured_media":34983,"template":"","meta":{"_acf_changed":false,"footnotes":""},"product_brand":[],"product_cat":[47,42,762],"product_tag":[],"class_list":{"0":"post-34979","1":"product","2":"type-product","3":"status-publish","4":"has-post-thumbnail","6":"product_cat-dermocosmetique","7":"product_cat-para-pharmacie","8":"product_cat-peaux-a-problemes","10":"first","11":"instock","12":"taxable","13":"shipping-taxable","14":"purchasable","15":"product-type-simple"},"acf":[],"_links":{"self":[{"href":"https:\/\/www.pharmacieonline.lu\/de\/wp-json\/wp\/v2\/product\/34979","targetHints":{"allow":["GET"]}}],"collection":[{"href":"https:\/\/www.pharmacieonline.lu\/de\/wp-json\/wp\/v2\/product"}],"about":[{"href":"https:\/\/www.pharmacieonline.lu\/de\/wp-json\/wp\/v2\/types\/product"}],"version-history":[{"count":0,"href":"https:\/\/www.pharmacieonline.lu\/de\/wp-json\/wp\/v2\/product\/34979\/revisions"}],"wp:featuredmedia":[{"embeddable":true,"href":"https:\/\/www.pharmacieonline.lu\/de\/wp-json\/wp\/v2\/media\/34983"}],"wp:attachment":[{"href":"https:\/\/www.pharmacieonline.lu\/de\/wp-json\/wp\/v2\/media?parent=34979"}],"wp:term":[{"taxonomy":"product_brand","embeddable":true,"href":"https:\/\/www.pharmacieonline.lu\/de\/wp-json\/wp\/v2\/product_brand?post=34979"},{"taxonomy":"product_cat","embeddable":true,"href":"https:\/\/www.pharmacieonline.lu\/de\/wp-json\/wp\/v2\/product_cat?post=34979"},{"taxonomy":"product_tag","embeddable":true,"href":"https:\/\/www.pharmacieonline.lu\/de\/wp-json\/wp\/v2\/product_tag?post=34979"}],"curies":[{"name":"wp","href":"https:\/\/api.w.org\/{rel}","templated":true}]}}