{"id":35084,"date":"2023-04-24T11:32:13","date_gmt":"2023-04-24T09:32:13","guid":{"rendered":"https:\/\/www.pharmacieonline.lu\/?post_type=product&#038;p=35084"},"modified":"2026-04-22T00:25:16","modified_gmt":"2026-04-21T22:25:16","slug":"valdispert-sleep-40-cpr","status":"publish","type":"product","link":"https:\/\/www.pharmacieonline.lu\/de\/produit\/valdispert-sleep-40-cpr\/","title":{"rendered":"VALDISPERT SLEEP 40 CPR"},"content":{"rendered":"<p>Indikation<\/p>\n<p>Stress und Nervosit\u00e4t am Tag k\u00f6nnen das Einschlafen erschweren und eine ganze Nacht ohne Aufwachen vergehen. Umgekehrt kann ein gest\u00f6rter Schlaf durch Gr\u00fcbeln im Bett, das Gef\u00fchl, nicht einschlafen zu k\u00f6nnen, &#8230; &#8230; wiederum tags\u00fcber M\u00fcdigkeit, Reizbarkeit und ein Gef\u00fchl von Stress und Nervosit\u00e4t erzeugen.<\/p>\n<p>Valdispert bietet Ihnen heute eine Reihe von Medikamenten an, die Ihnen helfen k\u00f6nnen, den Teufelskreis aus Schlafst\u00f6rungen und Stress zu durchbrechen.<\/p>\n<p>Valdispert-Medikamente:<br \/>\nKlinisch nachgewiesene Wirksamkeit<br \/>\nIn Apotheken ohne Rezept erh\u00e4ltlich<br \/>\n\u00b7 Es ist nicht bekannt, dass es abh\u00e4ngig macht<br \/>\nGut vertr\u00e4glich f\u00fcr den K\u00f6rper<\/p>\n<p>Valdispert Sleep ist ein pflanzliches Arzneimittel (Baldrian und Passionsblume), das Ihnen helfen kann, Ihre Schlafqualit\u00e4t zu verbessern.<\/p>\n<p>Verwenden<br \/>\nErwachsene und Kinder &gt; 12 Jahre<\/p>\n<p>1 bis 2 Tabletten eine halbe Stunde vor dem Schlafengehen.<br \/>\nBei Bedarf eine zus\u00e4tzliche Tablette fr\u00fcher am Abend<\/p>\n<p>Verwaltungsmodus<\/p>\n<p>Schlucken Sie die Tabletten unzerkaut mit Wasser oder einer anderen Fl\u00fcssigkeit<br \/>\nDie Tabletten sollten nicht gekaut werden<\/p>\n<p>1 bis 2 Tabletten eine halbe Stunde vor dem Schlafengehen. Bei Bedarf eine zus\u00e4tzliche Tablette fr\u00fcher am Abend.<\/p>\n<p>Komposition<\/p>\n<p>Jede Tablette enth\u00e4lt 125 mg Trockenextrakt aus der Wurzel (Valeriana officinalis L.) (3-6:1) L\u00f6sungsmittel f\u00fcr die Extraktion: 70 % Ethanol und 250 mg Trockenextrakt aus Passiflora incarnata L. (5-7:1); f\u00fcr die Extraktion verwendetes L\u00f6sungsmittel: 50 % Ethanol. Hilfsstoffe: Glucose und Saccharose.<\/p>","protected":false},"excerpt":{"rendered":"<p>Indikation Stress und Nervosit\u00e4t am Tag k\u00f6nnen das Einschlafen erschweren und eine ganze Nacht ohne Aufwachen vergehen. Umgekehrt kann ein gest\u00f6rter Schlaf durch Gr\u00fcbeln im Bett, das Gef\u00fchl, nicht einschlafen zu k\u00f6nnen, &#8230; &#8230; wiederum tags\u00fcber M\u00fcdigkeit, Reizbarkeit und ein Gef\u00fchl von Stress und Nervosit\u00e4t erzeugen. Valdispert bietet Ihnen heute eine Reihe von Medikamenten an, [&hellip;]<\/p>\n","protected":false},"featured_media":35088,"template":"","meta":{"_acf_changed":false,"footnotes":""},"product_brand":[],"product_cat":[42,43,781],"product_tag":[],"class_list":{"0":"post-35084","1":"product","2":"type-product","3":"status-publish","4":"has-post-thumbnail","6":"product_cat-para-pharmacie","7":"product_cat-medicaments-en-vente-libre","8":"product_cat-sommeil-stress","10":"first","11":"outofstock","12":"taxable","13":"shipping-taxable","14":"purchasable","15":"product-type-simple"},"acf":[],"_links":{"self":[{"href":"https:\/\/www.pharmacieonline.lu\/de\/wp-json\/wp\/v2\/product\/35084","targetHints":{"allow":["GET"]}}],"collection":[{"href":"https:\/\/www.pharmacieonline.lu\/de\/wp-json\/wp\/v2\/product"}],"about":[{"href":"https:\/\/www.pharmacieonline.lu\/de\/wp-json\/wp\/v2\/types\/product"}],"version-history":[{"count":0,"href":"https:\/\/www.pharmacieonline.lu\/de\/wp-json\/wp\/v2\/product\/35084\/revisions"}],"wp:featuredmedia":[{"embeddable":true,"href":"https:\/\/www.pharmacieonline.lu\/de\/wp-json\/wp\/v2\/media\/35088"}],"wp:attachment":[{"href":"https:\/\/www.pharmacieonline.lu\/de\/wp-json\/wp\/v2\/media?parent=35084"}],"wp:term":[{"taxonomy":"product_brand","embeddable":true,"href":"https:\/\/www.pharmacieonline.lu\/de\/wp-json\/wp\/v2\/product_brand?post=35084"},{"taxonomy":"product_cat","embeddable":true,"href":"https:\/\/www.pharmacieonline.lu\/de\/wp-json\/wp\/v2\/product_cat?post=35084"},{"taxonomy":"product_tag","embeddable":true,"href":"https:\/\/www.pharmacieonline.lu\/de\/wp-json\/wp\/v2\/product_tag?post=35084"}],"curies":[{"name":"wp","href":"https:\/\/api.w.org\/{rel}","templated":true}]}}