{"id":35458,"date":"2023-05-12T11:24:22","date_gmt":"2023-05-12T09:24:22","guid":{"rendered":"https:\/\/www.pharmacieonline.lu\/?post_type=product&#038;p=35458"},"modified":"2026-04-14T11:55:18","modified_gmt":"2026-04-14T09:55:18","slug":"pk-wb-adulte-junior-2-baskets","status":"publish","type":"product","link":"https:\/\/www.pharmacieonline.lu\/de\/produit\/pk-wb-adulte-junior-2-baskets\/","title":{"rendered":"PK WB ADULTE JUNIOR 2 BASKETS"},"content":{"rendered":"<p>M\u00fcckenschutzarmband, wasserbest\u00e4ndig und hergestellt in Frankreich.<\/p>\n<p>Schutzdauer: 2 x 15 Tage.<\/p>\n<p>ZUSAMMENSETZUNG<\/p>\n<p>\u00c4therische \u00d6le und Geraniol.<\/p>","protected":false},"excerpt":{"rendered":"<p>M\u00fcckenschutzarmband, wasserbest\u00e4ndig und hergestellt in Frankreich. Schutzdauer: 2 x 15 Tage. ZUSAMMENSETZUNG \u00c4therische \u00d6le und Geraniol.<\/p>\n","protected":false},"featured_media":35460,"template":"","meta":{"_acf_changed":false,"footnotes":""},"product_brand":[],"product_cat":[42,929],"product_tag":[],"class_list":{"0":"post-35458","1":"product","2":"type-product","3":"status-publish","4":"has-post-thumbnail","6":"product_cat-para-pharmacie","7":"product_cat-anti-moustique","9":"first","10":"instock","11":"taxable","12":"shipping-taxable","13":"purchasable","14":"product-type-simple"},"acf":[],"_links":{"self":[{"href":"https:\/\/www.pharmacieonline.lu\/de\/wp-json\/wp\/v2\/product\/35458","targetHints":{"allow":["GET"]}}],"collection":[{"href":"https:\/\/www.pharmacieonline.lu\/de\/wp-json\/wp\/v2\/product"}],"about":[{"href":"https:\/\/www.pharmacieonline.lu\/de\/wp-json\/wp\/v2\/types\/product"}],"version-history":[{"count":0,"href":"https:\/\/www.pharmacieonline.lu\/de\/wp-json\/wp\/v2\/product\/35458\/revisions"}],"wp:featuredmedia":[{"embeddable":true,"href":"https:\/\/www.pharmacieonline.lu\/de\/wp-json\/wp\/v2\/media\/35460"}],"wp:attachment":[{"href":"https:\/\/www.pharmacieonline.lu\/de\/wp-json\/wp\/v2\/media?parent=35458"}],"wp:term":[{"taxonomy":"product_brand","embeddable":true,"href":"https:\/\/www.pharmacieonline.lu\/de\/wp-json\/wp\/v2\/product_brand?post=35458"},{"taxonomy":"product_cat","embeddable":true,"href":"https:\/\/www.pharmacieonline.lu\/de\/wp-json\/wp\/v2\/product_cat?post=35458"},{"taxonomy":"product_tag","embeddable":true,"href":"https:\/\/www.pharmacieonline.lu\/de\/wp-json\/wp\/v2\/product_tag?post=35458"}],"curies":[{"name":"wp","href":"https:\/\/api.w.org\/{rel}","templated":true}]}}