{"id":356,"date":"2020-11-25T17:26:39","date_gmt":"2020-11-25T16:26:39","guid":{"rendered":"https:\/\/www.pharmacieonline.lu\/produit\/lohmann-dauerbinde-f-10-cm-7-m\/"},"modified":"2026-04-27T20:25:49","modified_gmt":"2026-04-27T18:25:49","slug":"lohmann-dauerbinde-f-10-cm-7-m","status":"publish","type":"product","link":"https:\/\/www.pharmacieonline.lu\/de\/produit\/lohmann-dauerbinde-f-10-cm-7-m\/","title":{"rendered":"LOHMANN DAUERBINDE F 10 CM * 7 M"},"content":{"rendered":"<p>Erweiterte Dehnung und Vielseitigkeit: Diese Attribute beschreiben Dauerbinde K- und F-Bandagen. Beide werden zur Unterst\u00fctzung und Entlastung von B\u00e4ndern und Gelenken verwendet. Der hohe Ruhedruck des langen Dehnungsbandes erfordert dessen Entfernung, wenn der Patient ruht und nachts. Die einfache Handhabung des Dauerbinde-Verbandes erm\u00f6glicht das Anlegen auch f\u00fcr ungewohnte Benutzer. Die B\u00e4nder passen sich gut an den betroffenen K\u00f6rperteil an, sind sehr d\u00fcnn, robust und leicht zu pflegen.<\/p>\n<p>Indikation<br \/>\nzur Immobilisierung von K\u00f6rperteilen<br \/>\nzum Befestigen von Bandagen<br \/>\nzur Komprimierung<br \/>\nKomposition<br \/>\n82% Baumwolle<br \/>\n13% Polyamid<br \/>\n5% Elasthan<\/p>","protected":false},"excerpt":{"rendered":"<p>Erweiterte Dehnung und Vielseitigkeit: Diese Attribute beschreiben Dauerbinde K- und F-Bandagen. Beide werden zur Unterst\u00fctzung und Entlastung von B\u00e4ndern und Gelenken verwendet. Der hohe Ruhedruck des langen Dehnungsbandes erfordert dessen Entfernung, wenn der Patient ruht und nachts. Die einfache Handhabung des Dauerbinde-Verbandes erm\u00f6glicht das Anlegen auch f\u00fcr ungewohnte Benutzer. Die B\u00e4nder passen sich gut an [&hellip;]<\/p>\n","protected":false},"featured_media":14454,"template":"","meta":{"_acf_changed":false,"footnotes":""},"product_brand":[],"product_cat":[775,142,45],"product_tag":[],"class_list":{"0":"post-356","1":"product","2":"type-product","3":"status-publish","4":"has-post-thumbnail","6":"product_cat-premiers-soins-plaies-brulures","7":"product_cat-contention-veineuse","8":"product_cat-materiel-medical","10":"first","11":"instock","12":"taxable","13":"shipping-taxable","14":"purchasable","15":"product-type-simple"},"acf":[],"_links":{"self":[{"href":"https:\/\/www.pharmacieonline.lu\/de\/wp-json\/wp\/v2\/product\/356","targetHints":{"allow":["GET"]}}],"collection":[{"href":"https:\/\/www.pharmacieonline.lu\/de\/wp-json\/wp\/v2\/product"}],"about":[{"href":"https:\/\/www.pharmacieonline.lu\/de\/wp-json\/wp\/v2\/types\/product"}],"version-history":[{"count":0,"href":"https:\/\/www.pharmacieonline.lu\/de\/wp-json\/wp\/v2\/product\/356\/revisions"}],"wp:featuredmedia":[{"embeddable":true,"href":"https:\/\/www.pharmacieonline.lu\/de\/wp-json\/wp\/v2\/media\/14454"}],"wp:attachment":[{"href":"https:\/\/www.pharmacieonline.lu\/de\/wp-json\/wp\/v2\/media?parent=356"}],"wp:term":[{"taxonomy":"product_brand","embeddable":true,"href":"https:\/\/www.pharmacieonline.lu\/de\/wp-json\/wp\/v2\/product_brand?post=356"},{"taxonomy":"product_cat","embeddable":true,"href":"https:\/\/www.pharmacieonline.lu\/de\/wp-json\/wp\/v2\/product_cat?post=356"},{"taxonomy":"product_tag","embeddable":true,"href":"https:\/\/www.pharmacieonline.lu\/de\/wp-json\/wp\/v2\/product_tag?post=356"}],"curies":[{"name":"wp","href":"https:\/\/api.w.org\/{rel}","templated":true}]}}