{"id":35642,"date":"2023-05-15T10:22:52","date_gmt":"2023-05-15T08:22:52","guid":{"rendered":"https:\/\/www.pharmacieonline.lu\/?post_type=product&#038;p=35642"},"modified":"2026-04-08T15:55:19","modified_gmt":"2026-04-08T13:55:19","slug":"parakito-bracelet-adulte-graphic-marin","status":"publish","type":"product","link":"https:\/\/www.pharmacieonline.lu\/de\/produit\/parakito-bracelet-adulte-graphic-marin\/","title":{"rendered":"PARAKITO BRACELET ADULTE GRAPHIC MARIN"},"content":{"rendered":"<p>M\u00fcckenschutzarmband, wasserbest\u00e4ndig und hergestellt in Frankreich.<\/p>\n<p>Schutzdauer: 2 x 15 Tage.<\/p>\n<p>ZUSAMMENSETZUNG<\/p>\n<p>\u00c4therische \u00d6le und Geraniol.<\/p>","protected":false},"excerpt":{"rendered":"<p>M\u00fcckenschutzarmband, wasserbest\u00e4ndig und hergestellt in Frankreich. Schutzdauer: 2 x 15 Tage. ZUSAMMENSETZUNG \u00c4therische \u00d6le und Geraniol.<\/p>\n","protected":false},"featured_media":35644,"template":"","meta":{"_acf_changed":false,"footnotes":""},"product_brand":[],"product_cat":[42,929],"product_tag":[],"class_list":{"0":"post-35642","1":"product","2":"type-product","3":"status-publish","4":"has-post-thumbnail","6":"product_cat-para-pharmacie","7":"product_cat-anti-moustique","9":"first","10":"outofstock","11":"taxable","12":"shipping-taxable","13":"purchasable","14":"product-type-simple"},"acf":[],"_links":{"self":[{"href":"https:\/\/www.pharmacieonline.lu\/de\/wp-json\/wp\/v2\/product\/35642","targetHints":{"allow":["GET"]}}],"collection":[{"href":"https:\/\/www.pharmacieonline.lu\/de\/wp-json\/wp\/v2\/product"}],"about":[{"href":"https:\/\/www.pharmacieonline.lu\/de\/wp-json\/wp\/v2\/types\/product"}],"version-history":[{"count":0,"href":"https:\/\/www.pharmacieonline.lu\/de\/wp-json\/wp\/v2\/product\/35642\/revisions"}],"wp:featuredmedia":[{"embeddable":true,"href":"https:\/\/www.pharmacieonline.lu\/de\/wp-json\/wp\/v2\/media\/35644"}],"wp:attachment":[{"href":"https:\/\/www.pharmacieonline.lu\/de\/wp-json\/wp\/v2\/media?parent=35642"}],"wp:term":[{"taxonomy":"product_brand","embeddable":true,"href":"https:\/\/www.pharmacieonline.lu\/de\/wp-json\/wp\/v2\/product_brand?post=35642"},{"taxonomy":"product_cat","embeddable":true,"href":"https:\/\/www.pharmacieonline.lu\/de\/wp-json\/wp\/v2\/product_cat?post=35642"},{"taxonomy":"product_tag","embeddable":true,"href":"https:\/\/www.pharmacieonline.lu\/de\/wp-json\/wp\/v2\/product_tag?post=35642"}],"curies":[{"name":"wp","href":"https:\/\/api.w.org\/{rel}","templated":true}]}}