{"id":35678,"date":"2023-05-15T16:22:11","date_gmt":"2023-05-15T14:22:11","guid":{"rendered":"https:\/\/www.pharmacieonline.lu\/?post_type=product&#038;p=35678"},"modified":"2026-04-28T02:40:28","modified_gmt":"2026-04-28T00:40:28","slug":"pures-articulation-gel-60-ml","status":"publish","type":"product","link":"https:\/\/www.pharmacieonline.lu\/de\/produit\/pures-articulation-gel-60-ml\/","title":{"rendered":"PURES ARTICULATION GEL 60 ML"},"content":{"rendered":"<p>Dieses Gel hilft, Schmerzen im Bewegungsapparat zu lindern. Es ist ideal zur Beruhigung gro\u00dfer, kurviger Bereiche oder kleiner Gelenke.<\/p>\n<p>RATSCHL\u00c4GE NUTZEN<br \/>\nTragen Sie zweimal t\u00e4glich eine kleine Menge dieses Puressentiel Joints &amp; Muscles-Gels auf empfindliche Gelenk- und Muskelbereiche (R\u00fccken, Nacken, Schultern, Ellbogen, Handgelenke, H\u00e4nde, H\u00fcften, Knie, Kn\u00f6chel, F\u00fc\u00dfe) auf, um f\u00fcr Wohlbefinden und Linderung zu sorgen. Massieren Sie das Gel gut ein. Denken Sie daran, Ihre H\u00e4nde nach jedem Gebrauch gr\u00fcndlich zu waschen.<\/p>\n<p>KOMPOSITION<br \/>\n\u00c4therische \u00d6le: Cajeput, r\u00f6mische Kamille, Nelke, kugelf\u00f6rmiger Eukalyptus, Wintergr\u00fcn, Wacholder, Lavandin Grosso, Muschelmajoran, Pfefferminze, Niaouli, Muskatnuss, Waldkiefer, Rosmarin, Cineol, Terpentin.<\/p>","protected":false},"excerpt":{"rendered":"<p>Dieses Gel hilft, Schmerzen im Bewegungsapparat zu lindern. Es ist ideal zur Beruhigung gro\u00dfer, kurviger Bereiche oder kleiner Gelenke. RATSCHL\u00c4GE NUTZEN Tragen Sie zweimal t\u00e4glich eine kleine Menge dieses Puressentiel Joints &amp; Muscles-Gels auf empfindliche Gelenk- und Muskelbereiche (R\u00fccken, Nacken, Schultern, Ellbogen, Handgelenke, H\u00e4nde, H\u00fcften, Knie, Kn\u00f6chel, F\u00fc\u00dfe) auf, um f\u00fcr Wohlbefinden und Linderung zu [&hellip;]<\/p>\n","protected":false},"featured_media":35681,"template":"","meta":{"_acf_changed":false,"footnotes":""},"product_brand":[],"product_cat":[42,95,92],"product_tag":[],"class_list":{"0":"post-35678","1":"product","2":"type-product","3":"status-publish","4":"has-post-thumbnail","6":"product_cat-para-pharmacie","7":"product_cat-usage-externe","8":"product_cat-douleurs-musculaires","10":"first","11":"instock","12":"taxable","13":"shipping-taxable","14":"purchasable","15":"product-type-simple"},"acf":[],"_links":{"self":[{"href":"https:\/\/www.pharmacieonline.lu\/de\/wp-json\/wp\/v2\/product\/35678","targetHints":{"allow":["GET"]}}],"collection":[{"href":"https:\/\/www.pharmacieonline.lu\/de\/wp-json\/wp\/v2\/product"}],"about":[{"href":"https:\/\/www.pharmacieonline.lu\/de\/wp-json\/wp\/v2\/types\/product"}],"version-history":[{"count":0,"href":"https:\/\/www.pharmacieonline.lu\/de\/wp-json\/wp\/v2\/product\/35678\/revisions"}],"wp:featuredmedia":[{"embeddable":true,"href":"https:\/\/www.pharmacieonline.lu\/de\/wp-json\/wp\/v2\/media\/35681"}],"wp:attachment":[{"href":"https:\/\/www.pharmacieonline.lu\/de\/wp-json\/wp\/v2\/media?parent=35678"}],"wp:term":[{"taxonomy":"product_brand","embeddable":true,"href":"https:\/\/www.pharmacieonline.lu\/de\/wp-json\/wp\/v2\/product_brand?post=35678"},{"taxonomy":"product_cat","embeddable":true,"href":"https:\/\/www.pharmacieonline.lu\/de\/wp-json\/wp\/v2\/product_cat?post=35678"},{"taxonomy":"product_tag","embeddable":true,"href":"https:\/\/www.pharmacieonline.lu\/de\/wp-json\/wp\/v2\/product_tag?post=35678"}],"curies":[{"name":"wp","href":"https:\/\/api.w.org\/{rel}","templated":true}]}}