{"id":35782,"date":"2023-05-19T11:53:27","date_gmt":"2023-05-19T09:53:27","guid":{"rendered":"https:\/\/www.pharmacieonline.lu\/?post_type=product&#038;p=35782"},"modified":"2026-04-10T00:25:38","modified_gmt":"2026-04-09T22:25:38","slug":"physiomance-sugarless-30gel","status":"publish","type":"product","link":"https:\/\/www.pharmacieonline.lu\/de\/produit\/physiomance-sugarless-30gel\/","title":{"rendered":"PHYSIOMANCE SUGARLESS 30GEL"},"content":{"rendered":"<p>Reduziert die Aufnahme von Kohlenhydraten und Blutzucker nach den Mahlzeiten.<\/p>\n<p>RATSCHL\u00c4GE<\/p>\n<p>1 Kapsel t\u00e4glich zur Hauptmahlzeit oder wie von Ihrem Arzt empfohlen.<\/p>\n<p>KOMPOSITION<\/p>\n<p>Wei\u00dfer Maulbeerblattextrakt Reducose\u00ae (Morus alba), titriert in 1-Desoxynojirimycin, F\u00fcllstoff: Akaziengummi, Tunika pflanzlichen Ursprungs: Hydroxypropylmethylcellulose, Zimtrindenextrakt (Cinnamomum verum), titriert in Proanthocyanidinen, Trennmittel: Fetts\u00e4uren.<\/p>","protected":false},"excerpt":{"rendered":"<p>Reduziert die Aufnahme von Kohlenhydraten und Blutzucker nach den Mahlzeiten. RATSCHL\u00c4GE 1 Kapsel t\u00e4glich zur Hauptmahlzeit oder wie von Ihrem Arzt empfohlen. KOMPOSITION Wei\u00dfer Maulbeerblattextrakt Reducose\u00ae (Morus alba), titriert in 1-Desoxynojirimycin, F\u00fcllstoff: Akaziengummi, Tunika pflanzlichen Ursprungs: Hydroxypropylmethylcellulose, Zimtrindenextrakt (Cinnamomum verum), titriert in Proanthocyanidinen, Trennmittel: Fetts\u00e4uren.<\/p>\n","protected":false},"featured_media":35784,"template":"","meta":{"_acf_changed":false,"footnotes":""},"product_brand":[],"product_cat":[953],"product_tag":[],"class_list":{"0":"post-35782","1":"product","2":"type-product","3":"status-publish","4":"has-post-thumbnail","6":"product_cat-complements-alimentaires","8":"first","9":"instock","10":"sale","11":"taxable","12":"shipping-taxable","13":"purchasable","14":"product-type-simple"},"acf":[],"_links":{"self":[{"href":"https:\/\/www.pharmacieonline.lu\/de\/wp-json\/wp\/v2\/product\/35782","targetHints":{"allow":["GET"]}}],"collection":[{"href":"https:\/\/www.pharmacieonline.lu\/de\/wp-json\/wp\/v2\/product"}],"about":[{"href":"https:\/\/www.pharmacieonline.lu\/de\/wp-json\/wp\/v2\/types\/product"}],"version-history":[{"count":0,"href":"https:\/\/www.pharmacieonline.lu\/de\/wp-json\/wp\/v2\/product\/35782\/revisions"}],"wp:featuredmedia":[{"embeddable":true,"href":"https:\/\/www.pharmacieonline.lu\/de\/wp-json\/wp\/v2\/media\/35784"}],"wp:attachment":[{"href":"https:\/\/www.pharmacieonline.lu\/de\/wp-json\/wp\/v2\/media?parent=35782"}],"wp:term":[{"taxonomy":"product_brand","embeddable":true,"href":"https:\/\/www.pharmacieonline.lu\/de\/wp-json\/wp\/v2\/product_brand?post=35782"},{"taxonomy":"product_cat","embeddable":true,"href":"https:\/\/www.pharmacieonline.lu\/de\/wp-json\/wp\/v2\/product_cat?post=35782"},{"taxonomy":"product_tag","embeddable":true,"href":"https:\/\/www.pharmacieonline.lu\/de\/wp-json\/wp\/v2\/product_tag?post=35782"}],"curies":[{"name":"wp","href":"https:\/\/api.w.org\/{rel}","templated":true}]}}