{"id":360,"date":"2020-11-25T17:26:39","date_gmt":"2020-11-25T16:26:39","guid":{"rendered":"https:\/\/www.pharmacieonline.lu\/produit\/mefix-10-cm-10-m-311000\/"},"modified":"2026-04-28T06:25:21","modified_gmt":"2026-04-28T04:25:21","slug":"mefix-10-cm-10-m-311000","status":"publish","type":"product","link":"https:\/\/www.pharmacieonline.lu\/de\/produit\/mefix-10-cm-10-m-311000\/","title":{"rendered":"MEFIX 10 CM * 10 M                311000"},"content":{"rendered":"<p>Mefix\u00ae kann verwendet werden, um eine Vielzahl von Verb\u00e4nden und Ger\u00e4ten auf der Haut zu befestigen &#8211; einschlie\u00dflich Pads, Kathetern und Schl\u00e4uchen. Mefix wird in 10-cm-Abschnitten vorgemessen &#8211; so kann es leicht dimensioniert und auf Ihre Bed\u00fcrfnisse zugeschnitten werden. Das Tr\u00e4gerpapier hat au\u00dferdem alle 10 cm perforierte Linien, sodass Sie es leicht auftragen und entfernen k\u00f6nnen. Dank seines Klebstoffs auf Wasserbasis sorgt es f\u00fcr eine feste Fixierung, ohne die Haut zu reizen.<\/p>\n<p>Hautfreundlicher, l\u00f6sungsmittelfreier Klebstoff auf Wasserbasis<br \/>\nSchutzpapier erleichtert das Messen und Schneiden der gew\u00fcnschten Menge<br \/>\nFlexibles Material, das sich an die K\u00f6rperlinien anpasst und Bewegungsfreiheit erm\u00f6glicht<br \/>\nDurchl\u00e4ssig f\u00fcr Luft und Wasser, um eine Mazeration der Haut zu verhindern<\/p>","protected":false},"excerpt":{"rendered":"<p>Mefix\u00ae kann verwendet werden, um eine Vielzahl von Verb\u00e4nden und Ger\u00e4ten auf der Haut zu befestigen &#8211; einschlie\u00dflich Pads, Kathetern und Schl\u00e4uchen. Mefix wird in 10-cm-Abschnitten vorgemessen &#8211; so kann es leicht dimensioniert und auf Ihre Bed\u00fcrfnisse zugeschnitten werden. Das Tr\u00e4gerpapier hat au\u00dferdem alle 10 cm perforierte Linien, sodass Sie es leicht auftragen und entfernen [&hellip;]<\/p>\n","protected":false},"featured_media":5401,"template":"","meta":{"_acf_changed":false,"footnotes":""},"product_brand":[],"product_cat":[775,792,45],"product_tag":[],"class_list":{"0":"post-360","1":"product","2":"type-product","3":"status-publish","4":"has-post-thumbnail","6":"product_cat-premiers-soins-plaies-brulures","7":"product_cat-adhesifs-sparadraps-tape","8":"product_cat-materiel-medical","10":"first","11":"instock","12":"taxable","13":"shipping-taxable","14":"purchasable","15":"product-type-simple"},"acf":[],"_links":{"self":[{"href":"https:\/\/www.pharmacieonline.lu\/de\/wp-json\/wp\/v2\/product\/360","targetHints":{"allow":["GET"]}}],"collection":[{"href":"https:\/\/www.pharmacieonline.lu\/de\/wp-json\/wp\/v2\/product"}],"about":[{"href":"https:\/\/www.pharmacieonline.lu\/de\/wp-json\/wp\/v2\/types\/product"}],"version-history":[{"count":0,"href":"https:\/\/www.pharmacieonline.lu\/de\/wp-json\/wp\/v2\/product\/360\/revisions"}],"wp:featuredmedia":[{"embeddable":true,"href":"https:\/\/www.pharmacieonline.lu\/de\/wp-json\/wp\/v2\/media\/5401"}],"wp:attachment":[{"href":"https:\/\/www.pharmacieonline.lu\/de\/wp-json\/wp\/v2\/media?parent=360"}],"wp:term":[{"taxonomy":"product_brand","embeddable":true,"href":"https:\/\/www.pharmacieonline.lu\/de\/wp-json\/wp\/v2\/product_brand?post=360"},{"taxonomy":"product_cat","embeddable":true,"href":"https:\/\/www.pharmacieonline.lu\/de\/wp-json\/wp\/v2\/product_cat?post=360"},{"taxonomy":"product_tag","embeddable":true,"href":"https:\/\/www.pharmacieonline.lu\/de\/wp-json\/wp\/v2\/product_tag?post=360"}],"curies":[{"name":"wp","href":"https:\/\/api.w.org\/{rel}","templated":true}]}}