{"id":36162,"date":"2023-06-19T11:59:36","date_gmt":"2023-06-19T09:59:36","guid":{"rendered":"https:\/\/www.pharmacieonline.lu\/?post_type=product&#038;p=36162"},"modified":"2026-04-10T21:55:16","modified_gmt":"2026-04-10T19:55:16","slug":"nuxe-hair-le-demelant-200ml","status":"publish","type":"product","link":"https:\/\/www.pharmacieonline.lu\/de\/produit\/nuxe-hair-le-demelant-200ml\/","title":{"rendered":"NUXE HAIR LE DEMELANT 200ML"},"content":{"rendered":"<p>Hair Prodigieux \u2013 Fangen Sie das Licht ein<\/p>\n<p>Verwandeln Sie Ihr Haar mit der sublimierenden Kraft von fermentiertem rosa Kamelien\u00f6l!<br \/>\nDer Shine Mirror Detangler ist das Ergebnis der Expertise des Nuxe-Labors im Bereich Pflanzen\u00f6le und entwirrt das Haar sofort und parf\u00fcmiert es zart. Diese ohne Silikone formulierte Sp\u00fclung mit fermentiertem rosa Kamelien\u00f6l pflegt die Haarfaser intensiv. Seine Balsamtextur mit dem mythischen Duft von Huile Prodigieuse\u00ae umh\u00fcllt das Haar f\u00fcr ein unglaubliches Sinnesritual. Das Haar strotzt nur so vor Glanz und f\u00fchlt sich s\u00fcchtig machend seidig an.<\/p>\n<p>Aus der 1. Bewerbung (1):<br \/>\n&#8211; F\u00fcr 90 % der Benutzer l\u00e4sst sich das Haar leicht entwirren.<br \/>\n&#8211; Das Haar wird bei 90 % der Benutzer mit Feuchtigkeit versorgt.<br \/>\n&#8211; Das Haar ist bei 90 % der Anwender seidig.<br \/>\n&#8211; Das Haar ist f\u00fcr 90 % der Benutzer weich.<\/p>\n<p>Nach 12 Anwendungen (2):<br \/>\n&#8211; Noch intensiverer Glanz: + 40 % Glanz (2)<\/p>\n<p>(1) Anwendungstest \u2013 21 Frauen \u2013 % Zufriedenheit unmittelbar nach der Anwendung.<br \/>\n(2) Instrumenteller Dochttest \u2013 % Verbesserung nach 12 Anwendungen.<br \/>\n95 % Inhaltsstoffe nat\u00fcrlichen Ursprungs.<br \/>\nIn Frankreich formulierte und hergestellte Pflege.<\/p>","protected":false},"excerpt":{"rendered":"<p>Hair Prodigieux \u2013 Fangen Sie das Licht ein Verwandeln Sie Ihr Haar mit der sublimierenden Kraft von fermentiertem rosa Kamelien\u00f6l! Der Shine Mirror Detangler ist das Ergebnis der Expertise des Nuxe-Labors im Bereich Pflanzen\u00f6le und entwirrt das Haar sofort und parf\u00fcmiert es zart. Diese ohne Silikone formulierte Sp\u00fclung mit fermentiertem rosa Kamelien\u00f6l pflegt die Haarfaser [&hellip;]<\/p>\n","protected":false},"featured_media":36165,"template":"","meta":{"_acf_changed":false,"footnotes":""},"product_brand":[],"product_cat":[42,74,53],"product_tag":[],"class_list":{"0":"post-36162","1":"product","2":"type-product","3":"status-publish","4":"has-post-thumbnail","6":"product_cat-para-pharmacie","7":"product_cat-apres-shampoing-et-soins","8":"product_cat-cheveux","10":"first","11":"instock","12":"taxable","13":"shipping-taxable","14":"purchasable","15":"product-type-simple"},"acf":[],"_links":{"self":[{"href":"https:\/\/www.pharmacieonline.lu\/de\/wp-json\/wp\/v2\/product\/36162","targetHints":{"allow":["GET"]}}],"collection":[{"href":"https:\/\/www.pharmacieonline.lu\/de\/wp-json\/wp\/v2\/product"}],"about":[{"href":"https:\/\/www.pharmacieonline.lu\/de\/wp-json\/wp\/v2\/types\/product"}],"version-history":[{"count":0,"href":"https:\/\/www.pharmacieonline.lu\/de\/wp-json\/wp\/v2\/product\/36162\/revisions"}],"wp:featuredmedia":[{"embeddable":true,"href":"https:\/\/www.pharmacieonline.lu\/de\/wp-json\/wp\/v2\/media\/36165"}],"wp:attachment":[{"href":"https:\/\/www.pharmacieonline.lu\/de\/wp-json\/wp\/v2\/media?parent=36162"}],"wp:term":[{"taxonomy":"product_brand","embeddable":true,"href":"https:\/\/www.pharmacieonline.lu\/de\/wp-json\/wp\/v2\/product_brand?post=36162"},{"taxonomy":"product_cat","embeddable":true,"href":"https:\/\/www.pharmacieonline.lu\/de\/wp-json\/wp\/v2\/product_cat?post=36162"},{"taxonomy":"product_tag","embeddable":true,"href":"https:\/\/www.pharmacieonline.lu\/de\/wp-json\/wp\/v2\/product_tag?post=36162"}],"curies":[{"name":"wp","href":"https:\/\/api.w.org\/{rel}","templated":true}]}}