{"id":36169,"date":"2023-06-19T15:25:57","date_gmt":"2023-06-19T13:25:57","guid":{"rendered":"https:\/\/www.pharmacieonline.lu\/?post_type=product&#038;p=36169"},"modified":"2026-04-06T04:25:20","modified_gmt":"2026-04-06T02:25:20","slug":"nuxe-hair-le-masque-125ml","status":"publish","type":"product","link":"https:\/\/www.pharmacieonline.lu\/de\/produit\/nuxe-hair-le-masque-125ml\/","title":{"rendered":"NUXE HAIR LE MASQUE 125ML"},"content":{"rendered":"<p>Hair Prodigieux \u2013 Fangen Sie das Licht ein<\/p>\n<p>Verwandeln Sie Ihr Haar mit der sublimierenden Kraft von fermentiertem rosa Kamelien\u00f6l!<br \/>\nDie Pre-Shampoo Nutrition Mask basiert auf der Expertise des Nuxe-Labors zu Pflanzen\u00f6len und ist eine wirklich au\u00dfergew\u00f6hnliche Behandlung. Diese silikonfreie Maske mit fermentiertem Kamelien-Rosen\u00f6l pflegt und repariert die Haarfaser intensiv. Diese \u00d6lbehandlung mit dem mythischen Duft von Huile Prodigieuse\u00ae umh\u00fcllt das Haar f\u00fcr ein unglaubliches Sinnesritual. Das Haar strotzt nur so vor Glanz und f\u00fchlt sich s\u00fcchtig machend seidig an.<\/p>\n<p>Ab der 1. Anwendung<\/p>\n<p>&#8211; Das Haar ist bei 95 % der Anwender seidig<br \/>\n&#8211; Bei 91 % der Anwender ist das Haar mit Feuchtigkeit versorgt<br \/>\n&#8211; Bei 100 % der Benutzer ist das Haar hell<\/p>\n<p>&nbsp;<\/p>\n<p>Nach 12 Anwendungen:<br \/>\n&#8211; Gepflegtes Haar: + 50 % N\u00e4hrstoffe<br \/>\n&#8211; Noch intensiverer Glanz: + 48 % Glanz<\/p>","protected":false},"excerpt":{"rendered":"<p>Hair Prodigieux \u2013 Fangen Sie das Licht ein Verwandeln Sie Ihr Haar mit der sublimierenden Kraft von fermentiertem rosa Kamelien\u00f6l! Die Pre-Shampoo Nutrition Mask basiert auf der Expertise des Nuxe-Labors zu Pflanzen\u00f6len und ist eine wirklich au\u00dfergew\u00f6hnliche Behandlung. Diese silikonfreie Maske mit fermentiertem Kamelien-Rosen\u00f6l pflegt und repariert die Haarfaser intensiv. Diese \u00d6lbehandlung mit dem mythischen [&hellip;]<\/p>\n","protected":false},"featured_media":36174,"template":"","meta":{"_acf_changed":false,"footnotes":""},"product_brand":[],"product_cat":[42,53],"product_tag":[],"class_list":{"0":"post-36169","1":"product","2":"type-product","3":"status-publish","4":"has-post-thumbnail","6":"product_cat-para-pharmacie","7":"product_cat-cheveux","9":"first","10":"instock","11":"taxable","12":"shipping-taxable","13":"purchasable","14":"product-type-simple"},"acf":[],"_links":{"self":[{"href":"https:\/\/www.pharmacieonline.lu\/de\/wp-json\/wp\/v2\/product\/36169","targetHints":{"allow":["GET"]}}],"collection":[{"href":"https:\/\/www.pharmacieonline.lu\/de\/wp-json\/wp\/v2\/product"}],"about":[{"href":"https:\/\/www.pharmacieonline.lu\/de\/wp-json\/wp\/v2\/types\/product"}],"version-history":[{"count":0,"href":"https:\/\/www.pharmacieonline.lu\/de\/wp-json\/wp\/v2\/product\/36169\/revisions"}],"wp:featuredmedia":[{"embeddable":true,"href":"https:\/\/www.pharmacieonline.lu\/de\/wp-json\/wp\/v2\/media\/36174"}],"wp:attachment":[{"href":"https:\/\/www.pharmacieonline.lu\/de\/wp-json\/wp\/v2\/media?parent=36169"}],"wp:term":[{"taxonomy":"product_brand","embeddable":true,"href":"https:\/\/www.pharmacieonline.lu\/de\/wp-json\/wp\/v2\/product_brand?post=36169"},{"taxonomy":"product_cat","embeddable":true,"href":"https:\/\/www.pharmacieonline.lu\/de\/wp-json\/wp\/v2\/product_cat?post=36169"},{"taxonomy":"product_tag","embeddable":true,"href":"https:\/\/www.pharmacieonline.lu\/de\/wp-json\/wp\/v2\/product_tag?post=36169"}],"curies":[{"name":"wp","href":"https:\/\/api.w.org\/{rel}","templated":true}]}}