{"id":36329,"date":"2023-06-22T18:21:07","date_gmt":"2023-06-22T16:21:07","guid":{"rendered":"https:\/\/www.pharmacieonline.lu\/?post_type=product&#038;p=36329"},"modified":"2026-04-03T09:55:18","modified_gmt":"2026-04-03T07:55:18","slug":"couleurs-de-noir-prep-prime-eyes-01trans","status":"publish","type":"product","link":"https:\/\/www.pharmacieonline.lu\/de\/produit\/couleurs-de-noir-prep-prime-eyes-01trans\/","title":{"rendered":"COULEURS DE NOIR PREP PRIME EYES 01TRANS"},"content":{"rendered":"<p>Eine langanhaltende Grundierung, die die Augenlider mit Feuchtigkeit versorgt und der Alterung vorbeugt. Es beh\u00e4lt die Farbe Ihres Lidschattens den ganzen Tag \u00fcber und verhindert die Bildung von Falten.<\/p>\n<p>Warum lieben wir es?<\/p>\n<p>Ricinus Communis-\u00d6l, auch bekannt als hydriertes Rizinus\u00f6l, hat einzigartige feuchtigkeitsspendende Eigenschaften, da es sowohl oleophil als auch hydrophil ist. Es bildet eine n\u00e4hrende Schicht auf der Haut, die den transepidermalen Wasserverlust (TEWL) verhindert und gleichzeitig Wasser anzieht, um die Haut mit Feuchtigkeit zu versorgen.<br \/>\nDas Samen\u00f6l von Brassica Campestris, auch Raps\u00f6l genannt, ist ein nat\u00fcrliches \u00d6l mit antioxidativen Eigenschaften. Es sch\u00fctzt die Haut vor Sch\u00e4den durch freie Radikale und beugt Pigmentierung und Hautalterung vor.<br \/>\nNatriumhyaluronat, ein Derivat der Hyalurons\u00e4ure (HA), hat starke feuchtigkeitsspendende Eigenschaften. Es ist ein mit der Haut identischer Inhaltsstoff, der ihr hilft, ihren Wasserhaushalt aufrechtzuerhalten.<br \/>\nPanthenol, auch bekannt als Provitamin B5, zieht Feuchtigkeit in der Haut an und speichert sie, w\u00e4hrend es gleichzeitig den transepidermalen Wasserverlust (TEWL) verringert.<\/p>\n<p>VERWENDEN<\/p>\n<p>Auf das gesamte Augenlid und in der Lidfalte auftragen. Lassen Sie den Lidschatten eine Minute trocknen, bevor Sie ihn auftragen.<\/p>\n<p>KOMPOSITION<\/p>\n<p>ISODODECAN, SYNTHETISCHES WACHS, C13-15-ALKANE, SUCROSEACETAT-ISOBUTYRAT, DEXTRIN PALMITAT, KAOLIN, BRASSICA CAMPESTRIS-SAMEN\u00d6L \/ BRASSICA CAMPESTRIS (RAPS)-SAMEN\u00d6L, POLYETHYLEN, RICINUS COMMUNIS-SAMEN\u00d6L \/ RICINUS COMMUNIS (CASTOR)-SAMEN\u00d6L, TABEBUIA IMPE TIGINOSA-RINDE EXTRAKT, PENTAERYTHRITYL TETRA-DI-T-BUTYL HYDROXYHYDROZINNAMAT, POLYGLYCERYL-3 DISOSTEARAT, NATRIUMHYALURONAT, PANTHENOL, GLYCERIN [+\/- CI 77891 \/ TITANDIOXID]<\/p>","protected":false},"excerpt":{"rendered":"<p>Eine langanhaltende Grundierung, die die Augenlider mit Feuchtigkeit versorgt und der Alterung vorbeugt. Es beh\u00e4lt die Farbe Ihres Lidschattens den ganzen Tag \u00fcber und verhindert die Bildung von Falten. Warum lieben wir es? Ricinus Communis-\u00d6l, auch bekannt als hydriertes Rizinus\u00f6l, hat einzigartige feuchtigkeitsspendende Eigenschaften, da es sowohl oleophil als auch hydrophil ist. Es bildet eine [&hellip;]<\/p>\n","protected":false},"featured_media":36330,"template":"","meta":{"_acf_changed":false,"footnotes":""},"product_brand":[],"product_cat":[47,763,42],"product_tag":[],"class_list":{"0":"post-36329","1":"product","2":"type-product","3":"status-publish","4":"has-post-thumbnail","6":"product_cat-dermocosmetique","7":"product_cat-maquillages","8":"product_cat-para-pharmacie","10":"first","11":"instock","12":"sale","13":"taxable","14":"shipping-taxable","15":"purchasable","16":"product-type-simple"},"acf":[],"_links":{"self":[{"href":"https:\/\/www.pharmacieonline.lu\/de\/wp-json\/wp\/v2\/product\/36329","targetHints":{"allow":["GET"]}}],"collection":[{"href":"https:\/\/www.pharmacieonline.lu\/de\/wp-json\/wp\/v2\/product"}],"about":[{"href":"https:\/\/www.pharmacieonline.lu\/de\/wp-json\/wp\/v2\/types\/product"}],"version-history":[{"count":0,"href":"https:\/\/www.pharmacieonline.lu\/de\/wp-json\/wp\/v2\/product\/36329\/revisions"}],"wp:featuredmedia":[{"embeddable":true,"href":"https:\/\/www.pharmacieonline.lu\/de\/wp-json\/wp\/v2\/media\/36330"}],"wp:attachment":[{"href":"https:\/\/www.pharmacieonline.lu\/de\/wp-json\/wp\/v2\/media?parent=36329"}],"wp:term":[{"taxonomy":"product_brand","embeddable":true,"href":"https:\/\/www.pharmacieonline.lu\/de\/wp-json\/wp\/v2\/product_brand?post=36329"},{"taxonomy":"product_cat","embeddable":true,"href":"https:\/\/www.pharmacieonline.lu\/de\/wp-json\/wp\/v2\/product_cat?post=36329"},{"taxonomy":"product_tag","embeddable":true,"href":"https:\/\/www.pharmacieonline.lu\/de\/wp-json\/wp\/v2\/product_tag?post=36329"}],"curies":[{"name":"wp","href":"https:\/\/api.w.org\/{rel}","templated":true}]}}