{"id":36381,"date":"2023-06-27T15:56:43","date_gmt":"2023-06-27T13:56:43","guid":{"rendered":"https:\/\/www.pharmacieonline.lu\/?post_type=product&#038;p=36381"},"modified":"2026-04-03T11:55:18","modified_gmt":"2026-04-03T09:55:18","slug":"biosynex-trousse-first-1-a-2-pers","status":"publish","type":"product","link":"https:\/\/www.pharmacieonline.lu\/de\/produit\/biosynex-trousse-first-1-a-2-pers\/","title":{"rendered":"BIOSYNEX TROUSSE FIRST 1 A 2 PERS"},"content":{"rendered":"<p>Das Erste-Hilfe-Set von Biosynex ist ein tragbares Set, das f\u00fcr 1 bis 2 Personen geeignet ist.<\/p>\n<p>Es enth\u00e4lt mehrere wesentliche Produkte:<\/p>\n<p>1 Dreieckstuch<br \/>\n1 \u00dcberlebensdecke<br \/>\n2 Stretchb\u00e4nder 3 m x 7 cm<br \/>\n1 Paar Untersuchungshandschuhe aus Vinyl<br \/>\n1 Schere 8cm<br \/>\n10 Heftpflaster 19 x 72 mm<br \/>\n1 Rolle Stoffpflaster 5 m<br \/>\n2 Mulltupfer 5 cm x 5 cm<br \/>\n1 Splitterzange.<\/p>","protected":false},"excerpt":{"rendered":"<p>Das Erste-Hilfe-Set von Biosynex ist ein tragbares Set, das f\u00fcr 1 bis 2 Personen geeignet ist. Es enth\u00e4lt mehrere wesentliche Produkte: 1 Dreieckstuch 1 \u00dcberlebensdecke 2 Stretchb\u00e4nder 3 m x 7 cm 1 Paar Untersuchungshandschuhe aus Vinyl 1 Schere 8cm 10 Heftpflaster 19 x 72 mm 1 Rolle Stoffpflaster 5 m 2 Mulltupfer 5 cm [&hellip;]<\/p>\n","protected":false},"featured_media":36395,"template":"","meta":{"_acf_changed":false,"footnotes":""},"product_brand":[],"product_cat":[42,775],"product_tag":[],"class_list":{"0":"post-36381","1":"product","2":"type-product","3":"status-publish","4":"has-post-thumbnail","6":"product_cat-para-pharmacie","7":"product_cat-premiers-soins-plaies-brulures","9":"first","10":"outofstock","11":"taxable","12":"shipping-taxable","13":"purchasable","14":"product-type-simple"},"acf":[],"_links":{"self":[{"href":"https:\/\/www.pharmacieonline.lu\/de\/wp-json\/wp\/v2\/product\/36381","targetHints":{"allow":["GET"]}}],"collection":[{"href":"https:\/\/www.pharmacieonline.lu\/de\/wp-json\/wp\/v2\/product"}],"about":[{"href":"https:\/\/www.pharmacieonline.lu\/de\/wp-json\/wp\/v2\/types\/product"}],"version-history":[{"count":0,"href":"https:\/\/www.pharmacieonline.lu\/de\/wp-json\/wp\/v2\/product\/36381\/revisions"}],"wp:featuredmedia":[{"embeddable":true,"href":"https:\/\/www.pharmacieonline.lu\/de\/wp-json\/wp\/v2\/media\/36395"}],"wp:attachment":[{"href":"https:\/\/www.pharmacieonline.lu\/de\/wp-json\/wp\/v2\/media?parent=36381"}],"wp:term":[{"taxonomy":"product_brand","embeddable":true,"href":"https:\/\/www.pharmacieonline.lu\/de\/wp-json\/wp\/v2\/product_brand?post=36381"},{"taxonomy":"product_cat","embeddable":true,"href":"https:\/\/www.pharmacieonline.lu\/de\/wp-json\/wp\/v2\/product_cat?post=36381"},{"taxonomy":"product_tag","embeddable":true,"href":"https:\/\/www.pharmacieonline.lu\/de\/wp-json\/wp\/v2\/product_tag?post=36381"}],"curies":[{"name":"wp","href":"https:\/\/api.w.org\/{rel}","templated":true}]}}