{"id":365,"date":"2020-11-25T17:26:39","date_gmt":"2020-11-25T16:26:39","guid":{"rendered":"https:\/\/www.pharmacieonline.lu\/produit\/melolin-st-1010-cm-10-compr\/"},"modified":"2026-04-28T01:55:39","modified_gmt":"2026-04-27T23:55:39","slug":"melolin-st-1010-cm-10-compr","status":"publish","type":"product","link":"https:\/\/www.pharmacieonline.lu\/de\/produit\/melolin-st-1010-cm-10-compr\/","title":{"rendered":"MELOLIN ST 10*10 CM 10 COMPR"},"content":{"rendered":"<p>Saugf\u00e4higes nicht haftendes Pad<\/p>\n<p>Indikation<br \/>\nJede Art von Licht bis zu m\u00e4\u00dfig ausstr\u00f6menden Wunden<\/p>","protected":false},"excerpt":{"rendered":"<p>Saugf\u00e4higes nicht haftendes Pad Indikation Jede Art von Licht bis zu m\u00e4\u00dfig ausstr\u00f6menden Wunden<\/p>\n","protected":false},"featured_media":14470,"template":"","meta":{"_acf_changed":false,"footnotes":""},"product_brand":[],"product_cat":[775,790,45],"product_tag":[],"class_list":{"0":"post-365","1":"product","2":"type-product","3":"status-publish","4":"has-post-thumbnail","6":"product_cat-premiers-soins-plaies-brulures","7":"product_cat-compresses-tulles-plaques","8":"product_cat-materiel-medical","10":"first","11":"instock","12":"taxable","13":"shipping-taxable","14":"purchasable","15":"product-type-simple"},"acf":[],"_links":{"self":[{"href":"https:\/\/www.pharmacieonline.lu\/de\/wp-json\/wp\/v2\/product\/365","targetHints":{"allow":["GET"]}}],"collection":[{"href":"https:\/\/www.pharmacieonline.lu\/de\/wp-json\/wp\/v2\/product"}],"about":[{"href":"https:\/\/www.pharmacieonline.lu\/de\/wp-json\/wp\/v2\/types\/product"}],"version-history":[{"count":0,"href":"https:\/\/www.pharmacieonline.lu\/de\/wp-json\/wp\/v2\/product\/365\/revisions"}],"wp:featuredmedia":[{"embeddable":true,"href":"https:\/\/www.pharmacieonline.lu\/de\/wp-json\/wp\/v2\/media\/14470"}],"wp:attachment":[{"href":"https:\/\/www.pharmacieonline.lu\/de\/wp-json\/wp\/v2\/media?parent=365"}],"wp:term":[{"taxonomy":"product_brand","embeddable":true,"href":"https:\/\/www.pharmacieonline.lu\/de\/wp-json\/wp\/v2\/product_brand?post=365"},{"taxonomy":"product_cat","embeddable":true,"href":"https:\/\/www.pharmacieonline.lu\/de\/wp-json\/wp\/v2\/product_cat?post=365"},{"taxonomy":"product_tag","embeddable":true,"href":"https:\/\/www.pharmacieonline.lu\/de\/wp-json\/wp\/v2\/product_tag?post=365"}],"curies":[{"name":"wp","href":"https:\/\/api.w.org\/{rel}","templated":true}]}}