{"id":36552,"date":"2023-07-04T11:57:36","date_gmt":"2023-07-04T09:57:36","guid":{"rendered":"https:\/\/www.pharmacieonline.lu\/?post_type=product&#038;p=36552"},"modified":"2026-04-09T12:25:45","modified_gmt":"2026-04-09T10:25:45","slug":"aderma-protect-xtrem-stick-invis-f50","status":"publish","type":"product","link":"https:\/\/www.pharmacieonline.lu\/de\/produit\/aderma-protect-xtrem-stick-invis-f50\/","title":{"rendered":"ADERMA PROTECT XTREM STICK INVIS F50+"},"content":{"rendered":"<p>Dieser Sonnenstift sch\u00fctzt empfindliche Haut vor den sch\u00e4dlichen Auswirkungen der Sonne, st\u00e4rkt die Hautbarriere und hilft, das Zellkapital zu sichern. Ideal f\u00fcr die empfindlichsten Bereiche (Nase, Ohren, Stirn, Narben, T\u00e4towierungen&#8230;), immer und \u00fcberall.<\/p>\n<p>RATSCHL\u00c4GE<br \/>\nVor Sonneneinstrahlung auftragen und h\u00e4ufig erneut auftragen, um den Schutz aufrechtzuerhalten, insbesondere nach dem Schwimmen oder Abtrocknen und Schwitzen.<br \/>\nH\u00e4ufig und gro\u00dfz\u00fcgig auf die zu sch\u00fctzende Stelle auftragen.<\/p>\n<p>KOMPOSITION<br \/>\nOCTYLDODECANOL. POLYETHYLEN. Butylenglykol-Kokosat. HYDRIERTES MIKROKRISTALLINES WACHS. BIS-ETHYLHEXYLOXYPHENOLMETHOXYPHENYLTRIAZIN. DIETHYLAMINO-HYDROXYBENZOYL-HEXYL-BENZOAT. DIETHYLHEXYL BUTAMIDO TRIAZON. BUTYLMETHOXYDIBENZOYLMETHAN. ETHYLHEXYLSALICYLAT. BIENENWACHS (CERA ALBA). Hydriertes Rizinus\u00f6l. AVENA SATIVA (HAFER) SPROUT\u00d6L. ALUMINIUMHYDROXID. Dinatriumstearoylglutamat. SACCHARIN. TITANDIOXID (CI 77891)<\/p>","protected":false},"excerpt":{"rendered":"<p>Dieser Sonnenstift sch\u00fctzt empfindliche Haut vor den sch\u00e4dlichen Auswirkungen der Sonne, st\u00e4rkt die Hautbarriere und hilft, das Zellkapital zu sichern. Ideal f\u00fcr die empfindlichsten Bereiche (Nase, Ohren, Stirn, Narben, T\u00e4towierungen&#8230;), immer und \u00fcberall. RATSCHL\u00c4GE Vor Sonneneinstrahlung auftragen und h\u00e4ufig erneut auftragen, um den Schutz aufrechtzuerhalten, insbesondere nach dem Schwimmen oder Abtrocknen und Schwitzen. H\u00e4ufig und [&hellip;]<\/p>\n","protected":false},"featured_media":36555,"template":"","meta":{"_acf_changed":false,"footnotes":""},"product_brand":[],"product_cat":[42,68,52],"product_tag":[],"class_list":{"0":"post-36552","1":"product","2":"type-product","3":"status-publish","4":"has-post-thumbnail","6":"product_cat-para-pharmacie","7":"product_cat-solaires-pour-le-corps","8":"product_cat-produits-solaires","10":"first","11":"instock","12":"taxable","13":"shipping-taxable","14":"purchasable","15":"product-type-simple"},"acf":[],"_links":{"self":[{"href":"https:\/\/www.pharmacieonline.lu\/de\/wp-json\/wp\/v2\/product\/36552","targetHints":{"allow":["GET"]}}],"collection":[{"href":"https:\/\/www.pharmacieonline.lu\/de\/wp-json\/wp\/v2\/product"}],"about":[{"href":"https:\/\/www.pharmacieonline.lu\/de\/wp-json\/wp\/v2\/types\/product"}],"version-history":[{"count":0,"href":"https:\/\/www.pharmacieonline.lu\/de\/wp-json\/wp\/v2\/product\/36552\/revisions"}],"wp:featuredmedia":[{"embeddable":true,"href":"https:\/\/www.pharmacieonline.lu\/de\/wp-json\/wp\/v2\/media\/36555"}],"wp:attachment":[{"href":"https:\/\/www.pharmacieonline.lu\/de\/wp-json\/wp\/v2\/media?parent=36552"}],"wp:term":[{"taxonomy":"product_brand","embeddable":true,"href":"https:\/\/www.pharmacieonline.lu\/de\/wp-json\/wp\/v2\/product_brand?post=36552"},{"taxonomy":"product_cat","embeddable":true,"href":"https:\/\/www.pharmacieonline.lu\/de\/wp-json\/wp\/v2\/product_cat?post=36552"},{"taxonomy":"product_tag","embeddable":true,"href":"https:\/\/www.pharmacieonline.lu\/de\/wp-json\/wp\/v2\/product_tag?post=36552"}],"curies":[{"name":"wp","href":"https:\/\/api.w.org\/{rel}","templated":true}]}}