{"id":36561,"date":"2023-07-04T12:19:48","date_gmt":"2023-07-04T10:19:48","guid":{"rendered":"https:\/\/www.pharmacieonline.lu\/?post_type=product&#038;p=36561"},"modified":"2026-04-09T16:25:27","modified_gmt":"2026-04-09T14:25:27","slug":"couleurs-de-noir-clear-skin-blus-soft-01","status":"publish","type":"product","link":"https:\/\/www.pharmacieonline.lu\/de\/produit\/couleurs-de-noir-clear-skin-blus-soft-01\/","title":{"rendered":"COULEURS DE NOIR CLEAR SKIN BLUS SOFT 01"},"content":{"rendered":"<p>Ein leichter Puder, der Ihrem Gesicht Farbe verleiht. Absorbiert \u00fcbersch\u00fcssigen Talg und sorgt f\u00fcr einen matten Look.<\/p>\n<p>RATSCHL\u00c4GE<br \/>\nAuf die Wangenknochen auftragen und zu den Schl\u00e4fen hin verblenden.<\/p>\n<p>KOMPOSITION<br \/>\nGlimmer, ZEA Mays-St\u00e4rke \/ Zea Mays (Mais)-St\u00e4rke, synthetisches Fluorophlogopit, PENTAERYTHRITYL TETRAISOSTEARAT, OCTYLDODECYL STEAROYL STEARATE, POLYMETHYLMETHACRYLAT, MAGNESIUMMYRISTAT, SILICA, KALIUMSORBAT, DEHYDROESSIGS\u00c4URE, TOCOPHERYLACETAT, KAOLIN, ZINNOXID [ +\/-: CI 77891 (TITANDIOXID), CI 77491 (EISENOXIDE), CI 77492 (EISENOXIDE), CI 77499 (EISENOXIDE), CI77742 (VIOLETT MANGAN), CI15850 (ROT 7)]<\/p>","protected":false},"excerpt":{"rendered":"<p>Ein leichter Puder, der Ihrem Gesicht Farbe verleiht. Absorbiert \u00fcbersch\u00fcssigen Talg und sorgt f\u00fcr einen matten Look. RATSCHL\u00c4GE Auf die Wangenknochen auftragen und zu den Schl\u00e4fen hin verblenden. KOMPOSITION Glimmer, ZEA Mays-St\u00e4rke \/ Zea Mays (Mais)-St\u00e4rke, synthetisches Fluorophlogopit, PENTAERYTHRITYL TETRAISOSTEARAT, OCTYLDODECYL STEAROYL STEARATE, POLYMETHYLMETHACRYLAT, MAGNESIUMMYRISTAT, SILICA, KALIUMSORBAT, DEHYDROESSIGS\u00c4URE, TOCOPHERYLACETAT, KAOLIN, ZINNOXID [ +\/-: CI 77891 [&hellip;]<\/p>\n","protected":false},"featured_media":36563,"template":"","meta":{"_acf_changed":false,"footnotes":""},"product_brand":[],"product_cat":[47,763,42],"product_tag":[],"class_list":{"0":"post-36561","1":"product","2":"type-product","3":"status-publish","4":"has-post-thumbnail","6":"product_cat-dermocosmetique","7":"product_cat-maquillages","8":"product_cat-para-pharmacie","10":"first","11":"outofstock","12":"sale","13":"taxable","14":"shipping-taxable","15":"purchasable","16":"product-type-simple"},"acf":[],"_links":{"self":[{"href":"https:\/\/www.pharmacieonline.lu\/de\/wp-json\/wp\/v2\/product\/36561","targetHints":{"allow":["GET"]}}],"collection":[{"href":"https:\/\/www.pharmacieonline.lu\/de\/wp-json\/wp\/v2\/product"}],"about":[{"href":"https:\/\/www.pharmacieonline.lu\/de\/wp-json\/wp\/v2\/types\/product"}],"version-history":[{"count":0,"href":"https:\/\/www.pharmacieonline.lu\/de\/wp-json\/wp\/v2\/product\/36561\/revisions"}],"wp:featuredmedia":[{"embeddable":true,"href":"https:\/\/www.pharmacieonline.lu\/de\/wp-json\/wp\/v2\/media\/36563"}],"wp:attachment":[{"href":"https:\/\/www.pharmacieonline.lu\/de\/wp-json\/wp\/v2\/media?parent=36561"}],"wp:term":[{"taxonomy":"product_brand","embeddable":true,"href":"https:\/\/www.pharmacieonline.lu\/de\/wp-json\/wp\/v2\/product_brand?post=36561"},{"taxonomy":"product_cat","embeddable":true,"href":"https:\/\/www.pharmacieonline.lu\/de\/wp-json\/wp\/v2\/product_cat?post=36561"},{"taxonomy":"product_tag","embeddable":true,"href":"https:\/\/www.pharmacieonline.lu\/de\/wp-json\/wp\/v2\/product_tag?post=36561"}],"curies":[{"name":"wp","href":"https:\/\/api.w.org\/{rel}","templated":true}]}}