{"id":36804,"date":"2023-07-20T11:30:20","date_gmt":"2023-07-20T09:30:20","guid":{"rendered":"https:\/\/www.pharmacieonline.lu\/?post_type=product&#038;p=36804"},"modified":"2026-04-12T03:55:24","modified_gmt":"2026-04-12T01:55:24","slug":"cerave-sa-hygiene-anti-rugosite-236-ml","status":"publish","type":"product","link":"https:\/\/www.pharmacieonline.lu\/de\/produit\/cerave-sa-hygiene-anti-rugosite-236-ml\/","title":{"rendered":"CERAVE SA HYGIENE ANTI RUGOSITE 236 ML"},"content":{"rendered":"<p>CeraVe Anti-Roughness Skin Cleanser wurde speziell entwickelt, um trockene, raue und k\u00f6rnige Haut zu peelen, weich zu machen und zu gl\u00e4tten. Salicyls\u00e4ure entfernt sanft abgestorbene Zellen und verbessert die Hautstruktur. Die Formel hat eine erfrischende Geltextur und ist auch f\u00fcr empfindliche Haut geeignet, da sie keine irritierenden Peelingstoffe enth\u00e4lt.<\/p>","protected":false},"excerpt":{"rendered":"<p>CeraVe Anti-Roughness Skin Cleanser wurde speziell entwickelt, um trockene, raue und k\u00f6rnige Haut zu peelen, weich zu machen und zu gl\u00e4tten. Salicyls\u00e4ure entfernt sanft abgestorbene Zellen und verbessert die Hautstruktur. Die Formel hat eine erfrischende Geltextur und ist auch f\u00fcr empfindliche Haut geeignet, da sie keine irritierenden Peelingstoffe enth\u00e4lt.<\/p>\n","protected":false},"featured_media":36814,"template":"","meta":{"_acf_changed":false,"footnotes":""},"product_brand":[],"product_cat":[47,54,56],"product_tag":[],"class_list":{"0":"post-36804","1":"product","2":"type-product","3":"status-publish","4":"has-post-thumbnail","6":"product_cat-dermocosmetique","7":"product_cat-soins-du-visage","8":"product_cat-soins-du-corps","10":"first","11":"instock","12":"taxable","13":"shipping-taxable","14":"purchasable","15":"product-type-simple"},"acf":[],"_links":{"self":[{"href":"https:\/\/www.pharmacieonline.lu\/de\/wp-json\/wp\/v2\/product\/36804","targetHints":{"allow":["GET"]}}],"collection":[{"href":"https:\/\/www.pharmacieonline.lu\/de\/wp-json\/wp\/v2\/product"}],"about":[{"href":"https:\/\/www.pharmacieonline.lu\/de\/wp-json\/wp\/v2\/types\/product"}],"version-history":[{"count":0,"href":"https:\/\/www.pharmacieonline.lu\/de\/wp-json\/wp\/v2\/product\/36804\/revisions"}],"wp:featuredmedia":[{"embeddable":true,"href":"https:\/\/www.pharmacieonline.lu\/de\/wp-json\/wp\/v2\/media\/36814"}],"wp:attachment":[{"href":"https:\/\/www.pharmacieonline.lu\/de\/wp-json\/wp\/v2\/media?parent=36804"}],"wp:term":[{"taxonomy":"product_brand","embeddable":true,"href":"https:\/\/www.pharmacieonline.lu\/de\/wp-json\/wp\/v2\/product_brand?post=36804"},{"taxonomy":"product_cat","embeddable":true,"href":"https:\/\/www.pharmacieonline.lu\/de\/wp-json\/wp\/v2\/product_cat?post=36804"},{"taxonomy":"product_tag","embeddable":true,"href":"https:\/\/www.pharmacieonline.lu\/de\/wp-json\/wp\/v2\/product_tag?post=36804"}],"curies":[{"name":"wp","href":"https:\/\/api.w.org\/{rel}","templated":true}]}}