{"id":36815,"date":"2023-07-20T14:36:50","date_gmt":"2023-07-20T12:36:50","guid":{"rendered":"https:\/\/www.pharmacieonline.lu\/?post_type=product&#038;p=36815"},"modified":"2026-04-04T16:25:49","modified_gmt":"2026-04-04T14:25:49","slug":"eucerin-hyal-fill-elast-cr-mains","status":"publish","type":"product","link":"https:\/\/www.pharmacieonline.lu\/de\/produit\/eucerin-hyal-fill-elast-cr-mains\/","title":{"rendered":"EUCERIN HYAL FILL +ELAST CR MAINS"},"content":{"rendered":"<p>Anti-Pigment- und Anti-Aging-Handcreme<\/p>\n<p>Reduziert Altersflecken bei regelm\u00e4\u00dfiger Anwendung sichtbar.<\/p>\n<p>Eine schnell einziehende Handcreme gegen Altersflecken mit patentiertem Thiamidol1, die bei regelm\u00e4\u00dfiger Anwendung das Auftreten und Wiederauftreten von Altersflecken reduziert. Die Handcreme zieht schnell ein, verbessert die Hautelastizit\u00e4t und spendet 24 Stunden lang Feuchtigkeit. Der Lichtschutzfaktor LSF 30 bietet zus\u00e4tzlichen Schutz vor der Entstehung zuk\u00fcnftiger dunkler Flecken durch die Sonne.<\/p>","protected":false},"excerpt":{"rendered":"<p>Anti-Pigment- und Anti-Aging-Handcreme Reduziert Altersflecken bei regelm\u00e4\u00dfiger Anwendung sichtbar. Eine schnell einziehende Handcreme gegen Altersflecken mit patentiertem Thiamidol1, die bei regelm\u00e4\u00dfiger Anwendung das Auftreten und Wiederauftreten von Altersflecken reduziert. Die Handcreme zieht schnell ein, verbessert die Hautelastizit\u00e4t und spendet 24 Stunden lang Feuchtigkeit. Der Lichtschutzfaktor LSF 30 bietet zus\u00e4tzlichen Schutz vor der Entstehung zuk\u00fcnftiger dunkler [&hellip;]<\/p>\n","protected":false},"featured_media":36817,"template":"","meta":{"_acf_changed":false,"footnotes":""},"product_brand":[],"product_cat":[42,764],"product_tag":[],"class_list":{"0":"post-36815","1":"product","2":"type-product","3":"status-publish","4":"has-post-thumbnail","6":"product_cat-para-pharmacie","7":"product_cat-soins-mains","9":"first","10":"instock","11":"taxable","12":"shipping-taxable","13":"purchasable","14":"product-type-simple"},"acf":[],"_links":{"self":[{"href":"https:\/\/www.pharmacieonline.lu\/de\/wp-json\/wp\/v2\/product\/36815","targetHints":{"allow":["GET"]}}],"collection":[{"href":"https:\/\/www.pharmacieonline.lu\/de\/wp-json\/wp\/v2\/product"}],"about":[{"href":"https:\/\/www.pharmacieonline.lu\/de\/wp-json\/wp\/v2\/types\/product"}],"version-history":[{"count":0,"href":"https:\/\/www.pharmacieonline.lu\/de\/wp-json\/wp\/v2\/product\/36815\/revisions"}],"wp:featuredmedia":[{"embeddable":true,"href":"https:\/\/www.pharmacieonline.lu\/de\/wp-json\/wp\/v2\/media\/36817"}],"wp:attachment":[{"href":"https:\/\/www.pharmacieonline.lu\/de\/wp-json\/wp\/v2\/media?parent=36815"}],"wp:term":[{"taxonomy":"product_brand","embeddable":true,"href":"https:\/\/www.pharmacieonline.lu\/de\/wp-json\/wp\/v2\/product_brand?post=36815"},{"taxonomy":"product_cat","embeddable":true,"href":"https:\/\/www.pharmacieonline.lu\/de\/wp-json\/wp\/v2\/product_cat?post=36815"},{"taxonomy":"product_tag","embeddable":true,"href":"https:\/\/www.pharmacieonline.lu\/de\/wp-json\/wp\/v2\/product_tag?post=36815"}],"curies":[{"name":"wp","href":"https:\/\/api.w.org\/{rel}","templated":true}]}}