{"id":36865,"date":"2023-07-24T15:19:30","date_gmt":"2023-07-24T13:19:30","guid":{"rendered":"https:\/\/www.pharmacieonline.lu\/?post_type=product&#038;p=36865"},"modified":"2026-04-06T03:55:21","modified_gmt":"2026-04-06T01:55:21","slug":"seresto-dog-125g056g-collier-vet-8kg","status":"publish","type":"product","link":"https:\/\/www.pharmacieonline.lu\/de\/produit\/seresto-dog-125g056g-collier-vet-8kg\/","title":{"rendered":"SERESTO DOG 1,25G+0,56G COLLIER VET &lt;8KG"},"content":{"rendered":"<p>Das antiparasit\u00e4re Halsband Seresto ist f\u00fcr Hunde ab 7 Wochen gedacht. Bei diesem Arzneimittel handelt es sich um ein antiparasit\u00e4res Ger\u00e4t zur Anwendung auf der Haut, das zur Beseitigung von Zecken, Fl\u00f6hen und L\u00e4usen bei Hunden bestimmt ist. Ein Halsband pro Tier, das um den Hals befestigt wird.<\/p>","protected":false},"excerpt":{"rendered":"<p>Das antiparasit\u00e4re Halsband Seresto ist f\u00fcr Hunde ab 7 Wochen gedacht. Bei diesem Arzneimittel handelt es sich um ein antiparasit\u00e4res Ger\u00e4t zur Anwendung auf der Haut, das zur Beseitigung von Zecken, Fl\u00f6hen und L\u00e4usen bei Hunden bestimmt ist. Ein Halsband pro Tier, das um den Hals befestigt wird.<\/p>\n","protected":false},"featured_media":0,"template":"","meta":{"_acf_changed":false,"footnotes":""},"product_brand":[],"product_cat":[150,153,46],"product_tag":[],"class_list":{"0":"post-36865","1":"product","2":"type-product","3":"status-publish","5":"product_cat-chats","6":"product_cat-puces-et-tiques","7":"product_cat-veterinaire","9":"first","10":"instock","11":"taxable","12":"shipping-taxable","13":"purchasable","14":"product-type-simple"},"acf":[],"_links":{"self":[{"href":"https:\/\/www.pharmacieonline.lu\/de\/wp-json\/wp\/v2\/product\/36865","targetHints":{"allow":["GET"]}}],"collection":[{"href":"https:\/\/www.pharmacieonline.lu\/de\/wp-json\/wp\/v2\/product"}],"about":[{"href":"https:\/\/www.pharmacieonline.lu\/de\/wp-json\/wp\/v2\/types\/product"}],"version-history":[{"count":0,"href":"https:\/\/www.pharmacieonline.lu\/de\/wp-json\/wp\/v2\/product\/36865\/revisions"}],"wp:attachment":[{"href":"https:\/\/www.pharmacieonline.lu\/de\/wp-json\/wp\/v2\/media?parent=36865"}],"wp:term":[{"taxonomy":"product_brand","embeddable":true,"href":"https:\/\/www.pharmacieonline.lu\/de\/wp-json\/wp\/v2\/product_brand?post=36865"},{"taxonomy":"product_cat","embeddable":true,"href":"https:\/\/www.pharmacieonline.lu\/de\/wp-json\/wp\/v2\/product_cat?post=36865"},{"taxonomy":"product_tag","embeddable":true,"href":"https:\/\/www.pharmacieonline.lu\/de\/wp-json\/wp\/v2\/product_tag?post=36865"}],"curies":[{"name":"wp","href":"https:\/\/api.w.org\/{rel}","templated":true}]}}