{"id":36873,"date":"2023-07-25T12:16:17","date_gmt":"2023-07-25T10:16:17","guid":{"rendered":"https:\/\/www.pharmacieonline.lu\/?post_type=product&#038;p=36873"},"modified":"2026-04-07T05:55:21","modified_gmt":"2026-04-07T03:55:21","slug":"cet-brosse-dents-chat-a-1-vet","status":"publish","type":"product","link":"https:\/\/www.pharmacieonline.lu\/de\/produit\/cet-brosse-dents-chat-a-1-vet\/","title":{"rendered":"CET BROSSE DENTS CHAT A 1 VET"},"content":{"rendered":"<p>Diese Zahnb\u00fcrste wurde speziell f\u00fcr kleine Mundh\u00f6hlen entwickelt. Die Rundb\u00fcrste verf\u00fcgt \u00fcber lange, weiche Borsten, die in schr\u00e4gen B\u00fcscheln angeordnet sind, um auch die schwer zug\u00e4nglichen Backenz\u00e4hne zu erreichen. Diese Zahnb\u00fcrste ist f\u00fcr kleine Hunde und Katzen geeignet.<\/p>","protected":false},"excerpt":{"rendered":"<p>Diese Zahnb\u00fcrste wurde speziell f\u00fcr kleine Mundh\u00f6hlen entwickelt. Die Rundb\u00fcrste verf\u00fcgt \u00fcber lange, weiche Borsten, die in schr\u00e4gen B\u00fcscheln angeordnet sind, um auch die schwer zug\u00e4nglichen Backenz\u00e4hne zu erreichen. Diese Zahnb\u00fcrste ist f\u00fcr kleine Hunde und Katzen geeignet.<\/p>\n","protected":false},"featured_media":36874,"template":"","meta":{"_acf_changed":false,"footnotes":""},"product_brand":[],"product_cat":[150,152,46],"product_tag":[],"class_list":{"0":"post-36873","1":"product","2":"type-product","3":"status-publish","4":"has-post-thumbnail","6":"product_cat-chats","7":"product_cat-soins","8":"product_cat-veterinaire","10":"first","11":"outofstock","12":"taxable","13":"shipping-taxable","14":"purchasable","15":"product-type-simple"},"acf":[],"_links":{"self":[{"href":"https:\/\/www.pharmacieonline.lu\/de\/wp-json\/wp\/v2\/product\/36873","targetHints":{"allow":["GET"]}}],"collection":[{"href":"https:\/\/www.pharmacieonline.lu\/de\/wp-json\/wp\/v2\/product"}],"about":[{"href":"https:\/\/www.pharmacieonline.lu\/de\/wp-json\/wp\/v2\/types\/product"}],"version-history":[{"count":0,"href":"https:\/\/www.pharmacieonline.lu\/de\/wp-json\/wp\/v2\/product\/36873\/revisions"}],"wp:featuredmedia":[{"embeddable":true,"href":"https:\/\/www.pharmacieonline.lu\/de\/wp-json\/wp\/v2\/media\/36874"}],"wp:attachment":[{"href":"https:\/\/www.pharmacieonline.lu\/de\/wp-json\/wp\/v2\/media?parent=36873"}],"wp:term":[{"taxonomy":"product_brand","embeddable":true,"href":"https:\/\/www.pharmacieonline.lu\/de\/wp-json\/wp\/v2\/product_brand?post=36873"},{"taxonomy":"product_cat","embeddable":true,"href":"https:\/\/www.pharmacieonline.lu\/de\/wp-json\/wp\/v2\/product_cat?post=36873"},{"taxonomy":"product_tag","embeddable":true,"href":"https:\/\/www.pharmacieonline.lu\/de\/wp-json\/wp\/v2\/product_tag?post=36873"}],"curies":[{"name":"wp","href":"https:\/\/api.w.org\/{rel}","templated":true}]}}