{"id":36879,"date":"2023-07-25T14:23:36","date_gmt":"2023-07-25T12:23:36","guid":{"rendered":"https:\/\/www.pharmacieonline.lu\/?post_type=product&#038;p=36879"},"modified":"2026-04-07T13:55:19","modified_gmt":"2026-04-07T11:55:19","slug":"cet-dentifrice-gout-foie-ch-ct-100-g-vet","status":"publish","type":"product","link":"https:\/\/www.pharmacieonline.lu\/de\/produit\/cet-dentifrice-gout-foie-ch-ct-100-g-vet\/","title":{"rendered":"CET DENTIFRICE GOUT FOIE CH\/CT 100 G VET"},"content":{"rendered":"<p>C.E.T. Enzymatische Zahnpasta wurde speziell f\u00fcr Hunde und Katzen entwickelt. Es basiert auf einem C.E.T. Patent, das die nat\u00fcrlichen Abwehrmechanismen des Mundes aktiviert und stimuliert. Sp\u00fclen ist nicht notwendig.<\/p>\n<p>RATSCHL\u00c4GE NUTZEN<br \/>\nPutzen Sie die Z\u00e4hne Ihres Hundes oder Ihrer Katze mit der Zahnpasta und einer Zahnb\u00fcrste mit weichen Borsten, die f\u00fcr die Gr\u00f6\u00dfe Ihres Haustieres geeignet ist.<\/p>\n<p>KOMPOSITION<br \/>\nPatentiertes C.E.T. Duales Enzymsystem (Glucoseoxidase, Lactoperoxidase, Kaliumthiocyanat), milde Schleifmittel (hydratisierte Kiesels\u00e4ure, Titandioxid, wasserfreies Dicalciumphosphat), Glycerin, Sorbit, Dextrose, Xanthangummi, Natriumbenzoat, Aroma.<\/p>","protected":false},"excerpt":{"rendered":"<p>C.E.T. Enzymatische Zahnpasta wurde speziell f\u00fcr Hunde und Katzen entwickelt. Es basiert auf einem C.E.T. Patent, das die nat\u00fcrlichen Abwehrmechanismen des Mundes aktiviert und stimuliert. Sp\u00fclen ist nicht notwendig. RATSCHL\u00c4GE NUTZEN Putzen Sie die Z\u00e4hne Ihres Hundes oder Ihrer Katze mit der Zahnpasta und einer Zahnb\u00fcrste mit weichen Borsten, die f\u00fcr die Gr\u00f6\u00dfe Ihres Haustieres [&hellip;]<\/p>\n","protected":false},"featured_media":36880,"template":"","meta":{"_acf_changed":false,"footnotes":""},"product_brand":[],"product_cat":[151,156,46],"product_tag":[],"class_list":{"0":"post-36879","1":"product","2":"type-product","3":"status-publish","4":"has-post-thumbnail","6":"product_cat-chiens","7":"product_cat-soins-chiens","8":"product_cat-veterinaire","10":"first","11":"outofstock","12":"taxable","13":"shipping-taxable","14":"purchasable","15":"product-type-simple"},"acf":[],"_links":{"self":[{"href":"https:\/\/www.pharmacieonline.lu\/de\/wp-json\/wp\/v2\/product\/36879","targetHints":{"allow":["GET"]}}],"collection":[{"href":"https:\/\/www.pharmacieonline.lu\/de\/wp-json\/wp\/v2\/product"}],"about":[{"href":"https:\/\/www.pharmacieonline.lu\/de\/wp-json\/wp\/v2\/types\/product"}],"version-history":[{"count":0,"href":"https:\/\/www.pharmacieonline.lu\/de\/wp-json\/wp\/v2\/product\/36879\/revisions"}],"wp:featuredmedia":[{"embeddable":true,"href":"https:\/\/www.pharmacieonline.lu\/de\/wp-json\/wp\/v2\/media\/36880"}],"wp:attachment":[{"href":"https:\/\/www.pharmacieonline.lu\/de\/wp-json\/wp\/v2\/media?parent=36879"}],"wp:term":[{"taxonomy":"product_brand","embeddable":true,"href":"https:\/\/www.pharmacieonline.lu\/de\/wp-json\/wp\/v2\/product_brand?post=36879"},{"taxonomy":"product_cat","embeddable":true,"href":"https:\/\/www.pharmacieonline.lu\/de\/wp-json\/wp\/v2\/product_cat?post=36879"},{"taxonomy":"product_tag","embeddable":true,"href":"https:\/\/www.pharmacieonline.lu\/de\/wp-json\/wp\/v2\/product_tag?post=36879"}],"curies":[{"name":"wp","href":"https:\/\/api.w.org\/{rel}","templated":true}]}}