{"id":36979,"date":"2023-07-31T16:57:06","date_gmt":"2023-07-31T14:57:06","guid":{"rendered":"https:\/\/www.pharmacieonline.lu\/?post_type=product&#038;p=36979"},"modified":"2026-04-04T10:55:14","modified_gmt":"2026-04-04T08:55:14","slug":"frontline-combo-line-cat-spot-on-3pip","status":"publish","type":"product","link":"https:\/\/www.pharmacieonline.lu\/de\/produit\/frontline-combo-line-cat-spot-on-3pip\/","title":{"rendered":"FRONTLINE COMBO LINE CAT SPOT ON 3PIP"},"content":{"rendered":"<p>FRONTLINE Combo\u00aeLine ist ein einfach aufzutragendes Spot-on-Produkt, das Ihre Katze vor Fl\u00f6hen, Zecken und bei\u00dfenden L\u00e4usen sowie Ihr Zuhause vor Fl\u00f6hen sch\u00fctzt. Frontline Combo\u00aeLine sch\u00fctzt Ihre Katze 4 Wochen lang vor Fl\u00f6hen und 2 Wochen lang vor Zecken. Fl\u00f6he sterben innerhalb von 24 Stunden und Zecken innerhalb von 48 Stunden. Floheier und Flohlarven in der Umwelt werden 6 Wochen lang abget\u00f6tet. Frontline Combo\u00aeLine Cat kann auch bei Frettchen verwendet werden<\/p>\n<p>BERATUNG<\/p>\n<p>\u00c4u\u00dferlich, genau richtig.<br \/>\nDosierung:<br \/>\nEine Pipette mit 0,5 ml pro Katze.<br \/>\nDa keine Sicherheitsstudien vorliegen, betr\u00e4gt das Mindestintervall der Verabreichung 4 Wochen.<br \/>\nEine Pipette mit 0,5 ml pro Frettchen.<br \/>\nDas Mindestbehandlungsintervall betr\u00e4gt 4 Wochen.<\/p>","protected":false},"excerpt":{"rendered":"<p>FRONTLINE Combo\u00aeLine ist ein einfach aufzutragendes Spot-on-Produkt, das Ihre Katze vor Fl\u00f6hen, Zecken und bei\u00dfenden L\u00e4usen sowie Ihr Zuhause vor Fl\u00f6hen sch\u00fctzt. Frontline Combo\u00aeLine sch\u00fctzt Ihre Katze 4 Wochen lang vor Fl\u00f6hen und 2 Wochen lang vor Zecken. Fl\u00f6he sterben innerhalb von 24 Stunden und Zecken innerhalb von 48 Stunden. Floheier und Flohlarven in der [&hellip;]<\/p>\n","protected":false},"featured_media":36980,"template":"","meta":{"_acf_changed":false,"footnotes":""},"product_brand":[],"product_cat":[151,150,153,157,46],"product_tag":[],"class_list":{"0":"post-36979","1":"product","2":"type-product","3":"status-publish","4":"has-post-thumbnail","6":"product_cat-chiens","7":"product_cat-chats","8":"product_cat-puces-et-tiques","9":"product_cat-puces-et-tiques-chiens","10":"product_cat-veterinaire","12":"first","13":"instock","14":"taxable","15":"shipping-taxable","16":"purchasable","17":"product-type-simple"},"acf":[],"_links":{"self":[{"href":"https:\/\/www.pharmacieonline.lu\/de\/wp-json\/wp\/v2\/product\/36979","targetHints":{"allow":["GET"]}}],"collection":[{"href":"https:\/\/www.pharmacieonline.lu\/de\/wp-json\/wp\/v2\/product"}],"about":[{"href":"https:\/\/www.pharmacieonline.lu\/de\/wp-json\/wp\/v2\/types\/product"}],"version-history":[{"count":0,"href":"https:\/\/www.pharmacieonline.lu\/de\/wp-json\/wp\/v2\/product\/36979\/revisions"}],"wp:featuredmedia":[{"embeddable":true,"href":"https:\/\/www.pharmacieonline.lu\/de\/wp-json\/wp\/v2\/media\/36980"}],"wp:attachment":[{"href":"https:\/\/www.pharmacieonline.lu\/de\/wp-json\/wp\/v2\/media?parent=36979"}],"wp:term":[{"taxonomy":"product_brand","embeddable":true,"href":"https:\/\/www.pharmacieonline.lu\/de\/wp-json\/wp\/v2\/product_brand?post=36979"},{"taxonomy":"product_cat","embeddable":true,"href":"https:\/\/www.pharmacieonline.lu\/de\/wp-json\/wp\/v2\/product_cat?post=36979"},{"taxonomy":"product_tag","embeddable":true,"href":"https:\/\/www.pharmacieonline.lu\/de\/wp-json\/wp\/v2\/product_tag?post=36979"}],"curies":[{"name":"wp","href":"https:\/\/api.w.org\/{rel}","templated":true}]}}