{"id":37000,"date":"2023-07-31T17:31:02","date_gmt":"2023-07-31T15:31:02","guid":{"rendered":"https:\/\/www.pharmacieonline.lu\/?post_type=product&#038;p=37000"},"modified":"2026-04-04T07:55:15","modified_gmt":"2026-04-04T05:55:15","slug":"frontline-combo-line-dog-s-spot-on-6pip","status":"publish","type":"product","link":"https:\/\/www.pharmacieonline.lu\/de\/produit\/frontline-combo-line-dog-s-spot-on-6pip\/","title":{"rendered":"FRONTLINE COMBO LINE DOG S SPOT ON 6PIP"},"content":{"rendered":"<p>T\u00f6tet Fl\u00f6he, Floheier, Zecken und Bei\u00dfl\u00e4use und sch\u00fctzt Ihr Zuhause vor Fl\u00f6hen<br \/>\nFRONTLINE Combo\u00aeLine ist ein einfach aufzutragendes Spot-on-Produkt, das Ihren Hund vor Zecken und Fl\u00f6hen sowie Ihr Zuhause vor Fl\u00f6hen sch\u00fctzt.<br \/>\nFRONTLINE Combo\u00aeLine sch\u00fctzt Ihren Hund 4 Wochen lang vor Fl\u00f6hen und 4-8 Wochen lang vor Zecken. Floheier und Flohlarven in der Umwelt werden 8 Wochen lang abget\u00f6tet. F\u00fcr Hunde von 2 kg bis 10 kg.<\/p>\n<p>RATSCHL\u00c4GE<br \/>\nVerabreichungsweg: extern, punktuell.<br \/>\nDosierung f\u00fcr einen Hund mit einem K\u00f6rpergewicht von 2 kg bis 10 kg: eine Pipette mit 2,68 ml pro Hund. Da keine Sicherheitsstudien vorliegen, betr\u00e4gt das Mindestbehandlungsintervall 4 Wochen.<br \/>\nAn der Anwendungsstelle kann es zu vor\u00fcbergehenden Fellver\u00e4nderungen (fettiges\/klumpiges Haar) kommen.<\/p>","protected":false},"excerpt":{"rendered":"<p>T\u00f6tet Fl\u00f6he, Floheier, Zecken und Bei\u00dfl\u00e4use und sch\u00fctzt Ihr Zuhause vor Fl\u00f6hen FRONTLINE Combo\u00aeLine ist ein einfach aufzutragendes Spot-on-Produkt, das Ihren Hund vor Zecken und Fl\u00f6hen sowie Ihr Zuhause vor Fl\u00f6hen sch\u00fctzt. FRONTLINE Combo\u00aeLine sch\u00fctzt Ihren Hund 4 Wochen lang vor Fl\u00f6hen und 4-8 Wochen lang vor Zecken. Floheier und Flohlarven in der Umwelt werden [&hellip;]<\/p>\n","protected":false},"featured_media":37002,"template":"","meta":{"_acf_changed":false,"footnotes":""},"product_brand":[],"product_cat":[151,157,46],"product_tag":[],"class_list":{"0":"post-37000","1":"product","2":"type-product","3":"status-publish","4":"has-post-thumbnail","6":"product_cat-chiens","7":"product_cat-puces-et-tiques-chiens","8":"product_cat-veterinaire","10":"first","11":"instock","12":"taxable","13":"shipping-taxable","14":"purchasable","15":"product-type-simple"},"acf":[],"_links":{"self":[{"href":"https:\/\/www.pharmacieonline.lu\/de\/wp-json\/wp\/v2\/product\/37000","targetHints":{"allow":["GET"]}}],"collection":[{"href":"https:\/\/www.pharmacieonline.lu\/de\/wp-json\/wp\/v2\/product"}],"about":[{"href":"https:\/\/www.pharmacieonline.lu\/de\/wp-json\/wp\/v2\/types\/product"}],"version-history":[{"count":0,"href":"https:\/\/www.pharmacieonline.lu\/de\/wp-json\/wp\/v2\/product\/37000\/revisions"}],"wp:featuredmedia":[{"embeddable":true,"href":"https:\/\/www.pharmacieonline.lu\/de\/wp-json\/wp\/v2\/media\/37002"}],"wp:attachment":[{"href":"https:\/\/www.pharmacieonline.lu\/de\/wp-json\/wp\/v2\/media?parent=37000"}],"wp:term":[{"taxonomy":"product_brand","embeddable":true,"href":"https:\/\/www.pharmacieonline.lu\/de\/wp-json\/wp\/v2\/product_brand?post=37000"},{"taxonomy":"product_cat","embeddable":true,"href":"https:\/\/www.pharmacieonline.lu\/de\/wp-json\/wp\/v2\/product_cat?post=37000"},{"taxonomy":"product_tag","embeddable":true,"href":"https:\/\/www.pharmacieonline.lu\/de\/wp-json\/wp\/v2\/product_tag?post=37000"}],"curies":[{"name":"wp","href":"https:\/\/api.w.org\/{rel}","templated":true}]}}