{"id":37103,"date":"2023-08-08T13:29:16","date_gmt":"2023-08-08T11:29:16","guid":{"rendered":"https:\/\/www.pharmacieonline.lu\/?post_type=product&#038;p=37103"},"modified":"2026-04-11T17:55:23","modified_gmt":"2026-04-11T15:55:23","slug":"furterer-head-spa-gommage-detox-150ml","status":"publish","type":"product","link":"https:\/\/www.pharmacieonline.lu\/de\/produit\/furterer-head-spa-gommage-detox-150ml\/","title":{"rendered":"FURTERER HEAD SPA GOMMAGE DETOX 150ML"},"content":{"rendered":"<p>Das Peeling vor dem Shampoonieren, das in 3 Minuten gr\u00fcndlich reinigt und f\u00fcr gesund aussehendes Haar sorgt. Erm\u00f6glicht das Platzieren von Shampoos.<\/p>\n<p>RATSCHL\u00c4GE<br \/>\nMit der Spitze auf die feuchte Kopfhaut auftragen. 3 Minuten lang mit den Fingern einmassieren. Sp\u00fclen, dann Shampoonieren.<\/p>\n<p>KOMPOSITION<br \/>\nMEERSALZ (MARIS SAL)*. WASSER (AQUA)*. Natriumcocoylglutamat*. GLYCERIN*. ALOE BARBADENSIS BLATTSAFTPULVER**. CAPRYLYL\/CAPRYL GLUCOSID*. KOHLEPULVER*. ZITRONENS\u00c4URE*. CITRUS AURANTIUM DULCIS (ORANGE) SCHALEN\u00d6L (CITRUS AURANTIUM DULCIS SCHALEN\u00d6L)**. EUKALYPTUS GLOBULUS BLATT\u00d6L**. GLYCERYL CAPRYLAT*. MILCHS\u00c4URE*. LAVANDULA-HYBRIDA-\u00d6L**. LIMONEN**. LINALOOL**. POLYGLYCERYL-6 OLEAT*. NATRIUMBENZOAT. NATRIUMSURFACTIN*. XANTHANGUMMI*<\/p>\n<p>99 % Inhaltsstoffe nat\u00fcrlichen Ursprungs<\/p>","protected":false},"excerpt":{"rendered":"<p>Das Peeling vor dem Shampoonieren, das in 3 Minuten gr\u00fcndlich reinigt und f\u00fcr gesund aussehendes Haar sorgt. Erm\u00f6glicht das Platzieren von Shampoos. RATSCHL\u00c4GE Mit der Spitze auf die feuchte Kopfhaut auftragen. 3 Minuten lang mit den Fingern einmassieren. Sp\u00fclen, dann Shampoonieren. KOMPOSITION MEERSALZ (MARIS SAL)*. WASSER (AQUA)*. Natriumcocoylglutamat*. GLYCERIN*. ALOE BARBADENSIS BLATTSAFTPULVER**. CAPRYLYL\/CAPRYL GLUCOSID*. KOHLEPULVER*. [&hellip;]<\/p>\n","protected":false},"featured_media":37104,"template":"","meta":{"_acf_changed":false,"footnotes":""},"product_brand":[],"product_cat":[42,74,53],"product_tag":[],"class_list":{"0":"post-37103","1":"product","2":"type-product","3":"status-publish","4":"has-post-thumbnail","6":"product_cat-para-pharmacie","7":"product_cat-apres-shampoing-et-soins","8":"product_cat-cheveux","10":"first","11":"instock","12":"taxable","13":"shipping-taxable","14":"purchasable","15":"product-type-simple"},"acf":[],"_links":{"self":[{"href":"https:\/\/www.pharmacieonline.lu\/de\/wp-json\/wp\/v2\/product\/37103","targetHints":{"allow":["GET"]}}],"collection":[{"href":"https:\/\/www.pharmacieonline.lu\/de\/wp-json\/wp\/v2\/product"}],"about":[{"href":"https:\/\/www.pharmacieonline.lu\/de\/wp-json\/wp\/v2\/types\/product"}],"version-history":[{"count":0,"href":"https:\/\/www.pharmacieonline.lu\/de\/wp-json\/wp\/v2\/product\/37103\/revisions"}],"wp:featuredmedia":[{"embeddable":true,"href":"https:\/\/www.pharmacieonline.lu\/de\/wp-json\/wp\/v2\/media\/37104"}],"wp:attachment":[{"href":"https:\/\/www.pharmacieonline.lu\/de\/wp-json\/wp\/v2\/media?parent=37103"}],"wp:term":[{"taxonomy":"product_brand","embeddable":true,"href":"https:\/\/www.pharmacieonline.lu\/de\/wp-json\/wp\/v2\/product_brand?post=37103"},{"taxonomy":"product_cat","embeddable":true,"href":"https:\/\/www.pharmacieonline.lu\/de\/wp-json\/wp\/v2\/product_cat?post=37103"},{"taxonomy":"product_tag","embeddable":true,"href":"https:\/\/www.pharmacieonline.lu\/de\/wp-json\/wp\/v2\/product_tag?post=37103"}],"curies":[{"name":"wp","href":"https:\/\/api.w.org\/{rel}","templated":true}]}}