{"id":37427,"date":"2023-08-16T10:56:06","date_gmt":"2023-08-16T08:56:06","guid":{"rendered":"https:\/\/www.pharmacieonline.lu\/?post_type=product&#038;p=37427"},"modified":"2026-04-11T06:25:23","modified_gmt":"2026-04-11T04:25:23","slug":"calci-900-180-caps-biolife","status":"publish","type":"product","link":"https:\/\/www.pharmacieonline.lu\/de\/produit\/calci-900-180-caps-biolife\/","title":{"rendered":"CALCI 900 180 CAPS (BIOLIFE)"},"content":{"rendered":"<p>Kalzium, \u201edas\u201c Mineral unserer Knochen!<\/p>\n<p>Calcium ist mit Abstand das am h\u00e4ufigsten vorkommende Mineral in unserem K\u00f6rper, haupts\u00e4chlich im Knochensystem. Daher ist es f\u00fcr den Aufbau von Knochen und Z\u00e4hnen sowie f\u00fcr deren Festigkeit unerl\u00e4sslich.<\/p>\n<p>Leider kommt ein Kalziummangel recht h\u00e4ufig vor und bleibt oft viele Jahre lang unbemerkt. Calci 900 ist eine ideale Dosierung bei Mangel und zur Deckung eines Bedarfs zur Nachkalkung. Zum Beispiel in den Wechseljahren, wenn die Knochen dazu neigen, br\u00fcchig zu werden. Die Formel enth\u00e4lt au\u00dferdem Magnesium zur besseren Aufnahme.<\/p>\n<p>Zur Anwendung bei erh\u00f6htem Kalziumbedarf. Kalzium ist notwendig, um normale Knochen und Z\u00e4hne zu erhalten. Ideal w\u00e4hrend des Wachstums.<\/p>\n<p>Starke Konzentration<\/p>","protected":false},"excerpt":{"rendered":"<p>Kalzium, \u201edas\u201c Mineral unserer Knochen! Calcium ist mit Abstand das am h\u00e4ufigsten vorkommende Mineral in unserem K\u00f6rper, haupts\u00e4chlich im Knochensystem. Daher ist es f\u00fcr den Aufbau von Knochen und Z\u00e4hnen sowie f\u00fcr deren Festigkeit unerl\u00e4sslich. Leider kommt ein Kalziummangel recht h\u00e4ufig vor und bleibt oft viele Jahre lang unbemerkt. Calci 900 ist eine ideale Dosierung [&hellip;]<\/p>\n","protected":false},"featured_media":37430,"template":"","meta":{"_acf_changed":false,"footnotes":""},"product_brand":[],"product_cat":[766,953],"product_tag":[],"class_list":{"0":"post-37427","1":"product","2":"type-product","3":"status-publish","4":"has-post-thumbnail","6":"product_cat-vitamines","7":"product_cat-complements-alimentaires","9":"first","10":"outofstock","11":"taxable","12":"shipping-taxable","13":"purchasable","14":"product-type-simple"},"acf":[],"_links":{"self":[{"href":"https:\/\/www.pharmacieonline.lu\/de\/wp-json\/wp\/v2\/product\/37427","targetHints":{"allow":["GET"]}}],"collection":[{"href":"https:\/\/www.pharmacieonline.lu\/de\/wp-json\/wp\/v2\/product"}],"about":[{"href":"https:\/\/www.pharmacieonline.lu\/de\/wp-json\/wp\/v2\/types\/product"}],"version-history":[{"count":0,"href":"https:\/\/www.pharmacieonline.lu\/de\/wp-json\/wp\/v2\/product\/37427\/revisions"}],"wp:featuredmedia":[{"embeddable":true,"href":"https:\/\/www.pharmacieonline.lu\/de\/wp-json\/wp\/v2\/media\/37430"}],"wp:attachment":[{"href":"https:\/\/www.pharmacieonline.lu\/de\/wp-json\/wp\/v2\/media?parent=37427"}],"wp:term":[{"taxonomy":"product_brand","embeddable":true,"href":"https:\/\/www.pharmacieonline.lu\/de\/wp-json\/wp\/v2\/product_brand?post=37427"},{"taxonomy":"product_cat","embeddable":true,"href":"https:\/\/www.pharmacieonline.lu\/de\/wp-json\/wp\/v2\/product_cat?post=37427"},{"taxonomy":"product_tag","embeddable":true,"href":"https:\/\/www.pharmacieonline.lu\/de\/wp-json\/wp\/v2\/product_tag?post=37427"}],"curies":[{"name":"wp","href":"https:\/\/api.w.org\/{rel}","templated":true}]}}