{"id":37444,"date":"2023-08-16T11:02:55","date_gmt":"2023-08-16T09:02:55","guid":{"rendered":"https:\/\/www.pharmacieonline.lu\/?post_type=product&#038;p=37444"},"modified":"2026-04-14T09:55:32","modified_gmt":"2026-04-14T07:55:32","slug":"calci-vital-k2-d3-60-gel-biolife","status":"publish","type":"product","link":"https:\/\/www.pharmacieonline.lu\/de\/produit\/calci-vital-k2-d3-60-gel-biolife\/","title":{"rendered":"CALCI VITAL K2 D3 60 GEL BIOLIFE"},"content":{"rendered":"<p>Knochenunterst\u00fctzung ab dem 50. Lebensjahr<\/p>\n<p>Vitamin D3 ist hier zusammen mit Vitamin K2 ebenfalls sehr wertvoll f\u00fcr die gute Aufnahme von Kalzium und Phosphor. Mit diesem Vitamin-Duo und einer festen Dosis Calciumpidolat (800 mg), erg\u00e4nzt mit Magnesiumbisglycinat, ist Calci K2-D3 hoch assimilierbar und besonders geeignet, um den Knochenunterst\u00fctzungsbedarf ab dem 50. Lebensjahr zu decken.<\/p>\n<p>Dosierung und Zeitpunkt<\/p>\n<p>6 Kapseln\/Tag<\/p>\n<p>Auf 2 Mahlzeiten verteilen<\/p>","protected":false},"excerpt":{"rendered":"<p>Knochenunterst\u00fctzung ab dem 50. Lebensjahr Vitamin D3 ist hier zusammen mit Vitamin K2 ebenfalls sehr wertvoll f\u00fcr die gute Aufnahme von Kalzium und Phosphor. Mit diesem Vitamin-Duo und einer festen Dosis Calciumpidolat (800 mg), erg\u00e4nzt mit Magnesiumbisglycinat, ist Calci K2-D3 hoch assimilierbar und besonders geeignet, um den Knochenunterst\u00fctzungsbedarf ab dem 50. Lebensjahr zu decken. Dosierung [&hellip;]<\/p>\n","protected":false},"featured_media":37450,"template":"","meta":{"_acf_changed":false,"footnotes":""},"product_brand":[],"product_cat":[766,953],"product_tag":[],"class_list":{"0":"post-37444","1":"product","2":"type-product","3":"status-publish","4":"has-post-thumbnail","6":"product_cat-vitamines","7":"product_cat-complements-alimentaires","9":"first","10":"outofstock","11":"taxable","12":"shipping-taxable","13":"purchasable","14":"product-type-simple"},"acf":[],"_links":{"self":[{"href":"https:\/\/www.pharmacieonline.lu\/de\/wp-json\/wp\/v2\/product\/37444","targetHints":{"allow":["GET"]}}],"collection":[{"href":"https:\/\/www.pharmacieonline.lu\/de\/wp-json\/wp\/v2\/product"}],"about":[{"href":"https:\/\/www.pharmacieonline.lu\/de\/wp-json\/wp\/v2\/types\/product"}],"version-history":[{"count":0,"href":"https:\/\/www.pharmacieonline.lu\/de\/wp-json\/wp\/v2\/product\/37444\/revisions"}],"wp:featuredmedia":[{"embeddable":true,"href":"https:\/\/www.pharmacieonline.lu\/de\/wp-json\/wp\/v2\/media\/37450"}],"wp:attachment":[{"href":"https:\/\/www.pharmacieonline.lu\/de\/wp-json\/wp\/v2\/media?parent=37444"}],"wp:term":[{"taxonomy":"product_brand","embeddable":true,"href":"https:\/\/www.pharmacieonline.lu\/de\/wp-json\/wp\/v2\/product_brand?post=37444"},{"taxonomy":"product_cat","embeddable":true,"href":"https:\/\/www.pharmacieonline.lu\/de\/wp-json\/wp\/v2\/product_cat?post=37444"},{"taxonomy":"product_tag","embeddable":true,"href":"https:\/\/www.pharmacieonline.lu\/de\/wp-json\/wp\/v2\/product_tag?post=37444"}],"curies":[{"name":"wp","href":"https:\/\/api.w.org\/{rel}","templated":true}]}}