{"id":37456,"date":"2023-08-16T11:13:31","date_gmt":"2023-08-16T09:13:31","guid":{"rendered":"https:\/\/www.pharmacieonline.lu\/?post_type=product&#038;p=37456"},"modified":"2026-04-14T09:55:32","modified_gmt":"2026-04-14T07:55:32","slug":"chlorella-500-200-tabs-biolife","status":"publish","type":"product","link":"https:\/\/www.pharmacieonline.lu\/de\/produit\/chlorella-500-200-tabs-biolife\/","title":{"rendered":"CHLORELLA 500 200 TABS (BIOLIFE)"},"content":{"rendered":"<p>Eine Mikroalge mit maximalem Nutzen<\/p>\n<p>Chlorella ist eine S\u00fc\u00dfwasser-Mikroalge, die in Japan als \u201eLebensmittel von allgemeinem Interesse\u201c sehr gesch\u00e4tzt wird und f\u00fcr ihren Reichtum an Proteinen, Vitaminen, Mineralien, Aminos\u00e4uren und Chlorophyll bekannt ist.<\/p>\n<p>Ein Reichtum, der sich in einer Vielzahl wohltuender Wirkungen niederschl\u00e4gt, darunter Revitalisierung und neuer Tonus, aber auch die Stimulierung der nat\u00fcrlichen Abwehrkr\u00e4fte, die Reinigung der Darmflora, die Unterst\u00fctzung einer guten Durchblutung, die Zellregeneration, und das sind nur einige Beispiele.<\/p>\n<p>Reich an Chlorophyll und Vitaminen.<\/p>\n<p>Dosierung und Zeitpunkt<\/p>\n<p>2-6 Tabletten\/Tag, maximal 12\/Tag<\/p>\n<p>Morgens mit einer Mahlzeit<\/p>","protected":false},"excerpt":{"rendered":"<p>Eine Mikroalge mit maximalem Nutzen Chlorella ist eine S\u00fc\u00dfwasser-Mikroalge, die in Japan als \u201eLebensmittel von allgemeinem Interesse\u201c sehr gesch\u00e4tzt wird und f\u00fcr ihren Reichtum an Proteinen, Vitaminen, Mineralien, Aminos\u00e4uren und Chlorophyll bekannt ist. Ein Reichtum, der sich in einer Vielzahl wohltuender Wirkungen niederschl\u00e4gt, darunter Revitalisierung und neuer Tonus, aber auch die Stimulierung der nat\u00fcrlichen Abwehrkr\u00e4fte, [&hellip;]<\/p>\n","protected":false},"featured_media":37461,"template":"","meta":{"_acf_changed":false,"footnotes":""},"product_brand":[],"product_cat":[766,953],"product_tag":[],"class_list":{"0":"post-37456","1":"product","2":"type-product","3":"status-publish","4":"has-post-thumbnail","6":"product_cat-vitamines","7":"product_cat-complements-alimentaires","9":"first","10":"instock","11":"taxable","12":"shipping-taxable","13":"purchasable","14":"product-type-simple"},"acf":[],"_links":{"self":[{"href":"https:\/\/www.pharmacieonline.lu\/de\/wp-json\/wp\/v2\/product\/37456","targetHints":{"allow":["GET"]}}],"collection":[{"href":"https:\/\/www.pharmacieonline.lu\/de\/wp-json\/wp\/v2\/product"}],"about":[{"href":"https:\/\/www.pharmacieonline.lu\/de\/wp-json\/wp\/v2\/types\/product"}],"version-history":[{"count":0,"href":"https:\/\/www.pharmacieonline.lu\/de\/wp-json\/wp\/v2\/product\/37456\/revisions"}],"wp:featuredmedia":[{"embeddable":true,"href":"https:\/\/www.pharmacieonline.lu\/de\/wp-json\/wp\/v2\/media\/37461"}],"wp:attachment":[{"href":"https:\/\/www.pharmacieonline.lu\/de\/wp-json\/wp\/v2\/media?parent=37456"}],"wp:term":[{"taxonomy":"product_brand","embeddable":true,"href":"https:\/\/www.pharmacieonline.lu\/de\/wp-json\/wp\/v2\/product_brand?post=37456"},{"taxonomy":"product_cat","embeddable":true,"href":"https:\/\/www.pharmacieonline.lu\/de\/wp-json\/wp\/v2\/product_cat?post=37456"},{"taxonomy":"product_tag","embeddable":true,"href":"https:\/\/www.pharmacieonline.lu\/de\/wp-json\/wp\/v2\/product_tag?post=37456"}],"curies":[{"name":"wp","href":"https:\/\/api.w.org\/{rel}","templated":true}]}}