{"id":37491,"date":"2023-08-16T11:36:05","date_gmt":"2023-08-16T09:36:05","guid":{"rendered":"https:\/\/www.pharmacieonline.lu\/?post_type=product&#038;p=37491"},"modified":"2026-04-12T01:55:12","modified_gmt":"2026-04-11T23:55:12","slug":"citrobiotic-plus-50-ml-biolife-2","status":"publish","type":"product","link":"https:\/\/www.pharmacieonline.lu\/de\/produit\/citrobiotic-plus-50-ml-biolife-2\/","title":{"rendered":"CITROBIOTIC PLUS 50 ML (BIOLIFE)"},"content":{"rendered":"<p>Fit das ganze Jahr!<\/p>\n<p>Grapefruitkerne haben die Besonderheit, dass sie Bioflavonoide und Vitamin C enthalten, die beide aufgrund ihrer antioxidativen Eigenschaften und ihres Beitrags zur St\u00e4rkung der nat\u00fcrlichen Abwehrkr\u00e4fte, Widerstandskraft und Vitalit\u00e4t wertvoll sind. CitroBiotic\u00ae bietet diese Wirkstoffe in hoher Konzentration in einer Mischung aus pflanzlichem Glycerin und Wasser, ganz nat\u00fcrlich, ohne Alkohol, Konservierungsstoffe oder Pestizidr\u00fcckst\u00e4nde.<\/p>\n<p>CitroBiotic\u00aePlus zeichnet sich durch eine h\u00f6here Konzentration an Bioflavonoiden und den Zusatz von nat\u00fcrlichem Vitamin C (Acerola) aus.<\/p>\n<p>F\u00f6rdert die Widerstandskraft des K\u00f6rpers durch Eliminierung von St\u00f6rstoffen<br \/>\nTr\u00e4gt zur ordnungsgem\u00e4\u00dfen Funktion des Immunsystems bei<br \/>\nReich an Bioflavonoiden und Vitamin C, mit breitem Wirkungsspektrum<br \/>\nKann auch \u00e4u\u00dferlich angewendet werden bei Stichen oder Insektenstichen, bei geschw\u00e4chter Haut, Schuppenbildung der Kopfhaut<br \/>\nDosierung und Zeitpunkt<\/p>\n<p>15 Tropfen 3X\/Tag<\/p>\n<p>Ohne Essen<\/p>","protected":false},"excerpt":{"rendered":"<p>Fit das ganze Jahr! Grapefruitkerne haben die Besonderheit, dass sie Bioflavonoide und Vitamin C enthalten, die beide aufgrund ihrer antioxidativen Eigenschaften und ihres Beitrags zur St\u00e4rkung der nat\u00fcrlichen Abwehrkr\u00e4fte, Widerstandskraft und Vitalit\u00e4t wertvoll sind. CitroBiotic\u00ae bietet diese Wirkstoffe in hoher Konzentration in einer Mischung aus pflanzlichem Glycerin und Wasser, ganz nat\u00fcrlich, ohne Alkohol, Konservierungsstoffe oder [&hellip;]<\/p>\n","protected":false},"featured_media":37493,"template":"","meta":{"_acf_changed":false,"footnotes":""},"product_brand":[],"product_cat":[766,953],"product_tag":[],"class_list":{"0":"post-37491","1":"product","2":"type-product","3":"status-publish","4":"has-post-thumbnail","6":"product_cat-vitamines","7":"product_cat-complements-alimentaires","9":"first","10":"instock","11":"taxable","12":"shipping-taxable","13":"purchasable","14":"product-type-simple"},"acf":[],"_links":{"self":[{"href":"https:\/\/www.pharmacieonline.lu\/de\/wp-json\/wp\/v2\/product\/37491","targetHints":{"allow":["GET"]}}],"collection":[{"href":"https:\/\/www.pharmacieonline.lu\/de\/wp-json\/wp\/v2\/product"}],"about":[{"href":"https:\/\/www.pharmacieonline.lu\/de\/wp-json\/wp\/v2\/types\/product"}],"version-history":[{"count":0,"href":"https:\/\/www.pharmacieonline.lu\/de\/wp-json\/wp\/v2\/product\/37491\/revisions"}],"wp:featuredmedia":[{"embeddable":true,"href":"https:\/\/www.pharmacieonline.lu\/de\/wp-json\/wp\/v2\/media\/37493"}],"wp:attachment":[{"href":"https:\/\/www.pharmacieonline.lu\/de\/wp-json\/wp\/v2\/media?parent=37491"}],"wp:term":[{"taxonomy":"product_brand","embeddable":true,"href":"https:\/\/www.pharmacieonline.lu\/de\/wp-json\/wp\/v2\/product_brand?post=37491"},{"taxonomy":"product_cat","embeddable":true,"href":"https:\/\/www.pharmacieonline.lu\/de\/wp-json\/wp\/v2\/product_cat?post=37491"},{"taxonomy":"product_tag","embeddable":true,"href":"https:\/\/www.pharmacieonline.lu\/de\/wp-json\/wp\/v2\/product_tag?post=37491"}],"curies":[{"name":"wp","href":"https:\/\/api.w.org\/{rel}","templated":true}]}}