{"id":37506,"date":"2023-08-16T11:43:50","date_gmt":"2023-08-16T09:43:50","guid":{"rendered":"https:\/\/www.pharmacieonline.lu\/?post_type=product&#038;p=37506"},"modified":"2026-04-08T17:55:22","modified_gmt":"2026-04-08T15:55:22","slug":"co-q10-magnum-60-caps-biolife","status":"publish","type":"product","link":"https:\/\/www.pharmacieonline.lu\/de\/produit\/co-q10-magnum-60-caps-biolife\/","title":{"rendered":"CO Q10 MAGNUM 60 CAPS (BIOLIFE)"},"content":{"rendered":"<p>Hohe Konzentration an CoQ10 f\u00fcr maximale Energie<\/p>\n<p>Coenzym Q10 (CoQ10) ist eine fettl\u00f6sliche, vitamin\u00e4hnliche Substanz. Es kommt in den Mitochondrien (dem Ort der Zellatmung, also dem Ort, an dem Sauerstoff verbraucht wird) fast jeder Zelle vor. Es kommt in hoher Konzentration im Herzen, in der Leber, in den Muskeln und in den Nieren vor.<br \/>\nCoenzym Q10 ist ein wesentliches Element f\u00fcr die Umwandlung von Nahrung in Zellenergie.<br \/>\nDer Coenzym-Q10-Spiegel schwankt mit dem Alter. In Herz, Gehirn und Lunge erreichen sie im Alter von 20 Jahren ihren H\u00f6hepunkt und nehmen dann ab.<br \/>\nCoenzym Q10 ist als Nahrungserg\u00e4nzungsmittel in zwei Formen erh\u00e4ltlich: Ubiquinol oder Ubiquinon.<br \/>\n\u2022 Ubiquinol stellt das bereits bioverf\u00fcgbare Coenzym Q10 (mit Zusatz von Wasserstoff) dar.<br \/>\n\u2022 Ubiquinon muss einer enzymatischen Verarbeitung unterzogen werden, bevor es bei der Zellatmung wirken kann.<\/p>\n<p>CoQ10 Magnum ist in seiner Ubiquinon-Form in hoher Konzentration und auf einem fettl\u00f6slichen \u00f6ligen Tr\u00e4ger erh\u00e4ltlich, wodurch seine Bioverf\u00fcgbarkeit optimiert wird. Diese Formel bietet nicht nur eine doppelte Dosis Coenzym Q10, sondern f\u00fcgt auch Bioflavonoide hinzu, die durch nat\u00fcrliche Fermentation aus Zitrusfr\u00fcchten gewonnen werden. Alles in einer s\u00e4urebest\u00e4ndigen Kapsel, um die Aufnahme durch den K\u00f6rper zu erleichtern.<\/p>\n<p>Coenzym Q10<br \/>\n\u2022 \u00a0kommt in den Membranen fast aller menschlichen Gewebe und Organe vor, mit der h\u00f6chsten Konzentration im Herzen.<br \/>\n\u2022 \u00a0\u00a0Beteiligung an der Kette des Elektronentransfers innerhalb der Mitochondrien, den zellul\u00e4ren Komponenten, die f\u00fcr die Energieproduktion sorgen.<br \/>\n\u2022 \u00a0\u00dcbt eine antioxidative Funktion aus und sch\u00fctzt Lipide, Proteine \u200b\u200bund DNA vor Oxidationsph\u00e4nomenen.<\/p>\n<p>Bioflavonoide sind Antioxidantien<br \/>\nOxidativer Stress durch freie Radikale schw\u00e4cht das Gleichgewicht des K\u00f6rpers. Wenn die Produktion freier Radikale zu hoch wird, reichen die Reserven an Antioxidantien nicht mehr aus, um die sch\u00e4dliche Wirkung der Oxidation freier Radikale auf Gewebe und Zellen zu stoppen.<br \/>\nBioflanoide sind f\u00fcr die roten, gelben und violetten Farbt\u00f6ne von Obst und Gem\u00fcse verantwortlich. Generell gilt: Je bunter ein Lebensmittel, desto mehr Bioflavonoide enth\u00e4lt es.<\/p>\n<p>Dosierung und Zeitpunkt<\/p>\n<p>1 Kapsel\/Tag<\/p>\n<p>Morgens mit einer Mahlzeit<\/p>","protected":false},"excerpt":{"rendered":"<p>Hohe Konzentration an CoQ10 f\u00fcr maximale Energie Coenzym Q10 (CoQ10) ist eine fettl\u00f6sliche, vitamin\u00e4hnliche Substanz. Es kommt in den Mitochondrien (dem Ort der Zellatmung, also dem Ort, an dem Sauerstoff verbraucht wird) fast jeder Zelle vor. Es kommt in hoher Konzentration im Herzen, in der Leber, in den Muskeln und in den Nieren vor. Coenzym [&hellip;]<\/p>\n","protected":false},"featured_media":37508,"template":"","meta":{"_acf_changed":false,"footnotes":""},"product_brand":[],"product_cat":[766,953],"product_tag":[],"class_list":{"0":"post-37506","1":"product","2":"type-product","3":"status-publish","4":"has-post-thumbnail","6":"product_cat-vitamines","7":"product_cat-complements-alimentaires","9":"first","10":"outofstock","11":"taxable","12":"shipping-taxable","13":"purchasable","14":"product-type-simple"},"acf":[],"_links":{"self":[{"href":"https:\/\/www.pharmacieonline.lu\/de\/wp-json\/wp\/v2\/product\/37506","targetHints":{"allow":["GET"]}}],"collection":[{"href":"https:\/\/www.pharmacieonline.lu\/de\/wp-json\/wp\/v2\/product"}],"about":[{"href":"https:\/\/www.pharmacieonline.lu\/de\/wp-json\/wp\/v2\/types\/product"}],"version-history":[{"count":0,"href":"https:\/\/www.pharmacieonline.lu\/de\/wp-json\/wp\/v2\/product\/37506\/revisions"}],"wp:featuredmedia":[{"embeddable":true,"href":"https:\/\/www.pharmacieonline.lu\/de\/wp-json\/wp\/v2\/media\/37508"}],"wp:attachment":[{"href":"https:\/\/www.pharmacieonline.lu\/de\/wp-json\/wp\/v2\/media?parent=37506"}],"wp:term":[{"taxonomy":"product_brand","embeddable":true,"href":"https:\/\/www.pharmacieonline.lu\/de\/wp-json\/wp\/v2\/product_brand?post=37506"},{"taxonomy":"product_cat","embeddable":true,"href":"https:\/\/www.pharmacieonline.lu\/de\/wp-json\/wp\/v2\/product_cat?post=37506"},{"taxonomy":"product_tag","embeddable":true,"href":"https:\/\/www.pharmacieonline.lu\/de\/wp-json\/wp\/v2\/product_tag?post=37506"}],"curies":[{"name":"wp","href":"https:\/\/api.w.org\/{rel}","templated":true}]}}