{"id":37517,"date":"2023-08-16T11:56:28","date_gmt":"2023-08-16T09:56:28","guid":{"rendered":"https:\/\/www.pharmacieonline.lu\/?post_type=product&#038;p=37517"},"modified":"2026-04-08T15:55:16","modified_gmt":"2026-04-08T13:55:16","slug":"akileine-sports-nok-creme-75-ml","status":"publish","type":"product","link":"https:\/\/www.pharmacieonline.lu\/de\/produit\/akileine-sports-nok-creme-75-ml\/","title":{"rendered":"AKILEINE SPORTS NOK CREME 75 ML"},"content":{"rendered":"<p>Reibung, Blasen, Reizungen, R\u00f6tungen<\/p>\n<p>NOK macht die Haut weich, spendet Feuchtigkeit und sch\u00fctzt sie vor Reibung. Es minimiert Reizungen und beugt der Blasenbildung vor. Die Haut wird gest\u00e4rkt, hydratisiert und widerstandsf\u00e4higer. Kann an allen Stellen angewendet werden, die Reibung ausgesetzt sind: F\u00fc\u00dfe, Zehen, Leistengegend, Schritt, Achselh\u00f6hlen, Brustwarzen, Nacken usw.<\/p>\n<p>Vor jeder sportlichen Anstrengung eine l\u00e4ngere Massage auf die Reibungsbereiche auftragen. Beginnen Sie bei Wettk\u00e4mpfen 20 Tage vorher mit der Anwendung.<\/p>","protected":false},"excerpt":{"rendered":"<p>Reibung, Blasen, Reizungen, R\u00f6tungen NOK macht die Haut weich, spendet Feuchtigkeit und sch\u00fctzt sie vor Reibung. Es minimiert Reizungen und beugt der Blasenbildung vor. Die Haut wird gest\u00e4rkt, hydratisiert und widerstandsf\u00e4higer. Kann an allen Stellen angewendet werden, die Reibung ausgesetzt sind: F\u00fc\u00dfe, Zehen, Leistengegend, Schritt, Achselh\u00f6hlen, Brustwarzen, Nacken usw. Vor jeder sportlichen Anstrengung eine l\u00e4ngere [&hellip;]<\/p>\n","protected":false},"featured_media":37518,"template":"","meta":{"_acf_changed":false,"footnotes":""},"product_brand":[],"product_cat":[47,42,765],"product_tag":[],"class_list":{"0":"post-37517","1":"product","2":"type-product","3":"status-publish","4":"has-post-thumbnail","6":"product_cat-dermocosmetique","7":"product_cat-para-pharmacie","8":"product_cat-soins-pieds","10":"first","11":"instock","12":"taxable","13":"shipping-taxable","14":"purchasable","15":"product-type-simple"},"acf":[],"_links":{"self":[{"href":"https:\/\/www.pharmacieonline.lu\/de\/wp-json\/wp\/v2\/product\/37517","targetHints":{"allow":["GET"]}}],"collection":[{"href":"https:\/\/www.pharmacieonline.lu\/de\/wp-json\/wp\/v2\/product"}],"about":[{"href":"https:\/\/www.pharmacieonline.lu\/de\/wp-json\/wp\/v2\/types\/product"}],"version-history":[{"count":0,"href":"https:\/\/www.pharmacieonline.lu\/de\/wp-json\/wp\/v2\/product\/37517\/revisions"}],"wp:featuredmedia":[{"embeddable":true,"href":"https:\/\/www.pharmacieonline.lu\/de\/wp-json\/wp\/v2\/media\/37518"}],"wp:attachment":[{"href":"https:\/\/www.pharmacieonline.lu\/de\/wp-json\/wp\/v2\/media?parent=37517"}],"wp:term":[{"taxonomy":"product_brand","embeddable":true,"href":"https:\/\/www.pharmacieonline.lu\/de\/wp-json\/wp\/v2\/product_brand?post=37517"},{"taxonomy":"product_cat","embeddable":true,"href":"https:\/\/www.pharmacieonline.lu\/de\/wp-json\/wp\/v2\/product_cat?post=37517"},{"taxonomy":"product_tag","embeddable":true,"href":"https:\/\/www.pharmacieonline.lu\/de\/wp-json\/wp\/v2\/product_tag?post=37517"}],"curies":[{"name":"wp","href":"https:\/\/api.w.org\/{rel}","templated":true}]}}