{"id":37529,"date":"2023-08-16T14:35:57","date_gmt":"2023-08-16T12:35:57","guid":{"rendered":"https:\/\/www.pharmacieonline.lu\/?post_type=product&#038;p=37529"},"modified":"2026-04-09T03:55:31","modified_gmt":"2026-04-09T01:55:31","slug":"akileine-sports-sanzo-lotion-200ml","status":"publish","type":"product","link":"https:\/\/www.pharmacieonline.lu\/de\/produit\/akileine-sports-sanzo-lotion-200ml\/","title":{"rendered":"AKILEINE SPORTS SANZO LOTION 200ML"},"content":{"rendered":"<p>Wof\u00fcr ?<br \/>\nF\u00fcr eine effiziente, schnelle und wasserlose K\u00f6rperw\u00e4sche.<br \/>\nUm die H\u00e4nde zu desinfizieren und zu reinigen, ohne sie zu reizen.<br \/>\nZur Desodorierung, Erfrischung und Straffung der Haut nach intensiver k\u00f6rperlicher Aktivit\u00e4t.<br \/>\nZur Entfernung von Teer-, Fett- und Pflanzensaftflecken.<\/p>\n<p>F\u00fcr wen ?<br \/>\nF\u00fcr Wanderer, Camper und \u00dcberf\u00e4lle in autarken Verh\u00e4ltnissen.<\/p>\n<p>Wie ?<br \/>\nGie\u00dfen Sie Sanso in Ihre Handfl\u00e4che, reiben Sie die Haut ein und wischen Sie sie dann mit einem Handtuch ab, fertig! Reich an \u00e4therischen Pflanzen\u00f6len, die f\u00fcr ihre desinfizierende und desodorierende Wirkung bekannt sind (Lavendel, Zitrone, Thymian und Rosmarin), enth\u00e4lt Glycerin, um die Haut weich zu machen und das nat\u00fcrliche Gleichgewicht der Haut aufrechtzuerhalten.<\/p>\n<p>Parabenfreie Formel!<\/p>","protected":false},"excerpt":{"rendered":"<p>Wof\u00fcr ? F\u00fcr eine effiziente, schnelle und wasserlose K\u00f6rperw\u00e4sche. Um die H\u00e4nde zu desinfizieren und zu reinigen, ohne sie zu reizen. Zur Desodorierung, Erfrischung und Straffung der Haut nach intensiver k\u00f6rperlicher Aktivit\u00e4t. Zur Entfernung von Teer-, Fett- und Pflanzensaftflecken. F\u00fcr wen ? F\u00fcr Wanderer, Camper und \u00dcberf\u00e4lle in autarken Verh\u00e4ltnissen. Wie ? Gie\u00dfen Sie Sanso [&hellip;]<\/p>\n","protected":false},"featured_media":37530,"template":"","meta":{"_acf_changed":false,"footnotes":""},"product_brand":[],"product_cat":[47,42,112],"product_tag":[],"class_list":{"0":"post-37529","1":"product","2":"type-product","3":"status-publish","4":"has-post-thumbnail","6":"product_cat-dermocosmetique","7":"product_cat-para-pharmacie","8":"product_cat-douche-bain","10":"first","11":"outofstock","12":"taxable","13":"shipping-taxable","14":"purchasable","15":"product-type-simple"},"acf":[],"_links":{"self":[{"href":"https:\/\/www.pharmacieonline.lu\/de\/wp-json\/wp\/v2\/product\/37529","targetHints":{"allow":["GET"]}}],"collection":[{"href":"https:\/\/www.pharmacieonline.lu\/de\/wp-json\/wp\/v2\/product"}],"about":[{"href":"https:\/\/www.pharmacieonline.lu\/de\/wp-json\/wp\/v2\/types\/product"}],"version-history":[{"count":0,"href":"https:\/\/www.pharmacieonline.lu\/de\/wp-json\/wp\/v2\/product\/37529\/revisions"}],"wp:featuredmedia":[{"embeddable":true,"href":"https:\/\/www.pharmacieonline.lu\/de\/wp-json\/wp\/v2\/media\/37530"}],"wp:attachment":[{"href":"https:\/\/www.pharmacieonline.lu\/de\/wp-json\/wp\/v2\/media?parent=37529"}],"wp:term":[{"taxonomy":"product_brand","embeddable":true,"href":"https:\/\/www.pharmacieonline.lu\/de\/wp-json\/wp\/v2\/product_brand?post=37529"},{"taxonomy":"product_cat","embeddable":true,"href":"https:\/\/www.pharmacieonline.lu\/de\/wp-json\/wp\/v2\/product_cat?post=37529"},{"taxonomy":"product_tag","embeddable":true,"href":"https:\/\/www.pharmacieonline.lu\/de\/wp-json\/wp\/v2\/product_tag?post=37529"}],"curies":[{"name":"wp","href":"https:\/\/api.w.org\/{rel}","templated":true}]}}