{"id":37532,"date":"2023-08-16T14:38:30","date_gmt":"2023-08-16T12:38:30","guid":{"rendered":"https:\/\/www.pharmacieonline.lu\/?post_type=product&#038;p=37532"},"modified":"2026-04-14T13:55:23","modified_gmt":"2026-04-14T11:55:23","slug":"akileine-sports-start-gel-75-ml","status":"publish","type":"product","link":"https:\/\/www.pharmacieonline.lu\/de\/produit\/akileine-sports-start-gel-75-ml\/","title":{"rendered":"AKILEINE SPORTS START GEL 75 ML"},"content":{"rendered":"<p>Beschreibung<br \/>\nSTART GEL ist ein thermoaktives Gel, das \u00fcber einen langen Zeitraum wirkt. Es erleichtert das dynamische Aufw\u00e4rmen durch die Aktivierung der Mikrozirkulation der Haut und hilft so, Verletzungen zu begrenzen und Muskelzerrungen zu vermeiden. Ideal f\u00fcr Sportler, die K\u00e4lte und Feuchtigkeit ausgesetzt sind oder nach einer l\u00e4ngeren Pause ihre sportliche Aktivit\u00e4t wieder aufnehmen m\u00f6chten.<br \/>\nIndikation<br \/>\nAufw\u00e4rmen, Wiedereinstieg in den Sport nach traumatischen Folgen, Sport in kalter Umgebung<br \/>\nArbeit<br \/>\nVor dem Sport mit leichten Strichen auftragen, ohne tief einzumassieren, bis es vollst\u00e4ndig eingezogen ist.<br \/>\nZutaten<br \/>\nAQUA, ALKOHOLDENAT., GLYKOL-SALICYLAT, KAMPFER, CARBOMER, TRIETHANOLAMIN, THURFYLNICOTINAT.<\/p>","protected":false},"excerpt":{"rendered":"<p>Beschreibung START GEL ist ein thermoaktives Gel, das \u00fcber einen langen Zeitraum wirkt. Es erleichtert das dynamische Aufw\u00e4rmen durch die Aktivierung der Mikrozirkulation der Haut und hilft so, Verletzungen zu begrenzen und Muskelzerrungen zu vermeiden. Ideal f\u00fcr Sportler, die K\u00e4lte und Feuchtigkeit ausgesetzt sind oder nach einer l\u00e4ngeren Pause ihre sportliche Aktivit\u00e4t wieder aufnehmen m\u00f6chten. [&hellip;]<\/p>\n","protected":false},"featured_media":37534,"template":"","meta":{"_acf_changed":false,"footnotes":""},"product_brand":[],"product_cat":[95,92],"product_tag":[],"class_list":{"0":"post-37532","1":"product","2":"type-product","3":"status-publish","4":"has-post-thumbnail","6":"product_cat-usage-externe","7":"product_cat-douleurs-musculaires","9":"first","10":"instock","11":"taxable","12":"shipping-taxable","13":"purchasable","14":"product-type-simple"},"acf":[],"_links":{"self":[{"href":"https:\/\/www.pharmacieonline.lu\/de\/wp-json\/wp\/v2\/product\/37532","targetHints":{"allow":["GET"]}}],"collection":[{"href":"https:\/\/www.pharmacieonline.lu\/de\/wp-json\/wp\/v2\/product"}],"about":[{"href":"https:\/\/www.pharmacieonline.lu\/de\/wp-json\/wp\/v2\/types\/product"}],"version-history":[{"count":0,"href":"https:\/\/www.pharmacieonline.lu\/de\/wp-json\/wp\/v2\/product\/37532\/revisions"}],"wp:featuredmedia":[{"embeddable":true,"href":"https:\/\/www.pharmacieonline.lu\/de\/wp-json\/wp\/v2\/media\/37534"}],"wp:attachment":[{"href":"https:\/\/www.pharmacieonline.lu\/de\/wp-json\/wp\/v2\/media?parent=37532"}],"wp:term":[{"taxonomy":"product_brand","embeddable":true,"href":"https:\/\/www.pharmacieonline.lu\/de\/wp-json\/wp\/v2\/product_brand?post=37532"},{"taxonomy":"product_cat","embeddable":true,"href":"https:\/\/www.pharmacieonline.lu\/de\/wp-json\/wp\/v2\/product_cat?post=37532"},{"taxonomy":"product_tag","embeddable":true,"href":"https:\/\/www.pharmacieonline.lu\/de\/wp-json\/wp\/v2\/product_tag?post=37532"}],"curies":[{"name":"wp","href":"https:\/\/api.w.org\/{rel}","templated":true}]}}