{"id":37565,"date":"2023-08-16T15:22:51","date_gmt":"2023-08-16T13:22:51","guid":{"rendered":"https:\/\/www.pharmacieonline.lu\/?post_type=product&#038;p=37565"},"modified":"2026-04-03T23:55:16","modified_gmt":"2026-04-03T21:55:16","slug":"fertilys-60-gel-biolife","status":"publish","type":"product","link":"https:\/\/www.pharmacieonline.lu\/de\/produit\/fertilys-60-gel-biolife\/","title":{"rendered":"FERTILYS 60 GEL                  BIOLIFE"},"content":{"rendered":"<p>Der Verb\u00fcndete des Wunsches nach Schwangerschaft<br \/>\nJedes sechste belgische Paar ist mit der Unfruchtbarkeit des Mannes, der Frau oder beider Partner konfrontiert. Die Ursache ist oft ungekl\u00e4rt, doch das Alter der Frau kann eine Rolle spielen: Bei einer 35-j\u00e4hrigen Frau ist die Wahrscheinlichkeit, schwanger zu werden, halb so hoch wie bei einer 20-j\u00e4hrigen Frau. Mit zunehmendem Alter nimmt die Fruchtbarkeit von Frauen immer st\u00e4rker ab. Eisprungprobleme und Menstruationsst\u00f6rungen sind die Hauptursachen f\u00fcr Fruchtbarkeitsprobleme bei Frauen.<\/p>\n<p>Fertilys ist ein Nahrungserg\u00e4nzungsmittel f\u00fcr Frauen, die schwanger werden m\u00f6chten. Es tr\u00e4gt zu einer optimalen Fruchtbarkeit und Fortpflanzung bei.<\/p>\n<p>Die vorgeschlagene Synergie kombiniert einen Extrakt aus Bio-Maca, einer Pflanze, die f\u00fcr ihren positiven Einfluss auf die Fruchtbarkeit bekannt ist, sowie Mineralien und Vitamine, die nachweislich einen Einfluss auf die Fruchtbarkeit haben.<\/p>\n<p>Dosierung und Zeitpunkt<\/p>\n<p>1 Kapsel\/Tag<\/p>\n<p>Morgens mit einer Mahlzeit<\/p>","protected":false},"excerpt":{"rendered":"<p>Der Verb\u00fcndete des Wunsches nach Schwangerschaft Jedes sechste belgische Paar ist mit der Unfruchtbarkeit des Mannes, der Frau oder beider Partner konfrontiert. Die Ursache ist oft ungekl\u00e4rt, doch das Alter der Frau kann eine Rolle spielen: Bei einer 35-j\u00e4hrigen Frau ist die Wahrscheinlichkeit, schwanger zu werden, halb so hoch wie bei einer 20-j\u00e4hrigen Frau. Mit [&hellip;]<\/p>\n","protected":false},"featured_media":37566,"template":"","meta":{"_acf_changed":false,"footnotes":""},"product_brand":[],"product_cat":[766,953,768],"product_tag":[],"class_list":{"0":"post-37565","1":"product","2":"type-product","3":"status-publish","4":"has-post-thumbnail","6":"product_cat-vitamines","7":"product_cat-complements-alimentaires","8":"product_cat-gynecologie-urologie","10":"first","11":"instock","12":"taxable","13":"shipping-taxable","14":"purchasable","15":"product-type-simple"},"acf":[],"_links":{"self":[{"href":"https:\/\/www.pharmacieonline.lu\/de\/wp-json\/wp\/v2\/product\/37565","targetHints":{"allow":["GET"]}}],"collection":[{"href":"https:\/\/www.pharmacieonline.lu\/de\/wp-json\/wp\/v2\/product"}],"about":[{"href":"https:\/\/www.pharmacieonline.lu\/de\/wp-json\/wp\/v2\/types\/product"}],"version-history":[{"count":0,"href":"https:\/\/www.pharmacieonline.lu\/de\/wp-json\/wp\/v2\/product\/37565\/revisions"}],"wp:featuredmedia":[{"embeddable":true,"href":"https:\/\/www.pharmacieonline.lu\/de\/wp-json\/wp\/v2\/media\/37566"}],"wp:attachment":[{"href":"https:\/\/www.pharmacieonline.lu\/de\/wp-json\/wp\/v2\/media?parent=37565"}],"wp:term":[{"taxonomy":"product_brand","embeddable":true,"href":"https:\/\/www.pharmacieonline.lu\/de\/wp-json\/wp\/v2\/product_brand?post=37565"},{"taxonomy":"product_cat","embeddable":true,"href":"https:\/\/www.pharmacieonline.lu\/de\/wp-json\/wp\/v2\/product_cat?post=37565"},{"taxonomy":"product_tag","embeddable":true,"href":"https:\/\/www.pharmacieonline.lu\/de\/wp-json\/wp\/v2\/product_tag?post=37565"}],"curies":[{"name":"wp","href":"https:\/\/api.w.org\/{rel}","templated":true}]}}