{"id":37583,"date":"2023-08-16T15:29:29","date_gmt":"2023-08-16T13:29:29","guid":{"rendered":"https:\/\/www.pharmacieonline.lu\/?post_type=product&#038;p=37583"},"modified":"2026-04-09T03:55:30","modified_gmt":"2026-04-09T01:55:30","slug":"akileine-spray-chaussures-150-ml","status":"publish","type":"product","link":"https:\/\/www.pharmacieonline.lu\/de\/produit\/akileine-spray-chaussures-150-ml\/","title":{"rendered":"AKILEINE SPRAY CHAUSSURES 150 ML"},"content":{"rendered":"<p>Desinfiziert und desodoriert den Schuh. Verhindert die Entwicklung von Mikroben. Verleiht den F\u00fc\u00dfen ein sofortiges Frischegef\u00fchl.<\/p>\n<p>Empfohlen bei allen Schwei\u00dfproblemen mit Geruchsproblemen. Kann auch in Kinderschuhen ab 3 Jahren verwendet werden.<\/p>","protected":false},"excerpt":{"rendered":"<p>Desinfiziert und desodoriert den Schuh. Verhindert die Entwicklung von Mikroben. Verleiht den F\u00fc\u00dfen ein sofortiges Frischegef\u00fchl. Empfohlen bei allen Schwei\u00dfproblemen mit Geruchsproblemen. Kann auch in Kinderschuhen ab 3 Jahren verwendet werden.<\/p>\n","protected":false},"featured_media":37588,"template":"","meta":{"_acf_changed":false,"footnotes":""},"product_brand":[],"product_cat":[47,42,765],"product_tag":[],"class_list":{"0":"post-37583","1":"product","2":"type-product","3":"status-publish","4":"has-post-thumbnail","6":"product_cat-dermocosmetique","7":"product_cat-para-pharmacie","8":"product_cat-soins-pieds","10":"first","11":"outofstock","12":"taxable","13":"shipping-taxable","14":"purchasable","15":"product-type-simple"},"acf":[],"_links":{"self":[{"href":"https:\/\/www.pharmacieonline.lu\/de\/wp-json\/wp\/v2\/product\/37583","targetHints":{"allow":["GET"]}}],"collection":[{"href":"https:\/\/www.pharmacieonline.lu\/de\/wp-json\/wp\/v2\/product"}],"about":[{"href":"https:\/\/www.pharmacieonline.lu\/de\/wp-json\/wp\/v2\/types\/product"}],"version-history":[{"count":0,"href":"https:\/\/www.pharmacieonline.lu\/de\/wp-json\/wp\/v2\/product\/37583\/revisions"}],"wp:featuredmedia":[{"embeddable":true,"href":"https:\/\/www.pharmacieonline.lu\/de\/wp-json\/wp\/v2\/media\/37588"}],"wp:attachment":[{"href":"https:\/\/www.pharmacieonline.lu\/de\/wp-json\/wp\/v2\/media?parent=37583"}],"wp:term":[{"taxonomy":"product_brand","embeddable":true,"href":"https:\/\/www.pharmacieonline.lu\/de\/wp-json\/wp\/v2\/product_brand?post=37583"},{"taxonomy":"product_cat","embeddable":true,"href":"https:\/\/www.pharmacieonline.lu\/de\/wp-json\/wp\/v2\/product_cat?post=37583"},{"taxonomy":"product_tag","embeddable":true,"href":"https:\/\/www.pharmacieonline.lu\/de\/wp-json\/wp\/v2\/product_tag?post=37583"}],"curies":[{"name":"wp","href":"https:\/\/api.w.org\/{rel}","templated":true}]}}