{"id":37596,"date":"2023-08-16T15:40:24","date_gmt":"2023-08-16T13:40:24","guid":{"rendered":"https:\/\/www.pharmacieonline.lu\/?post_type=product&#038;p=37596"},"modified":"2026-04-11T17:55:20","modified_gmt":"2026-04-11T15:55:20","slug":"hair-nail-90-caps-biolife","status":"publish","type":"product","link":"https:\/\/www.pharmacieonline.lu\/de\/produit\/hair-nail-90-caps-biolife\/","title":{"rendered":"HAIR &amp; NAIL 90 CAPS (BIOLIFE)"},"content":{"rendered":"<p>Gesunde Haare und N\u00e4gel<\/p>\n<p>Stress, M\u00fcdigkeit, Emotionen, hormonelle Ver\u00e4nderungen, Geburt, \u00fcberm\u00e4\u00dfiger Einsatz von Stylingprodukten &#8230; k\u00f6nnen Auswirkungen auf die Gesundheit unserer Haare und N\u00e4gel haben. Um sie in Form und Sch\u00f6nheit zu halten, ist eine ausreichende Versorgung mit gezielten N\u00e4hrstoffen unerl\u00e4sslich.<\/p>\n<p>Hair &amp; Nail bietet eine umfassende Erg\u00e4nzung durch eine Synergie verschiedener N\u00e4hrstoffe f\u00fcr das Nachwachsen, die Gesundheit und die St\u00e4rke von Haaren und N\u00e4geln. Seine einzigartige Formel kombiniert Vitamine, Mineralien, speziell ausgew\u00e4hlte Aminos\u00e4uren und Pflanzen f\u00fcr eine spezifische Ern\u00e4hrung Ihrer Haare und N\u00e4gel.<\/p>\n<p>Dosierung und Zeitpunkt<\/p>\n<p>1 Kapsel\/Tag<\/p>\n<p>Morgens mit einer Mahlzeit<\/p>","protected":false},"excerpt":{"rendered":"<p>Gesunde Haare und N\u00e4gel Stress, M\u00fcdigkeit, Emotionen, hormonelle Ver\u00e4nderungen, Geburt, \u00fcberm\u00e4\u00dfiger Einsatz von Stylingprodukten &#8230; k\u00f6nnen Auswirkungen auf die Gesundheit unserer Haare und N\u00e4gel haben. Um sie in Form und Sch\u00f6nheit zu halten, ist eine ausreichende Versorgung mit gezielten N\u00e4hrstoffen unerl\u00e4sslich. Hair &amp; Nail bietet eine umfassende Erg\u00e4nzung durch eine Synergie verschiedener N\u00e4hrstoffe f\u00fcr das [&hellip;]<\/p>\n","protected":false},"featured_media":37597,"template":"","meta":{"_acf_changed":false,"footnotes":""},"product_brand":[],"product_cat":[802,53,953],"product_tag":[],"class_list":{"0":"post-37596","1":"product","2":"type-product","3":"status-publish","4":"has-post-thumbnail","6":"product_cat-vitamines-cheveux-et-ongles","7":"product_cat-cheveux","8":"product_cat-complements-alimentaires","10":"first","11":"instock","12":"taxable","13":"shipping-taxable","14":"purchasable","15":"product-type-simple"},"acf":[],"_links":{"self":[{"href":"https:\/\/www.pharmacieonline.lu\/de\/wp-json\/wp\/v2\/product\/37596","targetHints":{"allow":["GET"]}}],"collection":[{"href":"https:\/\/www.pharmacieonline.lu\/de\/wp-json\/wp\/v2\/product"}],"about":[{"href":"https:\/\/www.pharmacieonline.lu\/de\/wp-json\/wp\/v2\/types\/product"}],"version-history":[{"count":0,"href":"https:\/\/www.pharmacieonline.lu\/de\/wp-json\/wp\/v2\/product\/37596\/revisions"}],"wp:featuredmedia":[{"embeddable":true,"href":"https:\/\/www.pharmacieonline.lu\/de\/wp-json\/wp\/v2\/media\/37597"}],"wp:attachment":[{"href":"https:\/\/www.pharmacieonline.lu\/de\/wp-json\/wp\/v2\/media?parent=37596"}],"wp:term":[{"taxonomy":"product_brand","embeddable":true,"href":"https:\/\/www.pharmacieonline.lu\/de\/wp-json\/wp\/v2\/product_brand?post=37596"},{"taxonomy":"product_cat","embeddable":true,"href":"https:\/\/www.pharmacieonline.lu\/de\/wp-json\/wp\/v2\/product_cat?post=37596"},{"taxonomy":"product_tag","embeddable":true,"href":"https:\/\/www.pharmacieonline.lu\/de\/wp-json\/wp\/v2\/product_tag?post=37596"}],"curies":[{"name":"wp","href":"https:\/\/api.w.org\/{rel}","templated":true}]}}