{"id":37603,"date":"2023-08-16T15:44:34","date_gmt":"2023-08-16T13:44:34","guid":{"rendered":"https:\/\/www.pharmacieonline.lu\/?post_type=product&#038;p=37603"},"modified":"2026-04-09T03:55:30","modified_gmt":"2026-04-09T01:55:30","slug":"hyaluskin-120-gel-biolife","status":"publish","type":"product","link":"https:\/\/www.pharmacieonline.lu\/de\/produit\/hyaluskin-120-gel-biolife\/","title":{"rendered":"HYALUSKIN 120 GEL BIOLIFE"},"content":{"rendered":"<p>HyaluSkin, ein wirksamer Komplex f\u00fcr pralle Haut<\/p>\n<p>Kollagen und Hyalurons\u00e4ure sind nat\u00fcrliche Bausteine \u200b\u200bder Haut. Sie spielen eine wesentliche Rolle bei der Aufrechterhaltung der Hautfeuchtigkeit und -elastizit\u00e4t. Mit zunehmendem Alter produziert der K\u00f6rper weniger dieser beiden Stoffe, was dazu f\u00fchrt, dass die Haut an Geschmeidigkeit, Festigkeit und Strahlkraft verliert.<\/p>\n<p>HyaluSkin bringt verschiedene, auf Ihre Haut abgestimmte N\u00e4hrstoffe mit, damit diese ihre ganze Ausstrahlung wiedererlangt.<\/p>\n<p>In der Zusammensetzung von HyaluSkin sind enthalten:<br \/>\nHyalurons\u00e4ure, die die Hautregeneration f\u00f6rdert und f\u00fcr ein glattes, strahlendes Aussehen sorgt<br \/>\nMeereskollagen, das zur Feuchtigkeitsversorgung und Elastizit\u00e4t der Haut beitr\u00e4gt<br \/>\nVitamin C, das zur Bildung von Kollagen beitr\u00e4gt<br \/>\nCoenzym Q10 (oder Ubiquinon), ein starkes Antioxidans. Der K\u00f6rper kann es je nach Bedarf synthetisieren, mit zunehmendem Alter produziert der K\u00f6rper jedoch immer weniger<br \/>\nDosierung und Zeitpunkt<\/p>\n<p>1-2 Kapseln\/Tag<\/p>\n<p>Abends mit Essen<\/p>","protected":false},"excerpt":{"rendered":"<p>HyaluSkin, ein wirksamer Komplex f\u00fcr pralle Haut Kollagen und Hyalurons\u00e4ure sind nat\u00fcrliche Bausteine \u200b\u200bder Haut. Sie spielen eine wesentliche Rolle bei der Aufrechterhaltung der Hautfeuchtigkeit und -elastizit\u00e4t. Mit zunehmendem Alter produziert der K\u00f6rper weniger dieser beiden Stoffe, was dazu f\u00fchrt, dass die Haut an Geschmeidigkeit, Festigkeit und Strahlkraft verliert. HyaluSkin bringt verschiedene, auf Ihre Haut [&hellip;]<\/p>\n","protected":false},"featured_media":37604,"template":"","meta":{"_acf_changed":false,"footnotes":""},"product_brand":[],"product_cat":[766,953],"product_tag":[],"class_list":{"0":"post-37603","1":"product","2":"type-product","3":"status-publish","4":"has-post-thumbnail","6":"product_cat-vitamines","7":"product_cat-complements-alimentaires","9":"first","10":"instock","11":"taxable","12":"shipping-taxable","13":"purchasable","14":"product-type-simple"},"acf":[],"_links":{"self":[{"href":"https:\/\/www.pharmacieonline.lu\/de\/wp-json\/wp\/v2\/product\/37603","targetHints":{"allow":["GET"]}}],"collection":[{"href":"https:\/\/www.pharmacieonline.lu\/de\/wp-json\/wp\/v2\/product"}],"about":[{"href":"https:\/\/www.pharmacieonline.lu\/de\/wp-json\/wp\/v2\/types\/product"}],"version-history":[{"count":0,"href":"https:\/\/www.pharmacieonline.lu\/de\/wp-json\/wp\/v2\/product\/37603\/revisions"}],"wp:featuredmedia":[{"embeddable":true,"href":"https:\/\/www.pharmacieonline.lu\/de\/wp-json\/wp\/v2\/media\/37604"}],"wp:attachment":[{"href":"https:\/\/www.pharmacieonline.lu\/de\/wp-json\/wp\/v2\/media?parent=37603"}],"wp:term":[{"taxonomy":"product_brand","embeddable":true,"href":"https:\/\/www.pharmacieonline.lu\/de\/wp-json\/wp\/v2\/product_brand?post=37603"},{"taxonomy":"product_cat","embeddable":true,"href":"https:\/\/www.pharmacieonline.lu\/de\/wp-json\/wp\/v2\/product_cat?post=37603"},{"taxonomy":"product_tag","embeddable":true,"href":"https:\/\/www.pharmacieonline.lu\/de\/wp-json\/wp\/v2\/product_tag?post=37603"}],"curies":[{"name":"wp","href":"https:\/\/api.w.org\/{rel}","templated":true}]}}