{"id":37649,"date":"2023-08-16T17:13:32","date_gmt":"2023-08-16T15:13:32","guid":{"rendered":"https:\/\/www.pharmacieonline.lu\/?post_type=product&#038;p=37649"},"modified":"2026-04-06T17:55:16","modified_gmt":"2026-04-06T15:55:16","slug":"azeol-ts-sirop-75-ml","status":"publish","type":"product","link":"https:\/\/www.pharmacieonline.lu\/de\/produit\/azeol-ts-sirop-75-ml\/","title":{"rendered":"AZEOL TS SIROP 75 ML"},"content":{"rendered":"<p>Beschreibung<br \/>\nNahrungserg\u00e4nzungsmittel auf Basis von Honig, Wegerichextrakt und Eibischextrakt, das bei trockenem Husten hilft, den Hals zu beruhigen.<\/p>\n<p>Nat\u00fcrliches Aroma von Bigarade Petitgrain.<\/p>\n<p>Vor Gebrauch gut sch\u00fctteln.<br \/>\nErwachsene und Kinder ab 6 Jahren: 5 ml pro Dosis, dreimal t\u00e4glich pur trinken.<br \/>\nZutaten<br \/>\nBl\u00fctenhonig*, Wasser, Wegerichextrakt (Plantago lanceolata L., Bl\u00e4tter), Eibischextrakt (Althaea officinalis L., Wurzeln), Aroma: s\u00fc\u00df-saures \u00e4therisches \u00d6l 0,2 % (Citrus aurantium ssp amara L., oberirdische Teile), S\u00e4ure Regulator: Zitronens\u00e4ure.<br \/>\nWarnung<br \/>\nEs scheint, dass ein nat\u00fcrliches Kristallisationsph\u00e4nomen mit der Anwesenheit von Honig zusammenh\u00e4ngt.<br \/>\nNicht empfohlen f\u00fcr schwangere und stillende Frauen, Kinder unter 6 Jahren und im Falle einer blutdrucksenkenden Behandlung.<br \/>\nVerwenden Sie den Sirup unabh\u00e4ngig von Medikamenten (30 bis 60 Minuten).<br \/>\n\u00dcberschreiten Sie nicht die empfohlene Tagesdosis.<br \/>\nEin Nahrungserg\u00e4nzungsmittel kann eine abwechslungsreiche und ausgewogene Ern\u00e4hrung oder einen gesunden Lebensstil nicht ersetzen.<br \/>\nAu\u00dferhalb der Reichweite von Kindern aufbewahren.<br \/>\nVor Licht, Hitze und Feuchtigkeit gesch\u00fctzt lagern.<\/p>","protected":false},"excerpt":{"rendered":"<p>Beschreibung Nahrungserg\u00e4nzungsmittel auf Basis von Honig, Wegerichextrakt und Eibischextrakt, das bei trockenem Husten hilft, den Hals zu beruhigen. Nat\u00fcrliches Aroma von Bigarade Petitgrain. Vor Gebrauch gut sch\u00fctteln. Erwachsene und Kinder ab 6 Jahren: 5 ml pro Dosis, dreimal t\u00e4glich pur trinken. Zutaten Bl\u00fctenhonig*, Wasser, Wegerichextrakt (Plantago lanceolata L., Bl\u00e4tter), Eibischextrakt (Althaea officinalis L., Wurzeln), Aroma: [&hellip;]<\/p>\n","protected":false},"featured_media":37651,"template":"","meta":{"_acf_changed":false,"footnotes":""},"product_brand":[],"product_cat":[793,83,953],"product_tag":[],"class_list":{"0":"post-37649","1":"product","2":"type-product","3":"status-publish","4":"has-post-thumbnail","6":"product_cat-sirops","7":"product_cat-gorge","8":"product_cat-complements-alimentaires","10":"first","11":"outofstock","12":"taxable","13":"shipping-taxable","14":"purchasable","15":"product-type-simple"},"acf":[],"_links":{"self":[{"href":"https:\/\/www.pharmacieonline.lu\/de\/wp-json\/wp\/v2\/product\/37649","targetHints":{"allow":["GET"]}}],"collection":[{"href":"https:\/\/www.pharmacieonline.lu\/de\/wp-json\/wp\/v2\/product"}],"about":[{"href":"https:\/\/www.pharmacieonline.lu\/de\/wp-json\/wp\/v2\/types\/product"}],"version-history":[{"count":0,"href":"https:\/\/www.pharmacieonline.lu\/de\/wp-json\/wp\/v2\/product\/37649\/revisions"}],"wp:featuredmedia":[{"embeddable":true,"href":"https:\/\/www.pharmacieonline.lu\/de\/wp-json\/wp\/v2\/media\/37651"}],"wp:attachment":[{"href":"https:\/\/www.pharmacieonline.lu\/de\/wp-json\/wp\/v2\/media?parent=37649"}],"wp:term":[{"taxonomy":"product_brand","embeddable":true,"href":"https:\/\/www.pharmacieonline.lu\/de\/wp-json\/wp\/v2\/product_brand?post=37649"},{"taxonomy":"product_cat","embeddable":true,"href":"https:\/\/www.pharmacieonline.lu\/de\/wp-json\/wp\/v2\/product_cat?post=37649"},{"taxonomy":"product_tag","embeddable":true,"href":"https:\/\/www.pharmacieonline.lu\/de\/wp-json\/wp\/v2\/product_tag?post=37649"}],"curies":[{"name":"wp","href":"https:\/\/api.w.org\/{rel}","templated":true}]}}