{"id":37659,"date":"2023-08-16T17:21:43","date_gmt":"2023-08-16T15:21:43","guid":{"rendered":"https:\/\/www.pharmacieonline.lu\/?post_type=product&#038;p=37659"},"modified":"2026-04-06T19:55:15","modified_gmt":"2026-04-06T17:55:15","slug":"azeol-comprime-a-sucer-30","status":"publish","type":"product","link":"https:\/\/www.pharmacieonline.lu\/de\/produit\/azeol-comprime-a-sucer-30\/","title":{"rendered":"AZEOL COMPRIME A SUCER 30"},"content":{"rendered":"<p>Der Rachen, bestehend aus Kehlkopf und Rachen, ist ein gemeinsamer Durchgang f\u00fcr Luft, Fl\u00fcssigkeiten und Feststoffe. Es handelt sich daher um eine Zone, die besonders Angriffen von au\u00dfen ausgesetzt ist.<\/p>\n<p>Angesichts dieser Angriffe verf\u00fcgt jeder Mensch \u00fcber ein einzigartiges Immunsystem, das seinen K\u00f6rper verteidigt.<\/p>\n<p>Ist der Hals gereizt, kann auch das Immunsystem gest\u00f6rt sein. Bestimmte Pflanzen und Vitamine k\u00f6nnen dann auf nat\u00fcrliche Weise den Hals beruhigen und dazu beitragen, dass das Immunsystem gut funktioniert.<\/p>\n<p>Das Nahrungserg\u00e4nzungsmittel Az\u00e9ol Lutschtabletten enth\u00e4lt Salbei, der den Hals beruhigt, und Zink, das zu einer normalen Funktion des Immunsystems beitr\u00e4gt.<\/p>\n<p>Um diese Lutschtabletten herzustellen, haben wir die Bl\u00e4tter f\u00fcr den Salbei-Extrakt von Salvia officinalis und die Bl\u00fcten f\u00fcr den Holunder-Extrakt von Sambucus nigra ausgew\u00e4hlt.<\/p>\n<p>Basierend auf: Salbeiextrakt, Holunderextrakt, Zink.<\/p>\n<p>Anwendungstipps<\/p>\n<p>4-mal t\u00e4glich 1 Lutschtablette einnehmen.<\/p>\n<p>Ohne zu kauen im Mund zergehen lassen.<\/p>\n<p>Verteilen Sie die F\u00e4nge \u00fcber den Tag.<\/p>\n<p>Lagerung: Vor Hitze, Feuchtigkeit und Licht gesch\u00fctzt in der verschlossenen Originalverpackung.<\/p>\n<p>Vorsichtsma\u00dfnahmen f\u00fcr den Gebrauch<\/p>\n<p>Nicht empfohlen f\u00fcr schwangere oder stillende Frauen und Kinder unter 12 Jahren.<\/p>\n<p>\u00dcberschreiten Sie nicht die empfohlene Tagesdosis.<\/p>\n<p>\u00dcberm\u00e4\u00dfiger Gebrauch kann zu einer abf\u00fchrenden Wirkung f\u00fchren.<\/p>\n<p>Dieses Nahrungserg\u00e4nzungsmittel kann eine abwechslungsreiche und ausgewogene Ern\u00e4hrung sowie einen gesunden Lebensstil nicht ersetzen.<\/p>\n<p>Au\u00dferhalb der Reichweite von Kindern aufbewahren.<\/p>\n<p>In der verschlossenen Originalverpackung vor Hitze, Feuchtigkeit und Licht sch\u00fctzen.<\/p>\n<p>Vorzugsweise vor Ende verbrauchen und die Chargennummer auf der Unterseite der Schachtel angeben.<\/p>\n<p>Zutaten<\/p>\n<p>F\u00fcllstoffe: Sorbitol und Xylitol, Salbeiextrakt Salvia officinalis (Bl\u00e4tter)*, Holunderextrakt Sambucus nigra (Bl\u00fcten), nat\u00fcrliches Minzaroma (\u00e4therisches Pfefferminz\u00f6l Mentha piperita (0,58%)), Trennmittel: Magnesiumstearat, nat\u00fcrliches Mentholaroma , Zinkgluconat, Aroma: \u00e4therisches Pfefferminz\u00f6l Mentha piperita (0,36 %).<\/p>\n<p>*Herkunft Spanien<\/p>\n<p>Nahrungserg\u00e4nzungsmittel auf Basis von Salbeiextrakt, Holunderextrakt und Zink. Minzgeschmack.<\/p>","protected":false},"excerpt":{"rendered":"<p>Der Rachen, bestehend aus Kehlkopf und Rachen, ist ein gemeinsamer Durchgang f\u00fcr Luft, Fl\u00fcssigkeiten und Feststoffe. Es handelt sich daher um eine Zone, die besonders Angriffen von au\u00dfen ausgesetzt ist. Angesichts dieser Angriffe verf\u00fcgt jeder Mensch \u00fcber ein einzigartiges Immunsystem, das seinen K\u00f6rper verteidigt. Ist der Hals gereizt, kann auch das Immunsystem gest\u00f6rt sein. Bestimmte [&hellip;]<\/p>\n","protected":false},"featured_media":37660,"template":"","meta":{"_acf_changed":false,"footnotes":""},"product_brand":[],"product_cat":[105,83,953],"product_tag":[],"class_list":{"0":"post-37659","1":"product","2":"type-product","3":"status-publish","4":"has-post-thumbnail","6":"product_cat-comprimes-gorge","7":"product_cat-gorge","8":"product_cat-complements-alimentaires","10":"first","11":"outofstock","12":"taxable","13":"shipping-taxable","14":"purchasable","15":"product-type-simple"},"acf":[],"_links":{"self":[{"href":"https:\/\/www.pharmacieonline.lu\/de\/wp-json\/wp\/v2\/product\/37659","targetHints":{"allow":["GET"]}}],"collection":[{"href":"https:\/\/www.pharmacieonline.lu\/de\/wp-json\/wp\/v2\/product"}],"about":[{"href":"https:\/\/www.pharmacieonline.lu\/de\/wp-json\/wp\/v2\/types\/product"}],"version-history":[{"count":0,"href":"https:\/\/www.pharmacieonline.lu\/de\/wp-json\/wp\/v2\/product\/37659\/revisions"}],"wp:featuredmedia":[{"embeddable":true,"href":"https:\/\/www.pharmacieonline.lu\/de\/wp-json\/wp\/v2\/media\/37660"}],"wp:attachment":[{"href":"https:\/\/www.pharmacieonline.lu\/de\/wp-json\/wp\/v2\/media?parent=37659"}],"wp:term":[{"taxonomy":"product_brand","embeddable":true,"href":"https:\/\/www.pharmacieonline.lu\/de\/wp-json\/wp\/v2\/product_brand?post=37659"},{"taxonomy":"product_cat","embeddable":true,"href":"https:\/\/www.pharmacieonline.lu\/de\/wp-json\/wp\/v2\/product_cat?post=37659"},{"taxonomy":"product_tag","embeddable":true,"href":"https:\/\/www.pharmacieonline.lu\/de\/wp-json\/wp\/v2\/product_tag?post=37659"}],"curies":[{"name":"wp","href":"https:\/\/api.w.org\/{rel}","templated":true}]}}