{"id":37662,"date":"2023-08-16T17:25:35","date_gmt":"2023-08-16T15:25:35","guid":{"rendered":"https:\/\/www.pharmacieonline.lu\/?post_type=product&#038;p=37662"},"modified":"2026-04-06T19:55:15","modified_gmt":"2026-04-06T17:55:15","slug":"azeol-ab-30-caps","status":"publish","type":"product","link":"https:\/\/www.pharmacieonline.lu\/de\/produit\/azeol-ab-30-caps\/","title":{"rendered":"AZEOL AB 30 CAPS"},"content":{"rendered":"<p>AZEOL AB ist ein Nahrungserg\u00e4nzungsmittel auf Basis von Leindotter\u00f6l und \u00e4therischen \u00d6len aus Eukalyptus, Zimt, Rosmarin und Zitrone.<\/p>\n<p>Nicht empfohlen f\u00fcr schwangere oder stillende Frauen und Kinder, bei Magengeschw\u00fcren und bei Allergien gegen die Bestandteile. Es wird empfohlen, die Anwendung zeitlich zu begrenzen und die Meinung eines medizinischen Fachpersonals einzuholen.<\/p>\n<p>Dieses Nahrungserg\u00e4nzungsmittel kann eine abwechslungsreiche, ausgewogene Ern\u00e4hrung und einen gesunden Lebensstil nicht ersetzen.<\/p>\n<p>Vorzugsweise vor Ende verbrauchen und die Chargennummer auf der Unterseite der Verpackung angeben.<\/p>\n<p>\u00dcberschreiten Sie nicht die empfohlene Tagesdosis.<\/p>\n<p>Au\u00dferhalb der Reichweite von Kindern aufbewahren.<\/p>\n<p>Kapseln nicht durchstechen.<\/p>\n<p>Verwenden<br \/>\n2 Kapseln pro Tag f\u00fcr 15 Tage, 6 Kapseln pro Tag f\u00fcr 5 Tage. Zum Schlucken, vorzugsweise w\u00e4hrend der Mahlzeit<\/p>\n<p>Komposition<br \/>\nNahrungserg\u00e4nzungsmittel auf Basis von Leindotter\u00f6l und \u00e4therischen \u00d6len.<\/p>\n<p>AZEOL AB ist ein Nahrungserg\u00e4nzungsmittel auf Basis von Leindotter\u00f6l und \u00e4therischen \u00d6len aus Eukalyptus, Zimt, Rosmarin und Zitrone. Das Nahrungserg\u00e4nzungsmittel Az\u00e9ol AB wurde mit Leindotter\u00f6l formuliert, das mit dem QUALIT\u00c4TS-SILVER-Verfahren gewonnen wurde, das eine optimale Qualit\u00e4t und Stabilit\u00e4t des Leindotter\u00f6ls im Laufe der Zeit garantiert.<\/p>\n<p>Zutatenliste :<br \/>\nLeindotter\u00f6l Camellia sativa (Samen) (Antioxidantien: Tocopherole, Rosmarinextrakt), Kapsel (Festigungsmittel: Hydroxypropylmaisst\u00e4rke und Glycerin, Geliermittel: Carrageen, S\u00e4ureregulator: Dinatriumphosphat), \u00e4therisches Eukalyptus\u00f6l Eucalyptus globulus (Bl\u00e4tter) , \u00e4therisches Zimt\u00f6l Cinnamomum verum (Rinde), \u00e4therisches Rosmarin\u00f6l Rosmarinus officinalis (Bl\u00fctenspitzen), \u00e4therisches Zitronen\u00f6l Citrus limon (Zitronenschale).<\/p>\n<p>Der nat\u00fcrliche Ursprung der Inhaltsstoffe kann dazu f\u00fchren, dass die Farbe der Produkte je nach Charge variieren kann<\/p>","protected":false},"excerpt":{"rendered":"<p>AZEOL AB ist ein Nahrungserg\u00e4nzungsmittel auf Basis von Leindotter\u00f6l und \u00e4therischen \u00d6len aus Eukalyptus, Zimt, Rosmarin und Zitrone. Nicht empfohlen f\u00fcr schwangere oder stillende Frauen und Kinder, bei Magengeschw\u00fcren und bei Allergien gegen die Bestandteile. Es wird empfohlen, die Anwendung zeitlich zu begrenzen und die Meinung eines medizinischen Fachpersonals einzuholen. Dieses Nahrungserg\u00e4nzungsmittel kann eine abwechslungsreiche, [&hellip;]<\/p>\n","protected":false},"featured_media":37663,"template":"","meta":{"_acf_changed":false,"footnotes":""},"product_brand":[],"product_cat":[83,953],"product_tag":[],"class_list":{"0":"post-37662","1":"product","2":"type-product","3":"status-publish","4":"has-post-thumbnail","6":"product_cat-gorge","7":"product_cat-complements-alimentaires","9":"first","10":"instock","11":"taxable","12":"shipping-taxable","13":"purchasable","14":"product-type-simple"},"acf":[],"_links":{"self":[{"href":"https:\/\/www.pharmacieonline.lu\/de\/wp-json\/wp\/v2\/product\/37662","targetHints":{"allow":["GET"]}}],"collection":[{"href":"https:\/\/www.pharmacieonline.lu\/de\/wp-json\/wp\/v2\/product"}],"about":[{"href":"https:\/\/www.pharmacieonline.lu\/de\/wp-json\/wp\/v2\/types\/product"}],"version-history":[{"count":0,"href":"https:\/\/www.pharmacieonline.lu\/de\/wp-json\/wp\/v2\/product\/37662\/revisions"}],"wp:featuredmedia":[{"embeddable":true,"href":"https:\/\/www.pharmacieonline.lu\/de\/wp-json\/wp\/v2\/media\/37663"}],"wp:attachment":[{"href":"https:\/\/www.pharmacieonline.lu\/de\/wp-json\/wp\/v2\/media?parent=37662"}],"wp:term":[{"taxonomy":"product_brand","embeddable":true,"href":"https:\/\/www.pharmacieonline.lu\/de\/wp-json\/wp\/v2\/product_brand?post=37662"},{"taxonomy":"product_cat","embeddable":true,"href":"https:\/\/www.pharmacieonline.lu\/de\/wp-json\/wp\/v2\/product_cat?post=37662"},{"taxonomy":"product_tag","embeddable":true,"href":"https:\/\/www.pharmacieonline.lu\/de\/wp-json\/wp\/v2\/product_tag?post=37662"}],"curies":[{"name":"wp","href":"https:\/\/api.w.org\/{rel}","templated":true}]}}