{"id":37686,"date":"2023-08-17T10:53:57","date_gmt":"2023-08-17T08:53:57","guid":{"rendered":"https:\/\/www.pharmacieonline.lu\/?post_type=product&#038;p=37686"},"modified":"2026-04-19T07:55:22","modified_gmt":"2026-04-19T05:55:22","slug":"mg-k-60-caps-biolife","status":"publish","type":"product","link":"https:\/\/www.pharmacieonline.lu\/de\/produit\/mg-k-60-caps-biolife\/","title":{"rendered":"MG K 60 CAPS (BIOLIFE)"},"content":{"rendered":"<p>Magnesium und Kalium, eine ideale Synergie bei Muskelverspannungen<\/p>\n<p>Diese beiden Mineralien spielen eine wichtige Rolle f\u00fcr das reibungslose Funktionieren der Muskeln (insbesondere!) und ihre Synergie ist besonders interessant, da Kalium die Zellen mit Sauerstoff versorgt und die Aufrechterhaltung eines guten Blutdrucks unterst\u00fctzt.<\/p>\n<p>Eine ideale L\u00f6sung bei Neigung zu Muskelkr\u00e4mpfen, die zudem zur Aufrechterhaltung einer guten Durchblutung beitr\u00e4gt.<\/p>\n<p>&nbsp;<\/p>\n<p>Dosierung und Zeitpunkt<\/p>\n<p>6 Kapseln\/Tag<\/p>\n<p>Morgens mit einer Mahlzeit<\/p>","protected":false},"excerpt":{"rendered":"<p>Magnesium und Kalium, eine ideale Synergie bei Muskelverspannungen Diese beiden Mineralien spielen eine wichtige Rolle f\u00fcr das reibungslose Funktionieren der Muskeln (insbesondere!) und ihre Synergie ist besonders interessant, da Kalium die Zellen mit Sauerstoff versorgt und die Aufrechterhaltung eines guten Blutdrucks unterst\u00fctzt. Eine ideale L\u00f6sung bei Neigung zu Muskelkr\u00e4mpfen, die zudem zur Aufrechterhaltung einer guten [&hellip;]<\/p>\n","protected":false},"featured_media":37687,"template":"","meta":{"_acf_changed":false,"footnotes":""},"product_brand":[],"product_cat":[766,953],"product_tag":[],"class_list":{"0":"post-37686","1":"product","2":"type-product","3":"status-publish","4":"has-post-thumbnail","6":"product_cat-vitamines","7":"product_cat-complements-alimentaires","9":"first","10":"instock","11":"taxable","12":"shipping-taxable","13":"purchasable","14":"product-type-simple"},"acf":[],"_links":{"self":[{"href":"https:\/\/www.pharmacieonline.lu\/de\/wp-json\/wp\/v2\/product\/37686","targetHints":{"allow":["GET"]}}],"collection":[{"href":"https:\/\/www.pharmacieonline.lu\/de\/wp-json\/wp\/v2\/product"}],"about":[{"href":"https:\/\/www.pharmacieonline.lu\/de\/wp-json\/wp\/v2\/types\/product"}],"version-history":[{"count":0,"href":"https:\/\/www.pharmacieonline.lu\/de\/wp-json\/wp\/v2\/product\/37686\/revisions"}],"wp:featuredmedia":[{"embeddable":true,"href":"https:\/\/www.pharmacieonline.lu\/de\/wp-json\/wp\/v2\/media\/37687"}],"wp:attachment":[{"href":"https:\/\/www.pharmacieonline.lu\/de\/wp-json\/wp\/v2\/media?parent=37686"}],"wp:term":[{"taxonomy":"product_brand","embeddable":true,"href":"https:\/\/www.pharmacieonline.lu\/de\/wp-json\/wp\/v2\/product_brand?post=37686"},{"taxonomy":"product_cat","embeddable":true,"href":"https:\/\/www.pharmacieonline.lu\/de\/wp-json\/wp\/v2\/product_cat?post=37686"},{"taxonomy":"product_tag","embeddable":true,"href":"https:\/\/www.pharmacieonline.lu\/de\/wp-json\/wp\/v2\/product_tag?post=37686"}],"curies":[{"name":"wp","href":"https:\/\/api.w.org\/{rel}","templated":true}]}}