{"id":37745,"date":"2023-08-17T16:37:42","date_gmt":"2023-08-17T14:37:42","guid":{"rendered":"https:\/\/www.pharmacieonline.lu\/?post_type=product&#038;p=37745"},"modified":"2026-04-05T18:25:25","modified_gmt":"2026-04-05T16:25:25","slug":"spiruline-500-200-tabs-biolife","status":"publish","type":"product","link":"https:\/\/www.pharmacieonline.lu\/de\/produit\/spiruline-500-200-tabs-biolife\/","title":{"rendered":"SPIRULINE 500 200 TABS (BIOLIFE)"},"content":{"rendered":"<p>Die Mikroalge mit maximaler Wirkung<\/p>\n<p>M\u00fcdigkeit, mangelnder Elan, wiederholte Erk\u00e4ltungen, intensive sportliche Anstrengungen&#8230; In diesen Situationen der Schw\u00e4chung des K\u00f6rpers ist Spirulina ideal. Dank seines einzigartigen N\u00e4hrstoffreichtums ist es an der Energieproduktion im K\u00f6rper beteiligt.<\/p>\n<p>Diese Alge, die seit mehr als drei Milliarden Jahren auf der Erde vorkommt, ist reich an vielen essentiellen N\u00e4hrstoffen. Es enth\u00e4lt Proteine, die mehr als 60 % seines Gewichts ausmachen, essentielle Fetts\u00e4uren und Kohlenhydrate. In Spirulina sind au\u00dferdem viele Vitamine enthalten, darunter die Vitamine A, B, D, E, K, Mineralstoffe und vor allem Eisen.<\/p>\n<p>&nbsp;<\/p>\n<p>Spirulina<\/p>\n<p>hilft, Spannkraft und Vitalit\u00e4t wiederherzustellen, insbesondere bei vor\u00fcbergehender M\u00fcdigkeit. Es ist daher ideal f\u00fcr Rekonvaleszenten und Senioren.<br \/>\nst\u00e4rkt die nat\u00fcrlichen Abwehrkr\u00e4fte<br \/>\nwirkt gegen M\u00fcdigkeit, die mit intensiver k\u00f6rperlicher Aktivit\u00e4t einhergeht. Es verbessert Muskelerm\u00fcdung, Ausdauer und Vitalit\u00e4t.<br \/>\nDosierung und Zeitpunkt<\/p>\n<p>2-6 Tabs\/Tag, maximal 20 Tabs\/Tag<\/p>\n<p>Morgens mit einer Mahlzeit<\/p>","protected":false},"excerpt":{"rendered":"<p>Die Mikroalge mit maximaler Wirkung M\u00fcdigkeit, mangelnder Elan, wiederholte Erk\u00e4ltungen, intensive sportliche Anstrengungen&#8230; In diesen Situationen der Schw\u00e4chung des K\u00f6rpers ist Spirulina ideal. Dank seines einzigartigen N\u00e4hrstoffreichtums ist es an der Energieproduktion im K\u00f6rper beteiligt. Diese Alge, die seit mehr als drei Milliarden Jahren auf der Erde vorkommt, ist reich an vielen essentiellen N\u00e4hrstoffen. Es [&hellip;]<\/p>\n","protected":false},"featured_media":37746,"template":"","meta":{"_acf_changed":false,"footnotes":""},"product_brand":[],"product_cat":[766,953],"product_tag":[],"class_list":{"0":"post-37745","1":"product","2":"type-product","3":"status-publish","4":"has-post-thumbnail","6":"product_cat-vitamines","7":"product_cat-complements-alimentaires","9":"first","10":"instock","11":"taxable","12":"shipping-taxable","13":"purchasable","14":"product-type-simple"},"acf":[],"_links":{"self":[{"href":"https:\/\/www.pharmacieonline.lu\/de\/wp-json\/wp\/v2\/product\/37745","targetHints":{"allow":["GET"]}}],"collection":[{"href":"https:\/\/www.pharmacieonline.lu\/de\/wp-json\/wp\/v2\/product"}],"about":[{"href":"https:\/\/www.pharmacieonline.lu\/de\/wp-json\/wp\/v2\/types\/product"}],"version-history":[{"count":0,"href":"https:\/\/www.pharmacieonline.lu\/de\/wp-json\/wp\/v2\/product\/37745\/revisions"}],"wp:featuredmedia":[{"embeddable":true,"href":"https:\/\/www.pharmacieonline.lu\/de\/wp-json\/wp\/v2\/media\/37746"}],"wp:attachment":[{"href":"https:\/\/www.pharmacieonline.lu\/de\/wp-json\/wp\/v2\/media?parent=37745"}],"wp:term":[{"taxonomy":"product_brand","embeddable":true,"href":"https:\/\/www.pharmacieonline.lu\/de\/wp-json\/wp\/v2\/product_brand?post=37745"},{"taxonomy":"product_cat","embeddable":true,"href":"https:\/\/www.pharmacieonline.lu\/de\/wp-json\/wp\/v2\/product_cat?post=37745"},{"taxonomy":"product_tag","embeddable":true,"href":"https:\/\/www.pharmacieonline.lu\/de\/wp-json\/wp\/v2\/product_tag?post=37745"}],"curies":[{"name":"wp","href":"https:\/\/api.w.org\/{rel}","templated":true}]}}