{"id":37748,"date":"2023-08-17T16:59:09","date_gmt":"2023-08-17T14:59:09","guid":{"rendered":"https:\/\/www.pharmacieonline.lu\/?post_type=product&#038;p=37748"},"modified":"2026-04-10T17:55:18","modified_gmt":"2026-04-10T15:55:18","slug":"spiruline-bleue-30-gel-bio-biolife","status":"publish","type":"product","link":"https:\/\/www.pharmacieonline.lu\/de\/produit\/spiruline-bleue-30-gel-bio-biolife\/","title":{"rendered":"SPIRULINE BLEUE 30 GEL BIO BIOLIFE"},"content":{"rendered":"<p>Ein Konzentrat aus Phycocyanin<\/p>\n<p>Blaue Spirulina ist eine sehr proteinreiche Mikroalge, die Wirkstoffe und insbesondere Phycocyanin, eine einzigartige Kombination von Proteinen, enth\u00e4lt und ihr ihre Farbe verleiht. Dieses Phycocyanin f\u00f6rdert die Erneuerung von Zellen und Blutzellen. Es hat auch hepatische und renale entgiftende Eigenschaften. All dies macht blaue Spirulina hervorragend zur St\u00e4rkung des Immunsystems, f\u00fcr gesunde und sch\u00f6ne Haut und Haare sowie zum Schutz der Leber.<\/p>\n<p>Dosierung und Zeitpunkt<br \/>\n1 Kapsel\/Tag<br \/>\nMorgens mit einer Mahlzeit<\/p>","protected":false},"excerpt":{"rendered":"<p>Ein Konzentrat aus Phycocyanin Blaue Spirulina ist eine sehr proteinreiche Mikroalge, die Wirkstoffe und insbesondere Phycocyanin, eine einzigartige Kombination von Proteinen, enth\u00e4lt und ihr ihre Farbe verleiht. Dieses Phycocyanin f\u00f6rdert die Erneuerung von Zellen und Blutzellen. Es hat auch hepatische und renale entgiftende Eigenschaften. All dies macht blaue Spirulina hervorragend zur St\u00e4rkung des Immunsystems, f\u00fcr [&hellip;]<\/p>\n","protected":false},"featured_media":37749,"template":"","meta":{"_acf_changed":false,"footnotes":""},"product_brand":[],"product_cat":[766,953],"product_tag":[],"class_list":{"0":"post-37748","1":"product","2":"type-product","3":"status-publish","4":"has-post-thumbnail","6":"product_cat-vitamines","7":"product_cat-complements-alimentaires","9":"first","10":"instock","11":"taxable","12":"shipping-taxable","13":"purchasable","14":"product-type-simple"},"acf":[],"_links":{"self":[{"href":"https:\/\/www.pharmacieonline.lu\/de\/wp-json\/wp\/v2\/product\/37748","targetHints":{"allow":["GET"]}}],"collection":[{"href":"https:\/\/www.pharmacieonline.lu\/de\/wp-json\/wp\/v2\/product"}],"about":[{"href":"https:\/\/www.pharmacieonline.lu\/de\/wp-json\/wp\/v2\/types\/product"}],"version-history":[{"count":0,"href":"https:\/\/www.pharmacieonline.lu\/de\/wp-json\/wp\/v2\/product\/37748\/revisions"}],"wp:featuredmedia":[{"embeddable":true,"href":"https:\/\/www.pharmacieonline.lu\/de\/wp-json\/wp\/v2\/media\/37749"}],"wp:attachment":[{"href":"https:\/\/www.pharmacieonline.lu\/de\/wp-json\/wp\/v2\/media?parent=37748"}],"wp:term":[{"taxonomy":"product_brand","embeddable":true,"href":"https:\/\/www.pharmacieonline.lu\/de\/wp-json\/wp\/v2\/product_brand?post=37748"},{"taxonomy":"product_cat","embeddable":true,"href":"https:\/\/www.pharmacieonline.lu\/de\/wp-json\/wp\/v2\/product_cat?post=37748"},{"taxonomy":"product_tag","embeddable":true,"href":"https:\/\/www.pharmacieonline.lu\/de\/wp-json\/wp\/v2\/product_tag?post=37748"}],"curies":[{"name":"wp","href":"https:\/\/api.w.org\/{rel}","templated":true}]}}