{"id":37757,"date":"2023-08-17T17:08:33","date_gmt":"2023-08-17T15:08:33","guid":{"rendered":"https:\/\/www.pharmacieonline.lu\/?post_type=product&#038;p=37757"},"modified":"2026-04-10T18:25:20","modified_gmt":"2026-04-10T16:25:20","slug":"svelt-4-90-caps-biolife","status":"publish","type":"product","link":"https:\/\/www.pharmacieonline.lu\/de\/produit\/svelt-4-90-caps-biolife\/","title":{"rendered":"SVELT 4 90 CAPS (BIOLIFE)"},"content":{"rendered":"<p>Drei Schlankheitsvorteile in einer Kapsel<\/p>\n<p>Dank seiner ausgewogenen und wirksamen Formel hilft Ihnen der Svelt 4-Komplex auf drei Arten, Ihre Schlankheitsziele zu erreichen:<\/p>\n<p>Es spielt eine Rolle bei Lipiden<br \/>\nEs unterst\u00fctzt die bessere Aufnahme von Zucker<br \/>\nEs unterst\u00fctzt Dynamik und Energie<\/p>\n<p>Drei Ma\u00dfnahmen, die Ihnen helfen, abzunehmen und gleichzeitig in Form zu bleiben oder wieder in Form zu kommen.<\/p>\n<p>Dosierung und Zeitpunkt<br \/>\n2 Kapseln\/Tag<br \/>\nMorgens mit einer Mahlzeit<\/p>","protected":false},"excerpt":{"rendered":"<p>Drei Schlankheitsvorteile in einer Kapsel Dank seiner ausgewogenen und wirksamen Formel hilft Ihnen der Svelt 4-Komplex auf drei Arten, Ihre Schlankheitsziele zu erreichen: Es spielt eine Rolle bei Lipiden Es unterst\u00fctzt die bessere Aufnahme von Zucker Es unterst\u00fctzt Dynamik und Energie Drei Ma\u00dfnahmen, die Ihnen helfen, abzunehmen und gleichzeitig in Form zu bleiben oder wieder [&hellip;]<\/p>\n","protected":false},"featured_media":37758,"template":"","meta":{"_acf_changed":false,"footnotes":""},"product_brand":[],"product_cat":[766,953],"product_tag":[],"class_list":{"0":"post-37757","1":"product","2":"type-product","3":"status-publish","4":"has-post-thumbnail","6":"product_cat-vitamines","7":"product_cat-complements-alimentaires","9":"first","10":"outofstock","11":"taxable","12":"shipping-taxable","13":"purchasable","14":"product-type-simple"},"acf":[],"_links":{"self":[{"href":"https:\/\/www.pharmacieonline.lu\/de\/wp-json\/wp\/v2\/product\/37757","targetHints":{"allow":["GET"]}}],"collection":[{"href":"https:\/\/www.pharmacieonline.lu\/de\/wp-json\/wp\/v2\/product"}],"about":[{"href":"https:\/\/www.pharmacieonline.lu\/de\/wp-json\/wp\/v2\/types\/product"}],"version-history":[{"count":0,"href":"https:\/\/www.pharmacieonline.lu\/de\/wp-json\/wp\/v2\/product\/37757\/revisions"}],"wp:featuredmedia":[{"embeddable":true,"href":"https:\/\/www.pharmacieonline.lu\/de\/wp-json\/wp\/v2\/media\/37758"}],"wp:attachment":[{"href":"https:\/\/www.pharmacieonline.lu\/de\/wp-json\/wp\/v2\/media?parent=37757"}],"wp:term":[{"taxonomy":"product_brand","embeddable":true,"href":"https:\/\/www.pharmacieonline.lu\/de\/wp-json\/wp\/v2\/product_brand?post=37757"},{"taxonomy":"product_cat","embeddable":true,"href":"https:\/\/www.pharmacieonline.lu\/de\/wp-json\/wp\/v2\/product_cat?post=37757"},{"taxonomy":"product_tag","embeddable":true,"href":"https:\/\/www.pharmacieonline.lu\/de\/wp-json\/wp\/v2\/product_tag?post=37757"}],"curies":[{"name":"wp","href":"https:\/\/api.w.org\/{rel}","templated":true}]}}