{"id":378,"date":"2020-11-25T17:26:57","date_gmt":"2020-11-25T16:26:57","guid":{"rendered":"https:\/\/www.pharmacieonline.lu\/produit\/daktozin-025-pate-90-g-52490\/"},"modified":"2026-04-28T19:40:18","modified_gmt":"2026-04-28T17:40:18","slug":"daktozin-025-pate-90-g-52490","status":"publish","type":"product","link":"https:\/\/www.pharmacieonline.lu\/de\/produit\/daktozin-025-pate-90-g-52490\/","title":{"rendered":"DAKTOZIN 0,25% PATE 90 G           52490"},"content":{"rendered":"<p>Daktozin ist ein Arzneimittel zur \u00e4u\u00dferlichen Anwendung gegen Windeldermatitis. Es enth\u00e4lt ein Arzneimittel gegen Pilze (Miconazolnitrat) und ein Arzneimittel mit lokaler Schutzwirkung (Zinkoxid). Die Salbe haftet gut und dauerhaft auf der Haut und sch\u00fctzt sie vor der Reizwirkung von Urin und Stuhl. So werden Pilze und Bakterien schnell zerst\u00f6rt und die Haut erholt sich schnell.<br \/>\nDaktozin ist bei Babys und Kleinkindern zur Behandlung von trockenen und feuchten Formen von Hautentz\u00fcndungen angezeigt, die auftreten, wenn Urin und Stuhl zu lange mit der Haut in der Windel in Kontakt bleiben (Dermatitis-Wickelkleidung). Es ist nicht ungew\u00f6hnlich, dass hier eine zus\u00e4tzliche Infektion durch Pilze auftritt.<\/p>\n<p>Verwenden Sie dieses Arzneimittel immer genau so, wie es in dieser Packungsbeilage beschrieben ist oder wie es Ihnen Ihr Arzt oder Apotheker mitgeteilt hat. Fragen Sie im Zweifelsfall Ihren Arzt oder Apotheker. Daktozin ist nach jedem Windelwechsel und nach dem Baden auf die gesamte entz\u00fcndete Oberfl\u00e4che aufzutragen. Vor dem Auftragen muss die Haut &#8211; falls erforderlich &#8211; mit lauwarmem Wasser gereinigt und sanft getrocknet werden. Tragen Sie die Salbe dann vorsichtig mit den Fingerspitzen auf (ohne zu reiben, damit sie eindringt).<br \/>\nDie Verwendung der Salbe schlie\u00dft die \u00fcblichen Vorsichtsma\u00dfnahmen nicht aus: Die Verwendung nicht hermetischer (Wegwerf-) Windeln und der h\u00e4ufige Windelwechsel sind sehr wichtig. Entz\u00fcndete Haut kann nicht mit duftenden Lotionen, Seifen oder Shampoos gereinigt werden.<br \/>\nSie sollten Ihr Baby oder Kleinkind mindestens eine Woche lang behandeln, nachdem alle Anzeichen und Symptome verschwunden sind.<\/p>\n<p>Was Daktozin enth\u00e4lt<br \/>\nDie Wirkstoffe sind Miconazolnitrat und Zinkoxid. Ein Gramm Salbe enth\u00e4lt 2,5 mg Miconazolnitrat und 150 mg Zinkoxid.<br \/>\nDie anderen Inhaltsstoffe sind wei\u00dfer Petrolatum-, Trihydroxystearin- und Fliederduft (enth\u00e4lt Allergene, siehe Abschnitt 2: Daktozin enth\u00e4lt einen Duft, der enth\u00e4lt<br \/>\nAllergene.).<\/p>","protected":false},"excerpt":{"rendered":"<p>Daktozin ist ein Arzneimittel zur \u00e4u\u00dferlichen Anwendung gegen Windeldermatitis. Es enth\u00e4lt ein Arzneimittel gegen Pilze (Miconazolnitrat) und ein Arzneimittel mit lokaler Schutzwirkung (Zinkoxid). Die Salbe haftet gut und dauerhaft auf der Haut und sch\u00fctzt sie vor der Reizwirkung von Urin und Stuhl. So werden Pilze und Bakterien schnell zerst\u00f6rt und die Haut erholt sich schnell. [&hellip;]<\/p>\n","protected":false},"featured_media":5192,"template":"","meta":{"_acf_changed":false,"footnotes":""},"product_brand":[],"product_cat":[783,43,115,44,113],"product_tag":[],"class_list":{"0":"post-378","1":"product","2":"type-product","3":"status-publish","4":"has-post-thumbnail","6":"product_cat-creme-pour-le-change","7":"product_cat-medicaments-en-vente-libre","8":"product_cat-change-de-bebe","9":"product_cat-bebe-maman","10":"product_cat-sante-bebe","12":"first","13":"instock","14":"taxable","15":"shipping-taxable","16":"purchasable","17":"product-type-simple"},"acf":[],"_links":{"self":[{"href":"https:\/\/www.pharmacieonline.lu\/de\/wp-json\/wp\/v2\/product\/378","targetHints":{"allow":["GET"]}}],"collection":[{"href":"https:\/\/www.pharmacieonline.lu\/de\/wp-json\/wp\/v2\/product"}],"about":[{"href":"https:\/\/www.pharmacieonline.lu\/de\/wp-json\/wp\/v2\/types\/product"}],"version-history":[{"count":0,"href":"https:\/\/www.pharmacieonline.lu\/de\/wp-json\/wp\/v2\/product\/378\/revisions"}],"wp:featuredmedia":[{"embeddable":true,"href":"https:\/\/www.pharmacieonline.lu\/de\/wp-json\/wp\/v2\/media\/5192"}],"wp:attachment":[{"href":"https:\/\/www.pharmacieonline.lu\/de\/wp-json\/wp\/v2\/media?parent=378"}],"wp:term":[{"taxonomy":"product_brand","embeddable":true,"href":"https:\/\/www.pharmacieonline.lu\/de\/wp-json\/wp\/v2\/product_brand?post=378"},{"taxonomy":"product_cat","embeddable":true,"href":"https:\/\/www.pharmacieonline.lu\/de\/wp-json\/wp\/v2\/product_cat?post=378"},{"taxonomy":"product_tag","embeddable":true,"href":"https:\/\/www.pharmacieonline.lu\/de\/wp-json\/wp\/v2\/product_tag?post=378"}],"curies":[{"name":"wp","href":"https:\/\/api.w.org\/{rel}","templated":true}]}}