{"id":37818,"date":"2023-08-18T11:10:15","date_gmt":"2023-08-18T09:10:15","guid":{"rendered":"https:\/\/www.pharmacieonline.lu\/?post_type=product&#038;p=37818"},"modified":"2026-04-04T05:55:13","modified_gmt":"2026-04-04T03:55:13","slug":"orozyme-bucco-fresh-dental-croq-150g-vet","status":"publish","type":"product","link":"https:\/\/www.pharmacieonline.lu\/de\/produit\/orozyme-bucco-fresh-dental-croq-150g-vet\/","title":{"rendered":"OROZYME BUCCO-FRESH DENTAL CROQ 150G VET"},"content":{"rendered":"<p>Nahrungserg\u00e4nzungsmittel f\u00fcr die Mundgesundheit von Hunden<br \/>\nEigenschaften :<br \/>\nOrozyme Bucco-Fresh Dental Croq enth\u00e4lt eine patentierte Algenart, deren positive Wirkung auf die Mundhygiene nachgewiesen wurde. Orozyme Bucco-Fresh Dental Croq wird direkt im Darm resorbiert und \u00fcber die Speicheldr\u00fcsen ausgeschieden. Das Produkt verhindert das Anhaften von Plaque an den Z\u00e4hnen und mildert Zahnsteinablagerungen. Das Ergebnis sehen wir nach ca. 3 Wochen. Mundgeruch verschwindet, ein erstes Zeichen einer verbesserten Mundhygiene. Im zweiten Fall erweicht der vorhandene Zahnstein und kann sich teilweise von den Z\u00e4hnen l\u00f6sen.<br \/>\nOrozyme Bucco-Fresh Dental Croq wurde auf maximale Schmackhaftigkeit formuliert und getestet, was es zu einer gesunden Belohnung f\u00fcr Ihr Haustier macht.<br \/>\nKeine tierischen Proteine, Farb- oder Konservierungsstoffe<\/p>\n<p>F\u00fcr die Mundgesundheit bei Hunden<\/p>\n<p>Kontraindikationen:<br \/>\nAufgrund des hohen Jodgehalts nicht an Tiere mit Schilddr\u00fcsen\u00fcberfunktion verabreichen.<\/p>\n<p>Zutaten :<br \/>\nMeeresalge Ascophyllum Nodosum D1070**, Weizen*, Mais*, gesch\u00e4ltes Reismehl*, Gerste*, Weizenkleie*, Oliven\u00f6l*, Mineralstoffe**, Hefe**<br \/>\n*Aus biologischem Anbau<br \/>\n**Aus nat\u00fcrlichen Quellen<\/p>","protected":false},"excerpt":{"rendered":"<p>Nahrungserg\u00e4nzungsmittel f\u00fcr die Mundgesundheit von Hunden Eigenschaften : Orozyme Bucco-Fresh Dental Croq enth\u00e4lt eine patentierte Algenart, deren positive Wirkung auf die Mundhygiene nachgewiesen wurde. Orozyme Bucco-Fresh Dental Croq wird direkt im Darm resorbiert und \u00fcber die Speicheldr\u00fcsen ausgeschieden. Das Produkt verhindert das Anhaften von Plaque an den Z\u00e4hnen und mildert Zahnsteinablagerungen. Das Ergebnis sehen wir [&hellip;]<\/p>\n","protected":false},"featured_media":37820,"template":"","meta":{"_acf_changed":false,"footnotes":""},"product_brand":[],"product_cat":[151,156,46],"product_tag":[],"class_list":{"0":"post-37818","1":"product","2":"type-product","3":"status-publish","4":"has-post-thumbnail","6":"product_cat-chiens","7":"product_cat-soins-chiens","8":"product_cat-veterinaire","10":"first","11":"outofstock","12":"taxable","13":"shipping-taxable","14":"purchasable","15":"product-type-simple"},"acf":[],"_links":{"self":[{"href":"https:\/\/www.pharmacieonline.lu\/de\/wp-json\/wp\/v2\/product\/37818","targetHints":{"allow":["GET"]}}],"collection":[{"href":"https:\/\/www.pharmacieonline.lu\/de\/wp-json\/wp\/v2\/product"}],"about":[{"href":"https:\/\/www.pharmacieonline.lu\/de\/wp-json\/wp\/v2\/types\/product"}],"version-history":[{"count":1,"href":"https:\/\/www.pharmacieonline.lu\/de\/wp-json\/wp\/v2\/product\/37818\/revisions"}],"predecessor-version":[{"id":55580,"href":"https:\/\/www.pharmacieonline.lu\/de\/wp-json\/wp\/v2\/product\/37818\/revisions\/55580"}],"wp:featuredmedia":[{"embeddable":true,"href":"https:\/\/www.pharmacieonline.lu\/de\/wp-json\/wp\/v2\/media\/37820"}],"wp:attachment":[{"href":"https:\/\/www.pharmacieonline.lu\/de\/wp-json\/wp\/v2\/media?parent=37818"}],"wp:term":[{"taxonomy":"product_brand","embeddable":true,"href":"https:\/\/www.pharmacieonline.lu\/de\/wp-json\/wp\/v2\/product_brand?post=37818"},{"taxonomy":"product_cat","embeddable":true,"href":"https:\/\/www.pharmacieonline.lu\/de\/wp-json\/wp\/v2\/product_cat?post=37818"},{"taxonomy":"product_tag","embeddable":true,"href":"https:\/\/www.pharmacieonline.lu\/de\/wp-json\/wp\/v2\/product_tag?post=37818"}],"curies":[{"name":"wp","href":"https:\/\/api.w.org\/{rel}","templated":true}]}}