{"id":37842,"date":"2023-08-18T12:27:11","date_gmt":"2023-08-18T10:27:11","guid":{"rendered":"https:\/\/www.pharmacieonline.lu\/?post_type=product&#038;p=37842"},"modified":"2026-04-04T07:55:14","modified_gmt":"2026-04-04T05:55:14","slug":"orozyme-canine-s10-kg-224-g-vet","status":"publish","type":"product","link":"https:\/\/www.pharmacieonline.lu\/de\/produit\/orozyme-canine-s10-kg-224-g-vet\/","title":{"rendered":"OROZYME CANINE S&lt;10 KG 224 G VET"},"content":{"rendered":"<p><em>Orozyme Canine Kaustreifen f\u00fcr Ihre Hund sind strips welche die Kauarbeit bei Hunde stimulieren.<\/em><\/p>\n<p>die Kaustreifen hemmen die S\u00e4ureproduktion und den Wachstum von Bakterien. Dies verhindert, das Ihr Hund Plaque bekommt. Auf diese Weise sorgen die Kaustreifen f\u00fcr die T\u00e4gliche Versorgung der Z\u00e4hne Ihres Hundes. Auch bekommt Ihre Hund dadurch ein frisches Atemzug und beruhigen die Strips irritiert Zahnfleisch.<\/p>\n<p>Sie sollten mindestens einen Orozyme Canine Kaustreifen geben an Ihren Hund, jeden abend nach die Mahlzeit.<\/p>\n<p>Die Kaustreifen sind bestimmt f\u00fcr Hunde mit einem K\u00f6rpergewicht unter 10 kg.<\/p>\n<p><em>Aufpassen bitte: Der Zahnstein, der schon auf den Z\u00e4hnen Ihres Hundes sitzt, wird nicht entfernt durch diese Streifen. Sie k\u00f6nnen mit diesen Streifen nur die Z\u00e4hne Ihres Hundes sauber halten.<\/em><\/p>","protected":false},"excerpt":{"rendered":"<p>Orozyme Canine Kaustreifen f\u00fcr Ihre Hund sind strips welche die Kauarbeit bei Hunde stimulieren. die Kaustreifen hemmen die S\u00e4ureproduktion und den Wachstum von Bakterien. Dies verhindert, das Ihr Hund Plaque bekommt. Auf diese Weise sorgen die Kaustreifen f\u00fcr die T\u00e4gliche Versorgung der Z\u00e4hne Ihres Hundes. Auch bekommt Ihre Hund dadurch ein frisches Atemzug und beruhigen [&hellip;]<\/p>\n","protected":false},"featured_media":37844,"template":"","meta":{"_acf_changed":false,"footnotes":""},"product_brand":[],"product_cat":[151,156,46],"product_tag":[],"class_list":{"0":"post-37842","1":"product","2":"type-product","3":"status-publish","4":"has-post-thumbnail","6":"product_cat-chiens","7":"product_cat-soins-chiens","8":"product_cat-veterinaire","10":"first","11":"outofstock","12":"taxable","13":"shipping-taxable","14":"purchasable","15":"product-type-simple"},"acf":[],"_links":{"self":[{"href":"https:\/\/www.pharmacieonline.lu\/de\/wp-json\/wp\/v2\/product\/37842","targetHints":{"allow":["GET"]}}],"collection":[{"href":"https:\/\/www.pharmacieonline.lu\/de\/wp-json\/wp\/v2\/product"}],"about":[{"href":"https:\/\/www.pharmacieonline.lu\/de\/wp-json\/wp\/v2\/types\/product"}],"version-history":[{"count":1,"href":"https:\/\/www.pharmacieonline.lu\/de\/wp-json\/wp\/v2\/product\/37842\/revisions"}],"predecessor-version":[{"id":55576,"href":"https:\/\/www.pharmacieonline.lu\/de\/wp-json\/wp\/v2\/product\/37842\/revisions\/55576"}],"wp:featuredmedia":[{"embeddable":true,"href":"https:\/\/www.pharmacieonline.lu\/de\/wp-json\/wp\/v2\/media\/37844"}],"wp:attachment":[{"href":"https:\/\/www.pharmacieonline.lu\/de\/wp-json\/wp\/v2\/media?parent=37842"}],"wp:term":[{"taxonomy":"product_brand","embeddable":true,"href":"https:\/\/www.pharmacieonline.lu\/de\/wp-json\/wp\/v2\/product_brand?post=37842"},{"taxonomy":"product_cat","embeddable":true,"href":"https:\/\/www.pharmacieonline.lu\/de\/wp-json\/wp\/v2\/product_cat?post=37842"},{"taxonomy":"product_tag","embeddable":true,"href":"https:\/\/www.pharmacieonline.lu\/de\/wp-json\/wp\/v2\/product_tag?post=37842"}],"curies":[{"name":"wp","href":"https:\/\/api.w.org\/{rel}","templated":true}]}}