{"id":37853,"date":"2023-08-18T12:45:09","date_gmt":"2023-08-18T10:45:09","guid":{"rendered":"https:\/\/www.pharmacieonline.lu\/?post_type=product&#038;p=37853"},"modified":"2026-04-04T07:55:14","modified_gmt":"2026-04-04T05:55:14","slug":"orozyme-canine-m-10-30-kg-141-g-vet","status":"publish","type":"product","link":"https:\/\/www.pharmacieonline.lu\/de\/produit\/orozyme-canine-m-10-30-kg-141-g-vet\/","title":{"rendered":"OROZYME CANINE M 10-30 KG 141 G VET"},"content":{"rendered":"<p>Orozyme Canine Kaustreifen f\u00fcr Ihren Hund sind Streifen, die die Kauarbeit bei Hunden stimulieren.<\/p>\n<p>Die Kaustreifen hemmen die S\u00e4ureproduktion und das Wachstum von Bakterien. Dies verhindert, dass Ihr Hund Plaque bekommt. Auf diese Weise sorgen die Kaustreifen f\u00fcr die t\u00e4gliche Versorgung der Z\u00e4hne Ihres Hundes. Auch bekommt Ihr Hund dadurch ein frisches Atemzug und beruhigt die Strips irritiertes Zahnfleisch.<\/p>\n<p>Sie sollten Ihrem Hund jeden Abend nach der Mahlzeit mindestens einen Orozyme Canine Kaustreifen geben.<\/p>\n<p>Die Kaustreifen sind bestimmt f\u00fcr Hunde mit einem K\u00f6rpergewicht von 10-30 kg.<\/p>\n<p>Aufpassen bitte: Der Zahnstein, der schon auf den Z\u00e4hnen Ihres Hundes sitzt, wird nicht durch diese Streifen entfernt. Mit diesen Streifen k\u00f6nnen Sie nur die Z\u00e4hne Ihres Hundes sauber halten.<\/p>","protected":false},"excerpt":{"rendered":"<p>Orozyme Canine Kaustreifen f\u00fcr Ihren Hund sind Streifen, die die Kauarbeit bei Hunden stimulieren. Die Kaustreifen hemmen die S\u00e4ureproduktion und das Wachstum von Bakterien. Dies verhindert, dass Ihr Hund Plaque bekommt. Auf diese Weise sorgen die Kaustreifen f\u00fcr die t\u00e4gliche Versorgung der Z\u00e4hne Ihres Hundes. Auch bekommt Ihr Hund dadurch ein frisches Atemzug und beruhigt [&hellip;]<\/p>\n","protected":false},"featured_media":37855,"template":"","meta":{"_acf_changed":false,"footnotes":""},"product_brand":[],"product_cat":[151,156,46],"product_tag":[],"class_list":{"0":"post-37853","1":"product","2":"type-product","3":"status-publish","4":"has-post-thumbnail","6":"product_cat-chiens","7":"product_cat-soins-chiens","8":"product_cat-veterinaire","10":"first","11":"outofstock","12":"taxable","13":"shipping-taxable","14":"purchasable","15":"product-type-simple"},"acf":[],"_links":{"self":[{"href":"https:\/\/www.pharmacieonline.lu\/de\/wp-json\/wp\/v2\/product\/37853","targetHints":{"allow":["GET"]}}],"collection":[{"href":"https:\/\/www.pharmacieonline.lu\/de\/wp-json\/wp\/v2\/product"}],"about":[{"href":"https:\/\/www.pharmacieonline.lu\/de\/wp-json\/wp\/v2\/types\/product"}],"version-history":[{"count":1,"href":"https:\/\/www.pharmacieonline.lu\/de\/wp-json\/wp\/v2\/product\/37853\/revisions"}],"predecessor-version":[{"id":55582,"href":"https:\/\/www.pharmacieonline.lu\/de\/wp-json\/wp\/v2\/product\/37853\/revisions\/55582"}],"wp:featuredmedia":[{"embeddable":true,"href":"https:\/\/www.pharmacieonline.lu\/de\/wp-json\/wp\/v2\/media\/37855"}],"wp:attachment":[{"href":"https:\/\/www.pharmacieonline.lu\/de\/wp-json\/wp\/v2\/media?parent=37853"}],"wp:term":[{"taxonomy":"product_brand","embeddable":true,"href":"https:\/\/www.pharmacieonline.lu\/de\/wp-json\/wp\/v2\/product_brand?post=37853"},{"taxonomy":"product_cat","embeddable":true,"href":"https:\/\/www.pharmacieonline.lu\/de\/wp-json\/wp\/v2\/product_cat?post=37853"},{"taxonomy":"product_tag","embeddable":true,"href":"https:\/\/www.pharmacieonline.lu\/de\/wp-json\/wp\/v2\/product_tag?post=37853"}],"curies":[{"name":"wp","href":"https:\/\/api.w.org\/{rel}","templated":true}]}}