{"id":381,"date":"2020-11-25T17:26:57","date_gmt":"2020-11-25T16:26:57","guid":{"rendered":"https:\/\/www.pharmacieonline.lu\/produit\/dakin-cooper-stabilise-250-ml\/"},"modified":"2026-04-27T23:55:39","modified_gmt":"2026-04-27T21:55:39","slug":"dakin-cooper-stabilise-250-ml","status":"publish","type":"product","link":"https:\/\/www.pharmacieonline.lu\/de\/produit\/dakin-cooper-stabilise-250-ml\/","title":{"rendered":"DAKIN COOPER STABILISE 250 ML"},"content":{"rendered":"<p>Dakin Cooper\u00ae stabilized ist ein lokales Antiseptikum zur \u00e4u\u00dferlichen Anwendung (es wird zur Desinfektion von Haut und Schleimh\u00e4uten verwendet).<\/p>\n<p>Es wird bei der Antisepsis von Haut, Wunden und Schleimh\u00e4uten empfohlen.<\/p>\n<p>Dakin Cooper\u00ae stabilisiert muss rein verwendet werden: bei Sp\u00fclungen, beim Waschen (z. B. beim Waschen von Wunden), bei eingeweichten Kompressen, bei feuchten Verb\u00e4nden, bei B\u00e4dern (z. B. Baden von Fingern, F\u00fc\u00dfen, Belagerung).<\/p>\n<p>Erneuern Sie die Anwendungen nach Bedarf.<\/p>\n<p>Komposition:<\/p>\n<p>Konzentrierte Natriumhypochloritl\u00f6sung<\/p>\n<p>Menge entsprechend aktivem Chlor 0,500 g pro 100 ml L\u00f6sung zur lokalen Anwendung. Hilfsstoffe: Kaliumpermanganat, Natriumdihydrogenphosphatdihydrat, gereinigtes Wasser.<\/p>","protected":false},"excerpt":{"rendered":"<p>Dakin Cooper\u00ae stabilized ist ein lokales Antiseptikum zur \u00e4u\u00dferlichen Anwendung (es wird zur Desinfektion von Haut und Schleimh\u00e4uten verwendet). Es wird bei der Antisepsis von Haut, Wunden und Schleimh\u00e4uten empfohlen. Dakin Cooper\u00ae stabilisiert muss rein verwendet werden: bei Sp\u00fclungen, beim Waschen (z. B. beim Waschen von Wunden), bei eingeweichten Kompressen, bei feuchten Verb\u00e4nden, bei B\u00e4dern [&hellip;]<\/p>\n","protected":false},"featured_media":5494,"template":"","meta":{"_acf_changed":false,"footnotes":""},"product_brand":[],"product_cat":[788,775,45],"product_tag":[],"class_list":{"0":"post-381","1":"product","2":"type-product","3":"status-publish","4":"has-post-thumbnail","6":"product_cat-antiseptiques","7":"product_cat-premiers-soins-plaies-brulures","8":"product_cat-materiel-medical","10":"first","11":"instock","12":"taxable","13":"shipping-taxable","14":"purchasable","15":"product-type-simple"},"acf":[],"_links":{"self":[{"href":"https:\/\/www.pharmacieonline.lu\/de\/wp-json\/wp\/v2\/product\/381","targetHints":{"allow":["GET"]}}],"collection":[{"href":"https:\/\/www.pharmacieonline.lu\/de\/wp-json\/wp\/v2\/product"}],"about":[{"href":"https:\/\/www.pharmacieonline.lu\/de\/wp-json\/wp\/v2\/types\/product"}],"version-history":[{"count":0,"href":"https:\/\/www.pharmacieonline.lu\/de\/wp-json\/wp\/v2\/product\/381\/revisions"}],"wp:featuredmedia":[{"embeddable":true,"href":"https:\/\/www.pharmacieonline.lu\/de\/wp-json\/wp\/v2\/media\/5494"}],"wp:attachment":[{"href":"https:\/\/www.pharmacieonline.lu\/de\/wp-json\/wp\/v2\/media?parent=381"}],"wp:term":[{"taxonomy":"product_brand","embeddable":true,"href":"https:\/\/www.pharmacieonline.lu\/de\/wp-json\/wp\/v2\/product_brand?post=381"},{"taxonomy":"product_cat","embeddable":true,"href":"https:\/\/www.pharmacieonline.lu\/de\/wp-json\/wp\/v2\/product_cat?post=381"},{"taxonomy":"product_tag","embeddable":true,"href":"https:\/\/www.pharmacieonline.lu\/de\/wp-json\/wp\/v2\/product_tag?post=381"}],"curies":[{"name":"wp","href":"https:\/\/api.w.org\/{rel}","templated":true}]}}