{"id":38226,"date":"2023-09-05T11:37:17","date_gmt":"2023-09-05T09:37:17","guid":{"rendered":"https:\/\/www.pharmacieonline.lu\/?post_type=product&#038;p=38226"},"modified":"2026-04-03T05:55:13","modified_gmt":"2026-04-03T03:55:13","slug":"nan-evolia-hydrolysed-protein-2","status":"publish","type":"product","link":"https:\/\/www.pharmacieonline.lu\/de\/produit\/nan-evolia-hydrolysed-protein-2\/","title":{"rendered":"NAN EVOLIA HYDROLYSED PROTEIN 2"},"content":{"rendered":"<p>Allgemeine Beschreibung<\/p>\n<p>Eine Zweitaltersmilch f\u00fcr Babys ab 6 Monaten f\u00fcr den \u00dcbergang zwischen Stillen und Flaschenern\u00e4hrung oder als Erg\u00e4nzung zum Stillen.<\/p>\n<p>NAN Evolia HP 2 ist eine Milch f\u00fcr das 2. Lebensjahr auf der Basis hydrolysierter Proteine, die f\u00fcr Babys ab 6 Monaten f\u00fcr den \u00dcbergang zwischen Stillen und Flaschenern\u00e4hrung oder als Erg\u00e4nzung zum Stillen bestimmt ist*. Unsere einzigartige Formel, die nach einem exklusiven Verfahren von Nestl\u00e9 entwickelt wurde, bietet Ihrem Kind eine solide Grundlage und unterst\u00fctzt es gleichzeitig:<\/p>\n<p>&#8211; Das Immunsystem dank Vitamin A, C und D, Eisen und Zink.<\/p>\n<p>&#8211; Normales Wachstum dank Zink.<\/p>\n<p>&#8211; Normale Gehirnentwicklung dank Omega-3 (ALA).<\/p>\n<p>&#8211; Normale kognitive Entwicklung dank\u00a0Eisen.<\/p>\n<p>&#8211; Knochenaufbau dank Kalzium und Vitamin D.<\/p>\n<p>Wichtig: Muttermilch ist die ideale Nahrung f\u00fcr S\u00e4uglinge. Bitte konsultieren Sie Ihren Arzt.<\/p>\n<p>Indikation<\/p>\n<p>Zweitaltersmilch f\u00fcr Babys im Alter von 6 bis 12 Monaten.<\/p>\n<p>Verwenden<\/p>\n<p>1. Waschen Sie Ihre H\u00e4nde gr\u00fcndlich und sterilisieren Sie die Flasche, die Unterlegscheibe und den Sauger 5 Minuten lang in kochendem Wasser. Verwenden Sie nur saubere Utensilien.<\/p>\n<p>2. F\u00fcllen Sie zun\u00e4chst die angegebene Menge Wasser (25\u00b0C \u2013 37\u00b0C) in die Flasche. Verwenden Sie nur leicht mineralisiertes Wasser ohne Kohlens\u00e4ure.<\/p>\n<p>3. F\u00fcgen Sie die Anzahl der empfohlenen und abgestuften Messungen hinzu. Verwenden Sie nur die in der Produktverpackung angegebene Dosis, um eine \u00dcberdosierung zu vermeiden.<\/p>\n<p>4. Verschlie\u00dfen Sie die Flasche und sch\u00fctteln Sie sie kr\u00e4ftig, bis sie vollst\u00e4ndig aufgel\u00f6st ist. \u00dcberpr\u00fcfen Sie die Temperatur Ihres Handr\u00fcckens, bevor Sie Ihrem Baby eine Flasche geben.<\/p>\n<p>5. Bewahren Sie das Ma\u00df nach der Verwendung am Innenrand der Box auf. Nach jedem Gebrauch sorgf\u00e4ltig verschlie\u00dfen und an einem k\u00fchlen, trockenen Ort aufbewahren. Nach dem \u00d6ffnen den Inhalt nicht l\u00e4nger als drei Wochen verwenden.<\/p>\n<p>Komposition<\/p>\n<p>Zutaten: Laktose, Sonnenblumen\u00f6l mit hohem \u00d6ls\u00e4uregehalt, Molkenproteinisolat (Milch), Molkenproteinkonzentrat mit niedrigem Erucas\u00e4uregehalt (Milch), Raps\u00f6l mit niedrigem Erucas\u00e4uregehalt, Raps\u00f6l-Sonnenblume, Calciumglycerophosphat, Calciumphosphat, Fisch\u00f6l, Calciumchlorid, Magnesiumchlorid, Kalium Citrat, Mortierella-Alpina-\u00d6l, Kaliumchlorid, L-Arginin, S\u00e4ureregulator: Zitronens\u00e4ure; Mischung aus 2&#8242;-Fucosyllactose\/Diphucosyllactose, Natriumcitrat, L-Histidin, Vitamine (C, E, Niacin, Pantothens\u00e4ure, B1, B2, A, B6, Fols\u00e4ure, K, D, Biotin, B12), Lacto-N -Tetraose, L-Tyrosin, Natriumsalz von 6&#8242;-Sialyllactose, L. reuteri*, Eisensulfat, Natriumchlorid, Zinksulfat, Natriumsalz von 3&#8242;-Sialyllactose, Kupfersulfat, Mangansulfat, Kaliumiodid, Natriumselenat.<\/p>\n<p>Eigenschaften<\/p>\n<p>Einzigartige Formel, teilweises Molkenhydrolysat, ohne Palm\u00f6l.<\/p>","protected":false},"excerpt":{"rendered":"<p>Allgemeine Beschreibung Eine Zweitaltersmilch f\u00fcr Babys ab 6 Monaten f\u00fcr den \u00dcbergang zwischen Stillen und Flaschenern\u00e4hrung oder als Erg\u00e4nzung zum Stillen. NAN Evolia HP 2 ist eine Milch f\u00fcr das 2. Lebensjahr auf der Basis hydrolysierter Proteine, die f\u00fcr Babys ab 6 Monaten f\u00fcr den \u00dcbergang zwischen Stillen und Flaschenern\u00e4hrung oder als Erg\u00e4nzung zum Stillen [&hellip;]<\/p>\n","protected":false},"featured_media":38227,"template":"","meta":{"_acf_changed":false,"footnotes":""},"product_brand":[],"product_cat":[117,119,44],"product_tag":[],"class_list":{"0":"post-38226","1":"product","2":"type-product","3":"status-publish","4":"has-post-thumbnail","6":"product_cat-alimentation","7":"product_cat-laits","8":"product_cat-bebe-maman","10":"first","11":"outofstock","12":"taxable","13":"shipping-taxable","14":"purchasable","15":"product-type-simple"},"acf":[],"_links":{"self":[{"href":"https:\/\/www.pharmacieonline.lu\/de\/wp-json\/wp\/v2\/product\/38226","targetHints":{"allow":["GET"]}}],"collection":[{"href":"https:\/\/www.pharmacieonline.lu\/de\/wp-json\/wp\/v2\/product"}],"about":[{"href":"https:\/\/www.pharmacieonline.lu\/de\/wp-json\/wp\/v2\/types\/product"}],"version-history":[{"count":0,"href":"https:\/\/www.pharmacieonline.lu\/de\/wp-json\/wp\/v2\/product\/38226\/revisions"}],"wp:featuredmedia":[{"embeddable":true,"href":"https:\/\/www.pharmacieonline.lu\/de\/wp-json\/wp\/v2\/media\/38227"}],"wp:attachment":[{"href":"https:\/\/www.pharmacieonline.lu\/de\/wp-json\/wp\/v2\/media?parent=38226"}],"wp:term":[{"taxonomy":"product_brand","embeddable":true,"href":"https:\/\/www.pharmacieonline.lu\/de\/wp-json\/wp\/v2\/product_brand?post=38226"},{"taxonomy":"product_cat","embeddable":true,"href":"https:\/\/www.pharmacieonline.lu\/de\/wp-json\/wp\/v2\/product_cat?post=38226"},{"taxonomy":"product_tag","embeddable":true,"href":"https:\/\/www.pharmacieonline.lu\/de\/wp-json\/wp\/v2\/product_tag?post=38226"}],"curies":[{"name":"wp","href":"https:\/\/api.w.org\/{rel}","templated":true}]}}