{"id":38243,"date":"2023-09-05T12:26:44","date_gmt":"2023-09-05T10:26:44","guid":{"rendered":"https:\/\/www.pharmacieonline.lu\/?post_type=product&#038;p=38243"},"modified":"2026-04-03T09:55:16","modified_gmt":"2026-04-03T07:55:16","slug":"nan-satiete-1-800-g","status":"publish","type":"product","link":"https:\/\/www.pharmacieonline.lu\/de\/produit\/nan-satiete-1-800-g\/","title":{"rendered":"NAN SATIETE 1 800 G"},"content":{"rendered":"<p>Allgemeine Beschreibung<\/p>\n<p>Nestl\u00e9 NAN Sati\u00e9te 1 ist eine eingedickte S\u00e4uglingsmilch, die f\u00fcr die spezifische Ern\u00e4hrung von Babys von der Geburt bis zum 6. Monat bestimmt ist, wenn sie nicht gestillt werden, und kann nach \u00e4rztlichem Rat in Kombination mit oder nach dem Stillen verwendet werden. NAN Satiety 1 enth\u00e4lt Galacto-Oligosaccharide und Fructo-Oligosaccharide (GOS-FOS).<\/p>\n<p>Indikation<\/p>\n<p>Wichtiger Hinweis: Nach Angaben der WHO (Nationale Gesundheitsorganisation) ist das Stillen die beste Art, ein Baby zu ern\u00e4hren, denn Muttermilch sorgt f\u00fcr eine ideal ausgewogene Ern\u00e4hrung, sch\u00fctzt das Baby vor Krankheiten und hat viele weitere Vorteile f\u00fcr das Baby und die Mutter. Wir empfehlen Ihnen, bei der Entscheidung, wie Sie Ihr Baby ern\u00e4hren sollen, den Rat Ihres Arztes oder Ihrer Kinderklinik einzuholen.<br \/>\nM\u00fctter sollten au\u00dferdem Ratschl\u00e4ge zur Vorbereitung und Aufrechterhaltung der Stillzeit erhalten. Wenn Sie sich f\u00fcr das Stillen entscheiden, ist es wichtig, sich gesund und ausgewogen zu ern\u00e4hren.<br \/>\nS\u00e4uglingsnahrung soll die Muttermilch ersetzen, wenn M\u00fctter nicht stillen m\u00f6chten oder aus anderen Gr\u00fcnden dazu nicht in der Lage sind. Die Entscheidung, nicht zu stillen oder teilweise Flaschen mit S\u00e4uglingsmilch einzuf\u00fchren, wird die Muttermilchproduktion verringern.<br \/>\nWenn Sie sich aus irgendeinem Grund daf\u00fcr entscheiden, nicht zu stillen, denken Sie daran, dass es schwierig sein wird, Ihre Entscheidung zu \u00e4ndern. Die Verwendung von S\u00e4uglingsanfangsnahrung hat auch soziale und finanzielle Auswirkungen, die ber\u00fccksichtigt werden m\u00fcssen. S\u00e4uglingsmilchflaschen m\u00fcssen immer wie auf der Verpackung angegeben vorbereitet, verwendet und gelagert werden, um jegliches Risiko f\u00fcr die Gesundheit des Babys zu vermeiden.<br \/>\nMit Kompliment von Nestl\u00e9.<\/p>\n<p>Kontraindikationen<\/p>\n<p>Allergene: Milch, Laktose, Fisch, Soja<\/p>\n<p>Komposition<br \/>\nErn\u00e4hrungswerte<br \/>\nPro 100 g Pulver pro 100 ml zubereitet<br \/>\nEnergie kJ\/kcal 2146\/513 280\/67<br \/>\nFett g 26 3.4<br \/>\n&#8211; davon ges\u00e4ttigte Fetts\u00e4uren g 10 1,3<br \/>\nKohlenhydrate g 59 7,8<br \/>\n&#8211; davon Zucker g 44 5,8<br \/>\n&#8211; St\u00e4rke g 15 2<br \/>\nBallaststoffe g 2,9 0,38<br \/>\n&#8211; GOS g 2,6 0,34<br \/>\n&#8211; FOS g 0,29 0,04<br \/>\nProtein g 9,5 1,2<br \/>\nZout g 0,38 0,05<br \/>\nVitamine<\/p>\n<p>&nbsp;<\/p>\n<p>Vitamin A \u00b5g 560 73,1<br \/>\nVitamin D \u00b5g 6,8 0,89<br \/>\nVitamin E mg 6,9 0,9<br \/>\nVitamin K \u00b5g 42 5,5<br \/>\nVitamin C mg 90 12<br \/>\nThiamin (B1) mg 0,6 0,078<br \/>\nRiboflavin (B2) mg 1 0,13<br \/>\nNiacin (PP) mg 4 0,52<br \/>\nPantothens\u00e4ure mg 3,6 0,47<br \/>\nVitamin B6 mg 0,33 0,043<br \/>\nBiotin \u00b5g 12 1,5<br \/>\nFols\u00e4ure \u00b5g 70 9.14<br \/>\nVitamin B12 \u00b5g 1 0,13<br \/>\nMineralien<\/p>\n<p>&nbsp;<\/p>\n<p>Natrium mg 150 20<br \/>\nKalzium mg 320 41,8<br \/>\nKalium mg 435 56,8<br \/>\nChlorid mg 320 41,8<br \/>\nPhosphor mg 185 24,1<br \/>\nMagnesium mg 50 6,53<br \/>\nMangan mg 0,13 0,016<br \/>\nFluorid mg &lt;0,060 &lt;0,0078<br \/>\nSelen \u00b5g 15 1,9<br \/>\nEisen mg 5,2 0,68<br \/>\nJod \u00b5g 120 15,7<br \/>\nKupfer mg 0,37 0,048<br \/>\nZink mg 5,4 0,7<br \/>\nCholin mg 60 7,8<br \/>\nInositol mg 55 7,2<br \/>\nTaurin mg 32 4.2<br \/>\nCarnitin mg 7 0,91<\/p>\n<p>Komposition<\/p>\n<p>&nbsp;<\/p>\n<p>Zutaten: Magermilch, Molkenprotein (Milch), Laktose (Milch), Kartoffelst\u00e4rke, Palmolein, Galacto-Oligosaccharide (Milch), Raps\u00f6l mit niedrigem Erucas\u00e4uregehalt, Kokos\u00f6l, Sonnenblumen\u00f6l, Maisst\u00e4rke, Calciumcitrat, Sojalecithin, Kaliumcitrat, Fructo-Oligosaccharide, Magnesiumchlorid, L-Phenylalanin, Natriumchlorid, Vitamine (C, E, Niacin, Pantothens\u00e4ure, A, B1, B6, B2, D, K, Fols\u00e4ure, B12, Biotin), Calciumphosphat , Taurin, Eisensulfat, L-Histidin, Inositol, Zinksulfat, Natriumcitrat, Bifidus-Kultur (Bl), L-Carnitin, Kupfersulfat, Kaliumiodid, Mangansulfat, Natriumselenat.<\/p>","protected":false},"excerpt":{"rendered":"<p>Allgemeine Beschreibung Nestl\u00e9 NAN Sati\u00e9te 1 ist eine eingedickte S\u00e4uglingsmilch, die f\u00fcr die spezifische Ern\u00e4hrung von Babys von der Geburt bis zum 6. Monat bestimmt ist, wenn sie nicht gestillt werden, und kann nach \u00e4rztlichem Rat in Kombination mit oder nach dem Stillen verwendet werden. NAN Satiety 1 enth\u00e4lt Galacto-Oligosaccharide und Fructo-Oligosaccharide (GOS-FOS). Indikation Wichtiger [&hellip;]<\/p>\n","protected":false},"featured_media":38244,"template":"","meta":{"_acf_changed":false,"footnotes":""},"product_brand":[],"product_cat":[117,119,44],"product_tag":[],"class_list":{"0":"post-38243","1":"product","2":"type-product","3":"status-publish","4":"has-post-thumbnail","6":"product_cat-alimentation","7":"product_cat-laits","8":"product_cat-bebe-maman","10":"first","11":"outofstock","12":"taxable","13":"shipping-taxable","14":"purchasable","15":"product-type-simple"},"acf":[],"_links":{"self":[{"href":"https:\/\/www.pharmacieonline.lu\/de\/wp-json\/wp\/v2\/product\/38243","targetHints":{"allow":["GET"]}}],"collection":[{"href":"https:\/\/www.pharmacieonline.lu\/de\/wp-json\/wp\/v2\/product"}],"about":[{"href":"https:\/\/www.pharmacieonline.lu\/de\/wp-json\/wp\/v2\/types\/product"}],"version-history":[{"count":0,"href":"https:\/\/www.pharmacieonline.lu\/de\/wp-json\/wp\/v2\/product\/38243\/revisions"}],"wp:featuredmedia":[{"embeddable":true,"href":"https:\/\/www.pharmacieonline.lu\/de\/wp-json\/wp\/v2\/media\/38244"}],"wp:attachment":[{"href":"https:\/\/www.pharmacieonline.lu\/de\/wp-json\/wp\/v2\/media?parent=38243"}],"wp:term":[{"taxonomy":"product_brand","embeddable":true,"href":"https:\/\/www.pharmacieonline.lu\/de\/wp-json\/wp\/v2\/product_brand?post=38243"},{"taxonomy":"product_cat","embeddable":true,"href":"https:\/\/www.pharmacieonline.lu\/de\/wp-json\/wp\/v2\/product_cat?post=38243"},{"taxonomy":"product_tag","embeddable":true,"href":"https:\/\/www.pharmacieonline.lu\/de\/wp-json\/wp\/v2\/product_tag?post=38243"}],"curies":[{"name":"wp","href":"https:\/\/api.w.org\/{rel}","templated":true}]}}