{"id":38246,"date":"2023-09-05T12:41:50","date_gmt":"2023-09-05T10:41:50","guid":{"rendered":"https:\/\/www.pharmacieonline.lu\/?post_type=product&#038;p=38246"},"modified":"2026-04-06T01:55:14","modified_gmt":"2026-04-05T23:55:14","slug":"nan-satiete-2-800-g","status":"publish","type":"product","link":"https:\/\/www.pharmacieonline.lu\/de\/produit\/nan-satiete-2-800-g\/","title":{"rendered":"NAN SATIETE 2 800 G"},"content":{"rendered":"<p>Allgemeine Beschreibung<\/p>\n<p>Nestl\u00e9 NAN Satiety 2 ist eine eingedickte Folgemilch, die s\u00e4ttigend wirkt, ohne die Kalorienaufnahme zu erh\u00f6hen, und f\u00fcr Babys ab 6 Monaten gedacht ist. Tr\u00e4gt dazu bei, eine solide Grundlage f\u00fcr die Zukunft zu schaffen, dank des Zinks, das sein Immunsystem unterst\u00fctzt, und des Eisens, das zu seiner normalen kognitiven Entwicklung beitr\u00e4gt.<\/p>\n<p>Indikation<\/p>\n<p>Wichtiger Hinweis: Nach Angaben der WHO (Nationale Gesundheitsorganisation) ist das Stillen die beste Art, ein Baby zu ern\u00e4hren, denn Muttermilch sorgt f\u00fcr eine ideal ausgewogene Ern\u00e4hrung, sch\u00fctzt das Baby vor Krankheiten und hat viele weitere Vorteile f\u00fcr das Baby und die Mutter. Wir empfehlen Ihnen, bei der Entscheidung, wie Sie Ihr Baby ern\u00e4hren sollen, den Rat Ihres Arztes oder Ihrer Kinderklinik einzuholen.<\/p>\n<p>M\u00fctter sollten au\u00dferdem Ratschl\u00e4ge zur Vorbereitung und Aufrechterhaltung der Stillzeit erhalten. Wenn Sie sich f\u00fcr das Stillen entscheiden, ist es wichtig, sich gesund und ausgewogen zu ern\u00e4hren.<\/p>\n<p>S\u00e4uglingsnahrung soll die Muttermilch ersetzen, wenn M\u00fctter nicht stillen m\u00f6chten oder aus anderen Gr\u00fcnden dazu nicht in der Lage sind. Die Entscheidung, nicht zu stillen oder teilweise Flaschen mit S\u00e4uglingsmilch einzuf\u00fchren, wird die Muttermilchproduktion verringern.<\/p>\n<p>Wenn Sie sich aus irgendeinem Grund daf\u00fcr entscheiden, nicht zu stillen, denken Sie daran, dass es schwierig sein wird, Ihre Entscheidung zu \u00e4ndern. Die Verwendung von S\u00e4uglingsanfangsnahrung hat auch soziale und finanzielle Auswirkungen, die ber\u00fccksichtigt werden m\u00fcssen. S\u00e4uglingsmilchflaschen m\u00fcssen immer wie auf der Verpackung angegeben vorbereitet, verwendet und gelagert werden, um jegliches Risiko f\u00fcr die Gesundheit des Babys zu vermeiden.<\/p>\n<p>Mit Kompliment von Nestl\u00e9.<\/p>\n<p>Kontraindikationen<br \/>\nAllergene: Milch<br \/>\nKomposition<br \/>\n\u00d6FFENTLICHKEIT \/ PATIENT, APOTHEKER, ARZT, PFLEGEHEIM, KRANKENHAUS<br \/>\nErn\u00e4hrungswerte<br \/>\nPro 100 g Pulver Pro 100 ml zubereiteter % NRV*<br \/>\nEnergie kJ\/kcal 2087\/499 279\/67<\/p>\n<p>Fett g 24 3.2<\/p>\n<p>&#8211; davon ges\u00e4ttigte Fetts\u00e4uren g 5,7 0,77<\/p>\n<p>DHA mg 125 16,8<\/p>\n<p>Kohlenhydrate g 58 7,9<\/p>\n<p>&#8211; davon Zucker g 43 5,8<\/p>\n<p>&#8211; davon St\u00e4rke g 15 2,0<\/p>\n<p>Ballaststoffe g 2,9 0,39<\/p>\n<p>Protein g 10 1.3<\/p>\n<p>Vitamine<\/p>\n<p>&nbsp;<\/p>\n<p>Vitamin A \u00b5g 420 56,5 14 %<br \/>\nVitamin D \u00b5g 12 1,7 24 %<br \/>\nVitamin E mg 10 1,4 28 %<br \/>\nVitamin K \u00b5g 36 4,8 40 %<br \/>\nVitamin C mg 80 11 24 %<br \/>\nThiamin (B1) mg 0,55 0,074 15 %<br \/>\nRiboflavin (B2) mg 1,1 0,15 21 %<br \/>\nNiacin (PP) mg 4,2 0,57 8 %<br \/>\nVitamin B6 mg 0,32 0,043 6 %<br \/>\nFols\u00e4ure mcg 140 18,8 15 %<br \/>\nVitamin B12 \u00b5g 1,3 0,18 22 %<br \/>\nBiotin \u00b5g 14 1,9 19 %<br \/>\nPantothens\u00e4ure mg 4,0 0,54 18 %<br \/>\nMineralien<\/p>\n<p>&nbsp;<\/p>\n<p>Natrium mg 180 24,2 6 %<br \/>\nKalium mg 560 75,3 8 %<br \/>\nChlorid mg 350 47,1 9 %<br \/>\nKalzium mg 540 72,6 13 %<br \/>\nPhosphor mg 300 40,3 7 %<br \/>\nMagnesium mg 52 7,0 9 %<br \/>\nEisen mg 6,0 0,81 10 %<br \/>\nZink mg 3,7 0,50 10 %<br \/>\nKupfer \u00b5g 0,40 0,054 11 %<br \/>\nMangan mg 0,18 0,024 2 %<br \/>\nFluorid \u00b5g &lt; 060 &lt; 0,0081<\/p>\n<p>Selen mg 27 3,6 18 %<br \/>\nJod mg 104 14,0 17 %<br \/>\n*% der N\u00e4hrwertreferenzwerte<\/p>\n<p>&nbsp;<\/p>\n<p>&nbsp;<\/p>\n<p>Komposition<\/p>\n<p>Zutaten: Magermilch, Molkenprotein (Milch), Kartoffelst\u00e4rke, Sonnenblumen\u00f6l, Laktose, Molkenpermeat (Milch), Galacto-Oligosaccharide (Milch), Kokos\u00f6l, s\u00e4urearmes Raps\u00f6l Erucas\u00e4ure, Calciumcitrat, Maisst\u00e4rke, Fisch\u00f6l, Kaliumcitrat, Sojalecithin, Calciumphosphat, Fructo-Oligosaccharide, Magnesiumchlorid, Natriumcitrat, Vitamine (C, E, Niacin, Pantothens\u00e4ure, A, B1, B6, B2, D, K, Fols\u00e4ure, B12, Biotin), Natriumchlorid, Eisensulfat, Zinksulfat, Bifidus-Kultur (BL), Kupfersulfat, Mangansulfat, Kaliumiodid, Natriumselenat.<\/p>","protected":false},"excerpt":{"rendered":"<p>Allgemeine Beschreibung Nestl\u00e9 NAN Satiety 2 ist eine eingedickte Folgemilch, die s\u00e4ttigend wirkt, ohne die Kalorienaufnahme zu erh\u00f6hen, und f\u00fcr Babys ab 6 Monaten gedacht ist. Tr\u00e4gt dazu bei, eine solide Grundlage f\u00fcr die Zukunft zu schaffen, dank des Zinks, das sein Immunsystem unterst\u00fctzt, und des Eisens, das zu seiner normalen kognitiven Entwicklung beitr\u00e4gt. Indikation [&hellip;]<\/p>\n","protected":false},"featured_media":38247,"template":"","meta":{"_acf_changed":false,"footnotes":""},"product_brand":[],"product_cat":[117,119,44],"product_tag":[],"class_list":{"0":"post-38246","1":"product","2":"type-product","3":"status-publish","4":"has-post-thumbnail","6":"product_cat-alimentation","7":"product_cat-laits","8":"product_cat-bebe-maman","10":"first","11":"instock","12":"taxable","13":"shipping-taxable","14":"purchasable","15":"product-type-simple"},"acf":[],"_links":{"self":[{"href":"https:\/\/www.pharmacieonline.lu\/de\/wp-json\/wp\/v2\/product\/38246","targetHints":{"allow":["GET"]}}],"collection":[{"href":"https:\/\/www.pharmacieonline.lu\/de\/wp-json\/wp\/v2\/product"}],"about":[{"href":"https:\/\/www.pharmacieonline.lu\/de\/wp-json\/wp\/v2\/types\/product"}],"version-history":[{"count":0,"href":"https:\/\/www.pharmacieonline.lu\/de\/wp-json\/wp\/v2\/product\/38246\/revisions"}],"wp:featuredmedia":[{"embeddable":true,"href":"https:\/\/www.pharmacieonline.lu\/de\/wp-json\/wp\/v2\/media\/38247"}],"wp:attachment":[{"href":"https:\/\/www.pharmacieonline.lu\/de\/wp-json\/wp\/v2\/media?parent=38246"}],"wp:term":[{"taxonomy":"product_brand","embeddable":true,"href":"https:\/\/www.pharmacieonline.lu\/de\/wp-json\/wp\/v2\/product_brand?post=38246"},{"taxonomy":"product_cat","embeddable":true,"href":"https:\/\/www.pharmacieonline.lu\/de\/wp-json\/wp\/v2\/product_cat?post=38246"},{"taxonomy":"product_tag","embeddable":true,"href":"https:\/\/www.pharmacieonline.lu\/de\/wp-json\/wp\/v2\/product_tag?post=38246"}],"curies":[{"name":"wp","href":"https:\/\/api.w.org\/{rel}","templated":true}]}}